{"id":5376,"date":"2020-01-05T18:08:53","date_gmt":"2020-01-05T18:08:53","guid":{"rendered":"http:\/\/henpartynight.com\/?post_type=product&#038;p=5376"},"modified":"2024-01-18T13:54:18","modified_gmt":"2024-01-18T13:54:18","slug":"dwarf-hire","status":"publish","type":"product","link":"https:\/\/henpartynight.com\/it\/producto\/noleggio-nano\/","title":{"rendered":"NOLEGGIO DEL FARFALLO"},"content":{"rendered":"<p>Un'occasione che ricorderete per tutta la vita, 1 ora di divertimento e movimento dinamico, la gallina e la persona minuta saranno legate, andando a spasso con il gruppo per tutta la citt\u00e0. La persona minuta dar\u00e0 una tonnellata di ombreggiature e di clamore, cos\u00ec la gallina passer\u00e0 un po' inosservata mentre il resto del gruppo girer\u00e0 in punti leggendari o pi\u00f9 tutti. Per i gruppi con genialit\u00e0 e voglia di divertirsi. Il noleggio nani \u00e8 uno dei servizi pi\u00f9 richiesti per il 2020, i nostri attori sono tra i migliori e non smetterete di ridere per un'ora, \u00e8 un buon modo per divertirsi con i nostri nani e ammanettare il vostro amico.<\/p>\n<p>Il prezzo varia a seconda della stagione e della citt\u00e0. Servizi disponibili a Barcellona, Madrid, Ibiza, Maiorca, Valencia, Tarragona, Salou, Lloret de Mar, Porto.<\/p>\n<p>Contattateci subito per verificare la disponibilit\u00e0: info@henpartynight.com o +34 604 354 224<\/p>","protected":false},"excerpt":{"rendered":"<p>Un'occasione che ricorderete per tutta la vita, 1 ora di divertimento e movimento dinamico, la gallina e la persona minuta saranno legate, andando a spasso con il gruppo per tutta la citt\u00e0. La persona minuta dar\u00e0 una tonnellata di ombreggiature e di clamore, cos\u00ec la gallina passer\u00e0 un po' inosservata mentre il resto del gruppo girer\u00e0 in punti leggendari o pi\u00f9 tutti. Per i gruppi con genialit\u00e0 e voglia di divertirsi. Il noleggio nani \u00e8 uno dei servizi pi\u00f9 richiesti per il 2020, i nostri attori sono tra i migliori e non smetterete di ridere per un'ora, \u00e8 un buon modo per divertirsi con i nostri nani e ammanettare il vostro amico.<\/p>\n<p>Il prezzo varia a seconda della stagione e della citt\u00e0. Servizi disponibili a Barcellona, Madrid, Ibiza, Maiorca, Valencia, Tarragona, Salou, Lloret de Mar, Porto.<\/p>\n<p>Contattateci subito per verificare la disponibilit\u00e0: info@henpartynight.com o +34 604 354 224<\/p>","protected":false},"featured_media":5377,"comment_status":"closed","ping_status":"closed","template":"","meta":[],"product_brand":[],"product_cat":[123],"product_tag":[164,165,163],"class_list":{"0":"post-5376","1":"product","2":"type-product","3":"status-publish","4":"has-post-thumbnail","6":"product_cat-inicio","7":"product_tag-dwarf","8":"product_tag-dwarf-hancuffed","9":"product_tag-dwarf-hire","11":"first","12":"instock","13":"shipping-taxable","14":"product-type-simple"},"aioseo_notices":[],"_links":{"self":[{"href":"https:\/\/henpartynight.com\/it\/wp-json\/wp\/v2\/product\/5376","targetHints":{"allow":["GET"]}}],"collection":[{"href":"https:\/\/henpartynight.com\/it\/wp-json\/wp\/v2\/product"}],"about":[{"href":"https:\/\/henpartynight.com\/it\/wp-json\/wp\/v2\/types\/product"}],"replies":[{"embeddable":true,"href":"https:\/\/henpartynight.com\/it\/wp-json\/wp\/v2\/comments?post=5376"}],"wp:featuredmedia":[{"embeddable":true,"href":"https:\/\/henpartynight.com\/it\/wp-json\/wp\/v2\/media\/5377"}],"wp:attachment":[{"href":"https:\/\/henpartynight.com\/it\/wp-json\/wp\/v2\/media?parent=5376"}],"wp:term":[{"taxonomy":"product_brand","embeddable":true,"href":"https:\/\/henpartynight.com\/it\/wp-json\/wp\/v2\/product_brand?post=5376"},{"taxonomy":"product_cat","embeddable":true,"href":"https:\/\/henpartynight.com\/it\/wp-json\/wp\/v2\/product_cat?post=5376"},{"taxonomy":"product_tag","embeddable":true,"href":"https:\/\/henpartynight.com\/it\/wp-json\/wp\/v2\/product_tag?post=5376"}],"curies":[{"name":"wp","href":"https:\/\/api.w.org\/{rel}","templated":true}]}}