{"id":6152,"date":"2021-01-31T15:24:13","date_gmt":"2021-01-31T15:24:13","guid":{"rendered":"https:\/\/henpartynight.com\/?page_id=6152"},"modified":"2024-04-16T09:17:15","modified_gmt":"2024-04-16T09:17:15","slug":"marbella","status":"publish","type":"page","link":"https:\/\/henpartynight.com\/it\/lotta-nel-fango-al-cioccolato\/marbella\/","title":{"rendered":"Marbella"},"content":{"rendered":"<div class=\"wpb-content-wrapper\"><div data-q_id=\"#app\"    class=\"vc_row wpb_row section vc_row-fluid  vc_custom_1455181468772 grid_section\" style=' text-align:center;'><div class=\"section_inner clearfix\"><div class='section_inner_margin clearfix'><div class=\"wpb_column vc_column_container vc_col-sm-6 vc_col-lg-offset-3 vc_col-lg-6 vc_col-md-offset-3 vc_col-md-6 vc_col-sm-offset-1\"><div class=\"vc_column-inner\"><div class=\"wpb_wrapper\">\n\t<div class=\"wpb_text_column wpb_content_element\">\n\t\t<div class=\"wpb_wrapper\">\n\t\t\t<h1 style=\"text-align: center;\">Mud Wrestling Chocolate MARBELLA &#8211; Sexy Chocolate Mud MARBELLA &#8211; Wrestlin Chocolate MARBELLA- Mud Wrestling MALAGA<\/h1>\n\n\t\t<\/div>\n\t<\/div><div class=\"separator  small center\" style=\"\"><\/div>\n\t<div class=\"wpb_text_column wpb_content_element\">\n\t\t<div class=\"wpb_wrapper\">\n\t\t\t<p>Chi non ha mai desiderato vedere due ragazze litigare all'interno di una piscina di cioccolato<strong> in <a href=\"http:\/\/STRIPPERSMARBELLA.COM\">MARBELLA<\/a> , MALAGA, BENALMADENA.<\/strong><\/p>\n<p>Participate in your fantasy for your group. Erotic and fun service, enjoy the and sweeten with chocolate on the day. service available in apartment or bar with private room in a center of <strong>MARBELLA<\/strong>.<br \/>\nAbbiamo le migliori sedi in <strong>MALAGA\u00a0<\/strong> e le migliori ragazze per rendere questa lotta nel fango i migliori servizi, un'autentica fantasia della lotta al cioccolato di queste due ragazze.<br \/>\n<strong>MARBELLA, MALAGA, BENALMADENA.<\/strong><\/p>\n\n\t\t<\/div>\n\t<\/div><\/div><\/div><\/div><\/div><\/div><\/div><div      class=\"vc_row wpb_row section vc_row-fluid  vc_custom_1455201911382 grid_section\" style='background-color:#f5f5f5; text-align:center;'><div class=\"section_inner clearfix\"><div class='section_inner_margin clearfix'><div class=\"wpb_column vc_column_container vc_col-sm-6\"><div class=\"vc_column-inner\"><div class=\"wpb_wrapper\"><div class=\"separator  small center\" style=\"\"><\/div>\n\t<div class=\"wpb_text_column wpb_content_element\">\n\t\t<div class=\"wpb_wrapper\">\n\t\t\t<h3>The Hen Party Night We have the best administrations to do a mud battle, where in our chocolate pool two young ladies will blow your creative mind, chocolate Mud Marbella.<\/h3>\n<h3>Marbella experts prompt you consistently with the goal that your occasion is novel and unique and particularly at the best cost available. We have the best administrations of Mud Chocolate WRESTLING Mallorca the oddity for the most contemplative.<\/h3>\n<h3>People for the Sexy Chocolate\u00a0 Marbella.<\/h3>\n<p><img fetchpriority=\"high\" decoding=\"async\" class=\"alignnone size-full wp-image-5287\" src=\"http:\/\/henpartynight.com\/wp-content\/uploads\/2019\/12\/chocolate.jpg\" alt=\"\" width=\"400\" height=\"270\" srcset=\"https:\/\/henpartynight.com\/wp-content\/uploads\/2019\/12\/chocolate.jpg 400w, https:\/\/henpartynight.com\/wp-content\/uploads\/2019\/12\/chocolate-300x203.jpg 300w\" sizes=\"(max-width: 400px) 100vw, 400px\" \/><\/p>\n\n\t\t<\/div>\n\t<\/div><div class=\"separator  transparent\" style=\"margin-top: 35px;margin-bottom: 0px;height: 0px;\"><\/div>\n\t<div class=\"wpb_text_column wpb_content_element\">\n\t\t<div class=\"wpb_wrapper\">\n\t\t\t<p>Tutto e una battaglia finisce dentro il fango tra 2 ragazze, perch\u00e9 non lo stanno trasformando per <strong>MUD CHOCOLATE WRESTLING MARBELLA.<\/strong><\/p>\n<p>\u00c8 fantastico osservare la battaglia tra due donne in <strong>chocolate Mud Marbella.<\/strong><\/p>\n<p>In ogni caso, siamo molto pronti a ricostruire il nostro calibro dopo aver afferrato 2 meravigliosi compagni con il consolidamento generale.<\/p>\n<p>In modo brusco, la metodologia di lotta nel fango \u00e8 rivoluzionaria e aggrega ogni luogo non \u00e8 successivamente maledetto il meno complesso cornea <strong>Chocolate Mud Malaga.<\/strong><\/p>\n<p>Vedrete 2 partner che si occupano di una forte propriet\u00e0 terriera.<\/p>\n<p>Il collezionista e i suoi associati possono valutare i membri della famiglia e i loro beni delegati in una battaglia intermedia sporca.<\/p>\n<p>This is very expelled from the kind of expert wrestling you will have thought about in Wrestling Malaga.<\/p>\n<p>The best horny Chocolate Mud Wrestling Marbella is the best administrations in Henpartynight.<\/p>\n<p>Ci sono separati da giovani uomini CHE impazziscono per analizzare queste 2 donne che si battono in cioccolato o fango, stiamo per farvi arrivare alla gioia.<\/p>\n<p>Voi e i vostri amici non avrete la determinazione necessaria per irritare le lampade dell'ingegno. <strong>Mud Wrestling Chocolate Marbella<\/strong> \u00e8 che lo stile di lavoro che si pu\u00f2 semplicemente fare esclusivamente durante un cervido, in questo modo \u00e8 ottimale per modellare il primo del vostro evento.<\/p>\n<p>Inoltre, non \u00e8 detto che si tratti esclusivamente di una gioia di rassicurazione: in zone sconfinate i cervidi saranno avvolti; tuttavia, attenzione, questi sangue blu si faranno la guerra tutti insieme per far s\u00ec che ogni aggiustamento che strapperanno sar\u00e0 lasciato da un trucco.<\/p>\n<p>Ricordate che ci\u00f2 che avviene nel cioccolato rimane nel cioccolato!<\/p>\n<p>Libro-it <strong>Mud Chocolate Wrestling Marbella.<\/strong><\/p>\n\n\t\t<\/div>\n\t<\/div><div class=\"separator  transparent\" style=\"margin-top: 39px;margin-bottom: 0px;height: 0px;\"><\/div><a  itemprop=\"url\" href=\"https:\/\/henpartynight.com\/it\/contatto-addio-al-nubilato\/\" target=\"_self\"  class=\"qbutton  medium white default\" style=\"\">Chiedete il vostro budget senza impegno<\/a><div class=\"separator  transparent\" style=\"margin-top: 53px;margin-bottom: 0px;height: 0px;\"><\/div><\/div><\/div><\/div><div class=\"wpb_column vc_column_container vc_col-sm-6\"><div class=\"vc_column-inner\"><div class=\"wpb_wrapper\"><div class=\"separator  transparent\" style=\"margin-top: 4px;margin-bottom: 0px;height: 0px;\"><\/div>\n\t<div class=\"wpb_single_image wpb_content_element vc_align_center\">\n\t\t<div class=\"wpb_wrapper\">\n\t\t\t\n\t\t\t<div class=\"vc_single_image-wrapper   vc_box_border_grey\"><img decoding=\"async\" width=\"150\" height=\"150\" data-src=\"https:\/\/henpartynight.com\/wp-content\/uploads\/2017\/06\/HenPartyNight-150x150.png\" class=\"vc_single_image-img attachment-thumbnail lazyload\" alt=\"\" title=\"Serata di addio al nubilato\" data-srcset=\"https:\/\/henpartynight.com\/wp-content\/uploads\/2017\/06\/HenPartyNight-150x150.png 150w, https:\/\/henpartynight.com\/wp-content\/uploads\/2017\/06\/HenPartyNight-300x300.png 300w, https:\/\/henpartynight.com\/wp-content\/uploads\/2017\/06\/HenPartyNight-100x100.png 100w, https:\/\/henpartynight.com\/wp-content\/uploads\/2017\/06\/HenPartyNight-570x570.png 570w, https:\/\/henpartynight.com\/wp-content\/uploads\/2017\/06\/HenPartyNight-500x500.png 500w\" data-sizes=\"(max-width: 150px) 100vw, 150px\" src=\"data:image\/svg+xml;base64,PHN2ZyB3aWR0aD0iMSIgaGVpZ2h0PSIxIiB4bWxucz0iaHR0cDovL3d3dy53My5vcmcvMjAwMC9zdmciPjwvc3ZnPg==\" style=\"--smush-placeholder-width: 150px; --smush-placeholder-aspect-ratio: 150\/150;\" \/><\/div>\n\t\t<\/div>\n\t<\/div>\n\n\t<div class=\"wpb_text_column wpb_content_element\">\n\t\t<div class=\"wpb_wrapper\">\n\t\t\t\n<div class=\"wpcf7 no-js\" id=\"wpcf7-f8800-o1\" lang=\"es-ES\" dir=\"ltr\" data-wpcf7-id=\"8800\">\n<div class=\"screen-reader-response\"><p role=\"status\" aria-live=\"polite\" aria-atomic=\"true\"><\/p> <ul><\/ul><\/div>\n<form action=\"\/it\/wp-json\/wp\/v2\/pages\/6152#wpcf7-f8800-o1\" method=\"post\" class=\"wpcf7-form init\" aria-label=\"Formulario de contacto\" novalidate=\"novalidate\" data-status=\"init\" data-trp-original-action=\"\/it\/wp-json\/wp\/v2\/pages\/6152#wpcf7-f8800-o1\">\n<fieldset class=\"hidden-fields-container\"><input type=\"hidden\" name=\"_wpcf7\" value=\"8800\" \/><input type=\"hidden\" name=\"_wpcf7_version\" value=\"6.1.5\" \/><input type=\"hidden\" name=\"_wpcf7_locale\" value=\"es_ES\" \/><input type=\"hidden\" name=\"_wpcf7_unit_tag\" value=\"wpcf7-f8800-o1\" \/><input type=\"hidden\" name=\"_wpcf7_container_post\" value=\"0\" \/><input type=\"hidden\" name=\"_wpcf7_posted_data_hash\" value=\"\" \/><input type=\"hidden\" name=\"_wpcf7_recaptcha_response\" value=\"\" \/>\n<\/fieldset>\n<label> Nome (obbligatorio)\n    <span class=\"wpcf7-form-control-wrap\" data-name=\"your-name\"><input size=\"40\" maxlength=\"400\" class=\"wpcf7-form-control wpcf7-text wpcf7-validates-as-required\" aria-required=\"true\" aria-invalid=\"false\" value=\"\" type=\"text\" name=\"your-name\" \/><\/span> <\/label>\n\n<label> Il vostro indirizzo e-mail (obbligatorio)\n    <span class=\"wpcf7-form-control-wrap\" data-name=\"your-email\"><input size=\"40\" maxlength=\"400\" class=\"wpcf7-form-control wpcf7-email wpcf7-validates-as-required wpcf7-text wpcf7-validates-as-email\" aria-required=\"true\" aria-invalid=\"false\" value=\"\" type=\"email\" name=\"your-email\" \/><\/span> <\/label>\n\n<label> Il vostro telefono + codice paese (obbligatorio)\n<span class=\"wpcf7-form-control-wrap\" data-name=\"telefono\"><input size=\"40\" maxlength=\"400\" class=\"wpcf7-form-control wpcf7-tel wpcf7-validates-as-required wpcf7-text wpcf7-validates-as-tel\" aria-required=\"true\" aria-invalid=\"false\" placeholder=\"Esempio-+336xxxxx\" value=\"\" type=\"tel\" name=\"telefono\" \/><\/span> <\/label>\n\n<label> SERVIZIO DI DESTINAZIONE (obbligatorio)\n   <span class=\"wpcf7-form-control-wrap\" data-name=\"City\"><select class=\"wpcf7-form-control wpcf7-select wpcf7-validates-as-required\" aria-required=\"true\" aria-invalid=\"false\" name=\"City\"><option value=\"Barcelona\">Barcellona<\/option><option value=\"Madrid\">Madrid<\/option><option value=\"Ibiza\">Ibiza<\/option><option value=\"Mallorca\">Maiorca<\/option><option value=\"Marbella\">Marbella<\/option><option value=\"Valencia\">Valencia<\/option><option value=\"Sitges\">Sitges<\/option><option value=\"Lloret de Mar\">Lloret de Mar<\/option><option value=\"Benidorm\">Benidorm<\/option><option value=\"Oporto\">Porto<\/option><option value=\"Albuferia\">Albuferia<\/option><option value=\"Lisbon\">Lisbona<\/option><option value=\"Warsaw\">Varsavia<\/option><\/select><\/span> <\/label>\n\n<label> Servizio\n    <span class=\"wpcf7-form-control-wrap\" data-name=\"Service\"><select class=\"wpcf7-form-control wpcf7-select wpcf7-validates-as-required\" aria-required=\"true\" aria-invalid=\"false\" name=\"Service\"><option value=\"Cheeky Butler\">Maggiordomo sfacciato<\/option><option value=\"Cocktail Class\">Classe Cocktail<\/option><option value=\"Stripper\">Spogliarellista<\/option><option value=\"Boat Party\">Festa in barca<\/option><option value=\"Dwarf\">Nano<\/option><option value=\"Limousines\">Limousine<\/option><option value=\"Life Drawing\">Disegno dal vero<\/option><option value=\"Bar Crawl\">Bar Crawl<\/option><option value=\"Mud Wrestling\">Lotta nel fango<\/option><option value=\"Wedding Planning\">Pianificazione del matrimonio<\/option><\/select><\/span> <\/label>\n\n<label> Number of people (required)\n<span class=\"wpcf7-form-control-wrap\" data-name=\"People\"><select class=\"wpcf7-form-control wpcf7-select wpcf7-validates-as-required\" aria-required=\"true\" aria-invalid=\"false\" name=\"People\"><option value=\"1\">1<\/option><option value=\"2\">2<\/option><option value=\"3\">3<\/option><option value=\"4\">4<\/option><option value=\"5\">5<\/option><option value=\"6\">6<\/option><option value=\"7\">7<\/option><option value=\"8\">8<\/option><option value=\"9\">9<\/option><option value=\"10\">10<\/option><option value=\"11\">11<\/option><option value=\"12\">12<\/option><option value=\"13\">13<\/option><option value=\"14\">14<\/option><option value=\"15\">15<\/option><option value=\"16\">16<\/option><option value=\"17\">17<\/option><option value=\"18\">18<\/option><option value=\"19\">19<\/option><option value=\"20\">20<\/option><option value=\"21\">21<\/option><option value=\"22\">22<\/option><option value=\"23\">23<\/option><option value=\"24\">24<\/option><option value=\"25\">25<\/option><option value=\"26\">26<\/option><option value=\"27\">27<\/option><option value=\"28\">28<\/option><option value=\"29\">29<\/option><option value=\"30\">30<\/option><option value=\"M\u00e1s de 30\">M\u00e1s de 30<\/option><\/select><\/span> <\/label>\n\n<label> Event date (required)\n<span class=\"wpcf7-form-control-wrap\" data-name=\"date\"><input class=\"wpcf7-form-control wpcf7-date wpcf7-validates-as-required wpcf7-validates-as-date\" aria-required=\"true\" aria-invalid=\"false\" value=\"\" type=\"date\" name=\"date\" \/><\/span> <\/label>\n\n<label> Messaggio\n    <span class=\"wpcf7-form-control-wrap\" data-name=\"your-message\"><textarea cols=\"40\" rows=\"10\" maxlength=\"2000\" class=\"wpcf7-form-control wpcf7-textarea\" aria-invalid=\"false\" name=\"your-message\"><\/textarea><\/span> <\/label>\n\nInput this code: <input type=\"hidden\" name=\"_wpcf7_captcha_challenge_captcha-170\" value=\"2214953827\" \/><img decoding=\"async\" class=\"wpcf7-form-control wpcf7-captchac wpcf7-captcha-captcha-170 lazyload\" width=\"72\" height=\"24\" alt=\"captcha\" data-src=\"https:\/\/henpartynight.com\/wp-content\/uploads\/wpcf7_captcha\/2214953827.png\" src=\"data:image\/svg+xml;base64,PHN2ZyB3aWR0aD0iMSIgaGVpZ2h0PSIxIiB4bWxucz0iaHR0cDovL3d3dy53My5vcmcvMjAwMC9zdmciPjwvc3ZnPg==\" style=\"--smush-placeholder-width: 72px; --smush-placeholder-aspect-ratio: 72\/24;\" \/>\n<span class=\"wpcf7-form-control-wrap\" data-name=\"captcha-170\"><input size=\"4\" maxlength=\"4\" class=\"wpcf7-form-control wpcf7-captchar\" autocomplete=\"off\" aria-invalid=\"false\" value=\"\" type=\"text\" name=\"captcha-170\" \/><\/span>\n\n<br><span><span class=\"wpcf7-form-control-wrap\" data-name=\"acceptance-279\"><span class=\"wpcf7-form-control wpcf7-acceptance\"><span class=\"wpcf7-list-item\"><input type=\"checkbox\" name=\"acceptance-279\" value=\"1\" aria-invalid=\"false\" \/><\/span><\/span><\/span> Ho letto e accetto il <a target=\"_blank\" rel=\"nofollow noopener noreferrer\" href=\"https:\/\/henpartynight.com\/it\/avisos-legales\/\">Consulente legale<\/a> y la <a target=\"_blank\" rel=\"nofollow noopener noreferrer\" href=\"https:\/\/henpartynight.com\/it\/politica-de-privacidad\/\">Informativa sulla privacy<\/a>.<\/span><br><input class=\"wpcf7-form-control wpcf7-submit has-spinner\" type=\"submit\" value=\"Inviare\" \/><div class=\"wpcf7-response-output\" aria-hidden=\"true\"><\/div>\n<input type=\"hidden\" name=\"trp-form-language\" value=\"it\"\/><\/form>\n<\/div>\n\n\n\t\t<\/div>\n\t<\/div><\/div><\/div><\/div><\/div><\/div><\/div><div   data-q_id=\"#features\"    class=\"vc_row wpb_row section vc_row-fluid  vc_custom_1455202688560 grid_section\" style='background-color:#f5f5f5; text-align:left;'><div class=\"section_inner clearfix\"><div class='section_inner_margin clearfix'><div class=\"wpb_column vc_column_container vc_col-sm-4\"><div class=\"vc_column-inner\"><div class=\"wpb_wrapper\"><div class='q_icon_with_title tiny normal_icon'><div class=\"icon_holder\" style=\" \"><span data-icon-type=\"normal\"  data-icon-hover-color=\"#1abc9c\" style=\"font-size: 60px;\" class=\"qode_iwt_icon_holder q_font_awsome_icon fa-lg\"><i class=\"qodef-icon-linea-icon icon-basic-cloud qode_iwt_icon_element\" style=\"color: #b7b7b7;\" ><\/i><\/span><\/div><div class=\"icon_text_holder\" style=\"padding-left:70px;\"><div class=\"icon_text_inner\" style=\"\"><h4 class=\"icon_title\" style=\"\">Festa di addio al nubilato<\/h4><p style=''>Abbiamo l'esperienza di organizzare migliaia e migliaia di addii, dando alla sposa il miglior addio possibile, il tutto senza la tensione di trovare i migliori hotel e le migliori cose da fare, al miglior prezzo possibile.<\/p><\/div><\/div><\/div><\/div><\/div><\/div><div class=\"wpb_column vc_column_container vc_col-sm-4\"><div class=\"vc_column-inner\"><div class=\"wpb_wrapper\"><div class='q_icon_with_title tiny normal_icon'><div class=\"icon_holder\" style=\" \"><span data-icon-type=\"normal\"  data-icon-hover-color=\"#1abc9c\" style=\"font-size: 60px;\" class=\"qode_iwt_icon_holder q_font_awsome_icon fa-lg\"><i class=\"qodef-icon-linea-icon icon-basic-flag2 qode_iwt_icon_element\" style=\"color: #b7b7b7;\" ><\/i><\/span><\/div><div class=\"icon_text_holder\" style=\"padding-left:70px;\"><div class=\"icon_text_inner\" style=\"\"><h4 class=\"icon_title\" style=\"\">Addio al celibato<\/h4><p style=''>Abbiamo l'esperienza di organizzare migliaia e migliaia di addii, dando allo sposo il miglior addio possibile, il tutto senza la tensione di trovare i migliori hotel e le migliori cose da fare, al miglior prezzo possibile.<\/p><\/div><\/div><\/div><\/div><\/div><\/div><div class=\"wpb_column vc_column_container vc_col-sm-4\"><div class=\"vc_column-inner\"><div class=\"wpb_wrapper\"><div class='q_icon_with_title tiny normal_icon'><div class=\"icon_holder\" style=\" \"><span data-icon-type=\"normal\"  data-icon-hover-color=\"#1abc9c\" style=\"font-size: 60px;\" class=\"qode_iwt_icon_holder q_font_awsome_icon fa-lg\"><i class=\"qodef-icon-linea-icon icon-basic-chronometer qode_iwt_icon_element\" style=\"color: #b7b7b7;\" ><\/i><\/span><\/div><div class=\"icon_text_holder\" style=\"padding-left:70px;\"><div class=\"icon_text_inner\" style=\"\"><h4 class=\"icon_title\" style=\"\">Eventi<\/h4><p style=''>HEN PARTY NIGHT organizza e gestisce tutti i servizi per l'organizzazione di eventi, qualunque sia la vostra esigenza e il vostro budget, in pacchetti personalizzati. Abbiamo gestito centinaia di eventi, sia familiari che professionali e sociali. Mettiamo a vostra disposizione tutta questa enorme esperienza coordinando un team di aziende di primo livello che lavorano con spirito di collaborazione.<\/p><\/div><\/div><\/div><\/div><\/div><\/div><\/div><\/div><\/div><section   data-q_id=\"#download\"    data-speed=\"1\" class=\"parallax_section_holder lazyload\" style = \" height:px; background-image:inherit;\" data-bg-image=\"url(&#039;https:\/\/henpartynight.com\/wp-content\/uploads\/2016\/02\/parallax2.jpg&#039;)\"><div class=\"parallax_content_full_width center\" ><div class='parallax_section_inner_margin clearfix'><div class=\"wpb_column vc_column_container vc_col-sm-12\"><div class=\"vc_column-inner vc_custom_1455031145900\"><div class=\"wpb_wrapper\"><div class=\"custom_font_holder\" style=\"font-family: Raleway; font-size: 126px; line-height: 126px; font-style: normal; font-weight: 700; color: #ffffff; text-decoration: none; letter-spacing: 0px; text-align: center;\">Contatto<\/div><div class=\"separator  transparent\" style=\"margin-top: 24px;margin-bottom: 0px;height: 0px;\"><\/div><div class='image_hover' style='' data-transition-delay=''><div class='images_holder'><a itemprop='url' href='https:\/\/henpartynight.com\/it\/contatto-addio-al-nubilato\/' target='_self'><img itemprop='image' class='active_image lazyload' data-src='https:\/\/henpartynight.com\/wp-content\/uploads\/2016\/02\/contacto-e1497858602971.png' alt='Main Image' src='data:image\/svg+xml;base64,PHN2ZyB3aWR0aD0iMSIgaGVpZ2h0PSIxIiB4bWxucz0iaHR0cDovL3d3dy53My5vcmcvMjAwMC9zdmciPjwvc3ZnPg==' style='--smush-placeholder-width: 451px; --smush-placeholder-aspect-ratio: 451\/200;' \/><img itemprop='image' class='hover_image lazyload' data-src='https:\/\/henpartynight.com\/wp-content\/uploads\/2016\/02\/contacto-e1497858602971.png' alt='Hover Image' src='data:image\/svg+xml;base64,PHN2ZyB3aWR0aD0iMSIgaGVpZ2h0PSIxIiB4bWxucz0iaHR0cDovL3d3dy53My5vcmcvMjAwMC9zdmciPjwvc3ZnPg==' style='--smush-placeholder-width: 451px; --smush-placeholder-aspect-ratio: 451\/200;' \/><\/a><\/div><\/div><\/div><\/div><\/div><\/div><\/div><\/section>\n<\/div>","protected":false},"excerpt":{"rendered":"Mud Wrestling Chocolate MARBELLA - Sexy Chocolate Mud MARBELLA - Wrestlin Chocolate MARBELLA- Mud Wrestling MALAGA Who has never wanted to see two girls fighting inside a chocolate pool in MARBELLA , MALAGA, BENALMADENA. Participate in your fantasy for your group. Erotic and fun service,...","protected":false},"author":6,"featured_media":5287,"parent":5281,"menu_order":0,"comment_status":"closed","ping_status":"closed","template":"full_width.php","meta":{"footnotes":""},"class_list":["post-6152","page","type-page","status-publish","has-post-thumbnail","hentry"],"aioseo_notices":[],"_links":{"self":[{"href":"https:\/\/henpartynight.com\/it\/wp-json\/wp\/v2\/pages\/6152","targetHints":{"allow":["GET"]}}],"collection":[{"href":"https:\/\/henpartynight.com\/it\/wp-json\/wp\/v2\/pages"}],"about":[{"href":"https:\/\/henpartynight.com\/it\/wp-json\/wp\/v2\/types\/page"}],"author":[{"embeddable":true,"href":"https:\/\/henpartynight.com\/it\/wp-json\/wp\/v2\/users\/6"}],"replies":[{"embeddable":true,"href":"https:\/\/henpartynight.com\/it\/wp-json\/wp\/v2\/comments?post=6152"}],"version-history":[{"count":5,"href":"https:\/\/henpartynight.com\/it\/wp-json\/wp\/v2\/pages\/6152\/revisions"}],"predecessor-version":[{"id":13176,"href":"https:\/\/henpartynight.com\/it\/wp-json\/wp\/v2\/pages\/6152\/revisions\/13176"}],"up":[{"embeddable":true,"href":"https:\/\/henpartynight.com\/it\/wp-json\/wp\/v2\/pages\/5281"}],"wp:featuredmedia":[{"embeddable":true,"href":"https:\/\/henpartynight.com\/it\/wp-json\/wp\/v2\/media\/5287"}],"wp:attachment":[{"href":"https:\/\/henpartynight.com\/it\/wp-json\/wp\/v2\/media?parent=6152"}],"curies":[{"name":"wp","href":"https:\/\/api.w.org\/{rel}","templated":true}]}}