{"id":5630,"date":"2020-04-15T17:22:45","date_gmt":"2020-04-15T17:22:45","guid":{"rendered":"http:\/\/henpartynight.com\/?page_id=5630"},"modified":"2024-10-08T09:23:55","modified_gmt":"2024-10-08T09:23:55","slug":"terms-conditions","status":"publish","type":"page","link":"https:\/\/henpartynight.com\/it\/termini-e-condizioni\/","title":{"rendered":"TERMINI E CONDIZIONI"},"content":{"rendered":"<p>1. DATI GENERALI<\/p>\n<p><strong>Nome della societ\u00e0:<\/strong>\u00a0NON C'\u00c8 DI CHE, DMC, SL<\/p>\n<p><strong>Numero di iscrizione alla Camera di Commercio:<\/strong>\u00a0CIF B67592246<\/p>\n<p><strong>Sede centrale:<\/strong> Avenida Barcelona 57 , entresuelo despacho 6.  CP 08191 Rubi ( Barcellona ).<\/p>\n<p><strong>Telefono:<\/strong>\u00a0+34604354224<\/p>\n<p><strong>E-mail:<\/strong>\u00a0info@henpartynight.com<\/p>\n<p>2. CONDIZIONI DI PROMOZIONE, VENDITA DI SERVIZI, ATTIVIT\u00c0 E PACCHETTI<\/p>\n<p>Le condizioni per la contrattazione di tutti i servizi, attivit\u00e0 e pacchetti saranno inviate per iscritto e sono stabilite dai fornitori di servizi e dalle condizioni speciali stabilite in qualit\u00e0 di organizzatore e\/o commissario di Your Welcome DMC, SL.<\/p>\n<p>3. PRENOTAZIONI<\/p>\n<p>Tutti i gruppi effettueranno un deposito a garanzia del servizio, dell'attivit\u00e0 o del pacchetto contrattato; il resto del pagamento sar\u00e0 effettuato come concordato nelle condizioni che avrete per iscritto via e-mail di questi servizi. Quando prenotate con noi, accettate di pagare i prezzi e le condizioni indicati al momento della prenotazione. Se non pagherete l'intero importo entro i termini stabiliti, la prenotazione sar\u00e0 automaticamente annullata e avremo il diritto di trattenere il deposito effettuato per l'intero importo della prenotazione. In questo caso, il cliente sar\u00e0 responsabile della cancellazione. Se il numero di partecipanti inclusi nel pacchetto, servizio o prodotto inizialmente prenotato non viene raggiunto, coloro che hanno confermato il proprio posto ed effettuato la prenotazione possono essere obbligati a pagare l'intero importo del pacchetto al fine di mantenere tutti i servizi, prodotti o pacchetti contrattati come indicato nella prenotazione.<\/p>\n<p>4. METODI DI PAGAMENTO<\/p>\n<p>I pagamenti e le prenotazioni saranno effettuati tramite bonifico bancario sul numero di conto corrente allegato alla mail con le condizioni; \u00e8 possibile pagare anche con carta di credito o bancomat dal sito web.<\/p>\n<p>5. MODIFICHE E CANCELLAZIONI<\/p>\n<p><strong>Costi di gestione<\/strong> , In all cases of modification, total or partial cancellation, a financial penalty will be charged as a \u00abmanagement fee\u00bb, with a minimum penalty of 50% of the total service, activity or pack contracted .<br \/>\n<strong>14 days before the reservation, no cancellation will be accepted, losing 100% of the deposit of the reserved amount, modifications will not be allowed and it will be considered cancellation.<\/strong><\/p>\n<p><strong>Nessuna presentazione o ritardo del cliente<\/strong>\u00a0Si avr\u00e0 una mancanza di presentazione se il consumatore non si presenta puntualmente e all'ora prevista e non d\u00e0 un preavviso sufficiente della sua assenza o del suo ritardo. In questo caso perde il diritto al servizio e al rimborso delle somme consegnate e continua a essere obbligato a pagare quelle in attesa di pagamento.<\/p>\n<p>Se si verifica un reclamo o un problema durante il servizio, l'attivit\u00e0 o il pacchetto, \u00e8 necessario chiamare immediatamente il rappresentante di Youre welcome DMC SL al numero di emergenza indicato sul vostro itinerario. Se non chiamerete per segnalare eventuali problemi o questioni da risolvere, non saremo ritenuti responsabili per tali reclami.<\/p>\n<p>6. CLAIMI<\/p>\n<p>Qualsiasi reclamo tra i servizi prenotati e quelli ricevuti deve essere comunicato per iscritto sia a Youre Welcome DMC SL sia all'ente che fornisce il servizio finale. A tal fine, sono disponibili il nostro indirizzo e-mail info@henpartynight.com, il numero di telefono del rappresentante commerciale assegnato all'agenzia e i corrispondenti moduli di reclamo del fornitore del servizio finale. Tutti i servizi, le attivit\u00e0 o i pacchetti prenotati da questa agenzia possono essere soggetti a possibili variazioni o modifiche per motivi indipendenti dalla volont\u00e0 dell'agenzia. In questo caso, l'agenzia cercher\u00e0 di fornire i servizi pi\u00f9 simili a quelli contrattati, informando i clienti per quanto possibile.<\/p>\n<p>In caso di annullamento del servizio, dell'attivit\u00e0 o del pacchetto per \"cause di forza maggiore\", l'agenzia restituir\u00e0 al cliente l'importo ricevuto per effettuare il deposito meno le spese di gestione.<\/p>\n<p>&nbsp;<\/p>\n<p>&nbsp;<\/p>","protected":false},"excerpt":{"rendered":"<p>1. GENERAL DATA Company name:\u00a0YOURE WELCOME DMC , SL Chamber of Commerce registration number:\u00a0CIF B67592246 Head office: Avenida Barcelona 57 , entresuelo despacho 6.\u00a0 CP 08191 Rubi ( Barcelona ). Telephone:\u00a0+34604354224 Email:\u00a0info@henpartynight.com 2. CONDITIONS OF PROMOTION , SALE OF SERVICES , ACTIVITIES AND PACKS The&#8230;<\/p>","protected":false},"author":6,"featured_media":0,"parent":0,"menu_order":0,"comment_status":"closed","ping_status":"closed","template":"","meta":{"footnotes":""},"class_list":["post-5630","page","type-page","status-publish","hentry"],"aioseo_notices":[],"_links":{"self":[{"href":"https:\/\/henpartynight.com\/it\/wp-json\/wp\/v2\/pages\/5630","targetHints":{"allow":["GET"]}}],"collection":[{"href":"https:\/\/henpartynight.com\/it\/wp-json\/wp\/v2\/pages"}],"about":[{"href":"https:\/\/henpartynight.com\/it\/wp-json\/wp\/v2\/types\/page"}],"author":[{"embeddable":true,"href":"https:\/\/henpartynight.com\/it\/wp-json\/wp\/v2\/users\/6"}],"replies":[{"embeddable":true,"href":"https:\/\/henpartynight.com\/it\/wp-json\/wp\/v2\/comments?post=5630"}],"version-history":[{"count":6,"href":"https:\/\/henpartynight.com\/it\/wp-json\/wp\/v2\/pages\/5630\/revisions"}],"predecessor-version":[{"id":14270,"href":"https:\/\/henpartynight.com\/it\/wp-json\/wp\/v2\/pages\/5630\/revisions\/14270"}],"wp:attachment":[{"href":"https:\/\/henpartynight.com\/it\/wp-json\/wp\/v2\/media?parent=5630"}],"curies":[{"name":"wp","href":"https:\/\/api.w.org\/{rel}","templated":true}]}}