{"id":5386,"date":"2020-01-05T18:45:09","date_gmt":"2020-01-05T18:45:09","guid":{"rendered":"http:\/\/henpartynight.com\/?post_type=product&#038;p=5386"},"modified":"2024-01-18T13:54:17","modified_gmt":"2024-01-18T13:54:17","slug":"accommodation","status":"publish","type":"product","link":"https:\/\/henpartynight.com\/fr\/producto\/accommodation\/","title":{"rendered":"H\u00c9BERGEMENT"},"content":{"rendered":"<h1 style=\"text-align: center;\">ACCOMODATION\u00a0 HENDO- BACHELORETTE ACCOMODATION<\/h1>\n<p style=\"text-align: center;\">We have the best accommodations, from Hostels, Apartments or hotels from 3 to 5 stars.<br \/>\nWith the best guarantees from the leading agency Henpartynight, the sooner we book the accommodation the sooner we will have the best rate.<\/p>\n<p>Contactez-nous d\u00e8s maintenant pour v\u00e9rifier la disponibilit\u00e9 : info@henpartynight.com ou +34 604 354 224<\/p>","protected":false},"excerpt":{"rendered":"<p style=\"text-align: center;\">We have the best accommodations, from Hostels, Apartments or hotels from 3 to 5 stars.<br \/>\nWith the best guarantees from the leading agency Henpartynight, the sooner we book the accommodation the sooner we will have the best rate.<\/p>\n<p>Contactez-nous d\u00e8s maintenant pour v\u00e9rifier la disponibilit\u00e9 : info@henpartynight.com ou +34 604 354 224<\/p>","protected":false},"featured_media":5388,"comment_status":"closed","ping_status":"closed","template":"","meta":[],"product_brand":[],"product_cat":[123],"product_tag":[172,175,174,173],"class_list":{"0":"post-5386","1":"product","2":"type-product","3":"status-publish","4":"has-post-thumbnail","6":"product_cat-inicio","7":"product_tag-accomodation","8":"product_tag-accomodation-hen-do","9":"product_tag-bachelor-accomodation","10":"product_tag-bachelorette-acomodattion","12":"first","13":"instock","14":"shipping-taxable","15":"product-type-simple"},"aioseo_notices":[],"_links":{"self":[{"href":"https:\/\/henpartynight.com\/fr\/wp-json\/wp\/v2\/product\/5386","targetHints":{"allow":["GET"]}}],"collection":[{"href":"https:\/\/henpartynight.com\/fr\/wp-json\/wp\/v2\/product"}],"about":[{"href":"https:\/\/henpartynight.com\/fr\/wp-json\/wp\/v2\/types\/product"}],"replies":[{"embeddable":true,"href":"https:\/\/henpartynight.com\/fr\/wp-json\/wp\/v2\/comments?post=5386"}],"wp:featuredmedia":[{"embeddable":true,"href":"https:\/\/henpartynight.com\/fr\/wp-json\/wp\/v2\/media\/5388"}],"wp:attachment":[{"href":"https:\/\/henpartynight.com\/fr\/wp-json\/wp\/v2\/media?parent=5386"}],"wp:term":[{"taxonomy":"product_brand","embeddable":true,"href":"https:\/\/henpartynight.com\/fr\/wp-json\/wp\/v2\/product_brand?post=5386"},{"taxonomy":"product_cat","embeddable":true,"href":"https:\/\/henpartynight.com\/fr\/wp-json\/wp\/v2\/product_cat?post=5386"},{"taxonomy":"product_tag","embeddable":true,"href":"https:\/\/henpartynight.com\/fr\/wp-json\/wp\/v2\/product_tag?post=5386"}],"curies":[{"name":"wp","href":"https:\/\/api.w.org\/{rel}","templated":true}]}}