{"id":5376,"date":"2020-01-05T18:08:53","date_gmt":"2020-01-05T18:08:53","guid":{"rendered":"http:\/\/henpartynight.com\/?post_type=product&#038;p=5376"},"modified":"2024-01-18T13:54:18","modified_gmt":"2024-01-18T13:54:18","slug":"dwarf-hire","status":"publish","type":"product","link":"https:\/\/henpartynight.com\/fr\/producto\/dwarf-hire\/","title":{"rendered":"LOCATION D'ARMES \u00c0 FEU"},"content":{"rendered":"<p>Occasion that you will recollect for your entire life, 1 hour of fun and dynamic movement, the hen and the diminutive person will be bound, going for a stroll with the gathering all through the city. Diminutive person will give a ton of shading and clamor, so the hen passes a little disgrace while the remainder of the gathering shot in legendary spots or more all. For bunches with geniality and want to have a great time. Dwarf Hire is one of the most requested services for 2020, our actors are among the best and you will not stop laughing for an hour, is a good way to enjoy with our dwarf and handcuff your friend.<\/p>\n<p>The price will vary according to the season and the city. Services available in Barcelona, Madrid, Ibiza, Mallorca, Valencia, Tarragona, Salou, Lloret de Mar,Porto.<\/p>\n<p>Contactez-nous d\u00e8s maintenant pour v\u00e9rifier la disponibilit\u00e9 : info@henpartynight.com ou +34 604 354 224<\/p>","protected":false},"excerpt":{"rendered":"<p>Occasion that you will recollect for your entire life, 1 hour of fun and dynamic movement, the hen and the diminutive person will be bound, going for a stroll with the gathering all through the city. Diminutive person will give a ton of shading and clamor, so the hen passes a little disgrace while the remainder of the gathering shot in legendary spots or more all. For bunches with geniality and want to have a great time. Dwarf Hire is one of the most requested services for 2020, our actors are among the best and you will not stop laughing for an hour, is a good way to enjoy with our dwarf and handcuff your friend.<\/p>\n<p>The price will vary according to the season and the city. Services available in Barcelona, Madrid, Ibiza, Mallorca, Valencia, Tarragona, Salou, Lloret de Mar,Porto.<\/p>\n<p>Contactez-nous d\u00e8s maintenant pour v\u00e9rifier la disponibilit\u00e9 : info@henpartynight.com ou +34 604 354 224<\/p>","protected":false},"featured_media":5377,"comment_status":"closed","ping_status":"closed","template":"","meta":[],"product_brand":[],"product_cat":[123],"product_tag":[164,165,163],"class_list":{"0":"post-5376","1":"product","2":"type-product","3":"status-publish","4":"has-post-thumbnail","6":"product_cat-inicio","7":"product_tag-dwarf","8":"product_tag-dwarf-hancuffed","9":"product_tag-dwarf-hire","11":"first","12":"instock","13":"shipping-taxable","14":"product-type-simple"},"aioseo_notices":[],"_links":{"self":[{"href":"https:\/\/henpartynight.com\/fr\/wp-json\/wp\/v2\/product\/5376","targetHints":{"allow":["GET"]}}],"collection":[{"href":"https:\/\/henpartynight.com\/fr\/wp-json\/wp\/v2\/product"}],"about":[{"href":"https:\/\/henpartynight.com\/fr\/wp-json\/wp\/v2\/types\/product"}],"replies":[{"embeddable":true,"href":"https:\/\/henpartynight.com\/fr\/wp-json\/wp\/v2\/comments?post=5376"}],"wp:featuredmedia":[{"embeddable":true,"href":"https:\/\/henpartynight.com\/fr\/wp-json\/wp\/v2\/media\/5377"}],"wp:attachment":[{"href":"https:\/\/henpartynight.com\/fr\/wp-json\/wp\/v2\/media?parent=5376"}],"wp:term":[{"taxonomy":"product_brand","embeddable":true,"href":"https:\/\/henpartynight.com\/fr\/wp-json\/wp\/v2\/product_brand?post=5376"},{"taxonomy":"product_cat","embeddable":true,"href":"https:\/\/henpartynight.com\/fr\/wp-json\/wp\/v2\/product_cat?post=5376"},{"taxonomy":"product_tag","embeddable":true,"href":"https:\/\/henpartynight.com\/fr\/wp-json\/wp\/v2\/product_tag?post=5376"}],"curies":[{"name":"wp","href":"https:\/\/api.w.org\/{rel}","templated":true}]}}