{"id":3436,"date":"2019-02-01T18:41:26","date_gmt":"2019-02-01T18:41:26","guid":{"rendered":"https:\/\/henpartynight.com\/?post_type=product&#038;p=3436"},"modified":"2024-01-18T13:54:19","modified_gmt":"2024-01-18T13:54:19","slug":"boatpartybarcelona","status":"publish","type":"product","link":"https:\/\/henpartynight.com\/fr\/producto\/boatpartybarcelona\/","title":{"rendered":"BOAT PARTY BARCELONE"},"content":{"rendered":"<p>Consid\u00e9rations : Collation \u00e9nergique de bienvenue (croustilles et olives). Trois heures de croisi\u00e8re avec boissons (eau froide et boissons gazeuses). Le menu Touristic Grill, compos\u00e9 d'un plat de p\u00e2tes, d'un cheeseburger, d'une saucisse espagnole, de pain, de vinaigrettes et d'une boisson mixte \u00e0 base de produits biologiques, sera servi pendant la p\u00e9riode d'amarrage et la p\u00e9riode de baignade. Deux grands verres de bi\u00e8re ou de sangria sont \u00e9galement inclus et offerts \u00e0 la fin de la baignade. Un artiste sera responsable du bar et de la musique (\u00e0 l'aide d'une table de mixage) afin de cr\u00e9er une ambiance d\u00e9cente tout au long de l'excursion.<br \/>\nContactez-nous d\u00e8s maintenant pour v\u00e9rifier la disponibilit\u00e9 : info@henpartynight.com ou +34 604 354 224<br \/>\nLe prix est pour 3 heures de CATAMARAN.<\/p>","protected":false},"excerpt":{"rendered":"<p>Consid\u00e9rations : Collation \u00e9nergique de bienvenue (croustilles et olives). Trois heures de croisi\u00e8re avec boissons (eau froide et boissons gazeuses). Le menu Touristic Grill, compos\u00e9 d'un plat de p\u00e2tes, d'un cheeseburger, d'une saucisse espagnole, de pain, de vinaigrettes et d'une boisson mixte \u00e0 base de produits biologiques, sera servi pendant la p\u00e9riode d'amarrage et la p\u00e9riode de baignade. Deux grands verres de bi\u00e8re ou de sangria sont \u00e9galement inclus et offerts \u00e0 la fin de la baignade. Un artiste sera responsable du bar et de la musique (\u00e0 l'aide d'une table de mixage) afin de cr\u00e9er une ambiance d\u00e9cente tout au long de l'excursion.<br \/>\nContactez-nous d\u00e8s maintenant pour v\u00e9rifier la disponibilit\u00e9 : info@henpartynight.com ou +34 604 354 224<br \/>\nLe prix est pour 3 heures de CATAMARAN.<br \/>\nContactez-nous d\u00e8s maintenant pour v\u00e9rifier la disponibilit\u00e9 : info@henpartynight.com ou +34 604 354 224<\/p>","protected":false},"featured_media":3160,"comment_status":"closed","ping_status":"closed","template":"","meta":[],"product_brand":[],"product_cat":[102],"product_tag":[112,109,110,111],"class_list":{"0":"post-3436","1":"product","2":"type-product","3":"status-publish","4":"has-post-thumbnail","6":"product_cat-sin-categorizar","7":"product_tag-barcelona-catamaran","8":"product_tag-boat-party","9":"product_tag-boat-party-barcelona","10":"product_tag-catamaran-barcelona","12":"first","13":"instock","14":"sale","15":"featured","16":"shipping-taxable","17":"purchasable","18":"product-type-simple"},"aioseo_notices":[],"_links":{"self":[{"href":"https:\/\/henpartynight.com\/fr\/wp-json\/wp\/v2\/product\/3436","targetHints":{"allow":["GET"]}}],"collection":[{"href":"https:\/\/henpartynight.com\/fr\/wp-json\/wp\/v2\/product"}],"about":[{"href":"https:\/\/henpartynight.com\/fr\/wp-json\/wp\/v2\/types\/product"}],"replies":[{"embeddable":true,"href":"https:\/\/henpartynight.com\/fr\/wp-json\/wp\/v2\/comments?post=3436"}],"wp:featuredmedia":[{"embeddable":true,"href":"https:\/\/henpartynight.com\/fr\/wp-json\/wp\/v2\/media\/3160"}],"wp:attachment":[{"href":"https:\/\/henpartynight.com\/fr\/wp-json\/wp\/v2\/media?parent=3436"}],"wp:term":[{"taxonomy":"product_brand","embeddable":true,"href":"https:\/\/henpartynight.com\/fr\/wp-json\/wp\/v2\/product_brand?post=3436"},{"taxonomy":"product_cat","embeddable":true,"href":"https:\/\/henpartynight.com\/fr\/wp-json\/wp\/v2\/product_cat?post=3436"},{"taxonomy":"product_tag","embeddable":true,"href":"https:\/\/henpartynight.com\/fr\/wp-json\/wp\/v2\/product_tag?post=3436"}],"curies":[{"name":"wp","href":"https:\/\/api.w.org\/{rel}","templated":true}]}}