{"id":3427,"date":"2019-01-30T09:50:11","date_gmt":"2019-01-30T09:50:11","guid":{"rendered":"https:\/\/henpartynight.com\/?post_type=product&#038;p=3427"},"modified":"2024-01-18T13:54:19","modified_gmt":"2024-01-18T13:54:19","slug":"cheeky-butler-in-the-buff-2h","status":"publish","type":"product","link":"https:\/\/henpartynight.com\/fr\/producto\/cheeky-butler-in-the-buff-2h\/","title":{"rendered":"LE MAJORDOME EFFRONT\u00c9 EN PLEINE ACTION - 2H"},"content":{"rendered":"<p>Add a touch of saucy luxury to your Hen Party!<\/p>\n<p>We can provide you with your own Sexy Butler who will come to your private Apartment to serve champagne, cocktail mixers \u2013 all with a little cheek! \u00a0Your Butler will tend to you and the girls for 1 hour wearing nothing but a small seductive apron with collar and cuffs.<\/p>\n<p>At your disposal until you are ready and decide to head out for your a taste\u00a0 nightlife!<\/p>\n<p>The price will vary according to the season and the city. Services available in Barcelona, Madrid, Ibiza, Mallorca, Valencia, Tarragona, Salou, Lloret de Mar, Porto, Oporto<\/p>\n<p>Contactez-nous d\u00e8s maintenant pour v\u00e9rifier la disponibilit\u00e9 : info@henpartynight.com ou +34 604 354 224<\/p>","protected":false},"excerpt":{"rendered":"<p>Add a touch of saucy luxury to your Hen Party!<\/p>\n<p>We can provide you with your own Sexy Butler who will come to your private Apartment to serve champagne, cocktail mixers \u2013 all with a little cheek! \u00a0Your Butler will tend to you and the girls for 1 hour wearing nothing but a small seductive apron with collar and cuffs.<\/p>\n<p>The price will vary according to the season and the city. Services available in Barcelona, Madrid, Ibiza, Mallorca, Valencia, Tarragona, Salou, Lloret de Mar, Porto, Oporto<\/p>\n<p>Contact us now to check availability : info@henpartynight.com or +34 604 354 224 &#8211; 0034604354224<\/p>","protected":false},"featured_media":6088,"comment_status":"closed","ping_status":"closed","template":"","meta":[],"product_brand":[],"product_cat":[123],"product_tag":[137,133,134,136,135],"class_list":{"0":"post-3427","1":"product","2":"type-product","3":"status-publish","4":"has-post-thumbnail","6":"product_cat-inicio","7":"product_tag-best-naked-buttler","8":"product_tag-butler","9":"product_tag-butler-in-the-buff","10":"product_tag-buttler-naked","11":"product_tag-naked-butler","13":"first","14":"instock","15":"featured","16":"shipping-taxable","17":"product-type-simple"},"aioseo_notices":[],"_links":{"self":[{"href":"https:\/\/henpartynight.com\/fr\/wp-json\/wp\/v2\/product\/3427","targetHints":{"allow":["GET"]}}],"collection":[{"href":"https:\/\/henpartynight.com\/fr\/wp-json\/wp\/v2\/product"}],"about":[{"href":"https:\/\/henpartynight.com\/fr\/wp-json\/wp\/v2\/types\/product"}],"replies":[{"embeddable":true,"href":"https:\/\/henpartynight.com\/fr\/wp-json\/wp\/v2\/comments?post=3427"}],"wp:featuredmedia":[{"embeddable":true,"href":"https:\/\/henpartynight.com\/fr\/wp-json\/wp\/v2\/media\/6088"}],"wp:attachment":[{"href":"https:\/\/henpartynight.com\/fr\/wp-json\/wp\/v2\/media?parent=3427"}],"wp:term":[{"taxonomy":"product_brand","embeddable":true,"href":"https:\/\/henpartynight.com\/fr\/wp-json\/wp\/v2\/product_brand?post=3427"},{"taxonomy":"product_cat","embeddable":true,"href":"https:\/\/henpartynight.com\/fr\/wp-json\/wp\/v2\/product_cat?post=3427"},{"taxonomy":"product_tag","embeddable":true,"href":"https:\/\/henpartynight.com\/fr\/wp-json\/wp\/v2\/product_tag?post=3427"}],"curies":[{"name":"wp","href":"https:\/\/api.w.org\/{rel}","templated":true}]}}