{"id":3382,"date":"2019-01-28T16:27:31","date_gmt":"2019-01-28T16:27:31","guid":{"rendered":"https:\/\/henpartynight.com\/?post_type=product&#038;p=3382"},"modified":"2024-03-25T08:41:36","modified_gmt":"2024-03-25T08:41:36","slug":"cheeky-butler-in-the-buff","status":"publish","type":"product","link":"https:\/\/henpartynight.com\/fr\/producto\/cheeky-butler-in-the-buff\/","title":{"rendered":"MAJORDOME EFFRONT\u00c9 EN TENUE DE VILLE"},"content":{"rendered":"<p><strong>WITH THIS WEB OFFER YOU WILL HAVE GIFT 1 BOTTLE OF CAVA\u00a0 VALIDITY IN THE FOLLOWING CITIES BARCELONA, MADRID, VALENCIA, IBIZA, TARRAGONA, PORTO, LISBOA<\/strong><\/p>\n<p>Add a touch of saucy luxury to your Hen Party!<\/p>\n<p>We can provide you with your own Sexy Butler who will come to your private Apartment to serve champagne, cocktail mixers \u2013 all with a little cheek! \u00a0Your Butler will tend to you and the girls for 1 hour wearing nothing but a small seductive apron with collar and cuffs.<\/p>\n<p>At your disposal until you are ready and decide to head out for your a taste of \u2019s nightlife!<\/p>\n<p>CHEEKY BUTLER SERVICE<br \/>\nThe price will vary according to the season and the city. Services available in Barcelona, Madrid, Ibiza, Mallorca, Valencia, Tarragona, Salou, Lloret de Mar,PORTO<\/p>\n<p>Contact us now to check availability : info@henpartynight.com or 0034 604 354 224<\/p>\n<p>&nbsp;<\/p>","protected":false},"excerpt":{"rendered":"<p><strong>WITH THIS WEB OFFER YOU WILL HAVE GIFT 1 BOTTLE OF CAVA\u00a0 VALIDITY IN THE FOLLOWING CITIES BARCELONA, MADRID, VALENCIA, IBIZA, TARRAGONA, PORTO, LISBOA<\/strong><\/p>\n<p>Add a touch of saucy luxury to your Hen Party!<\/p>\n<p>We can provide you with your own Sexy Butler who will come to your private Apartment to serve champagne, cocktail mixers \u2013 all with a little cheek! \u00a0Your Butler will tend to you and the girls for 1 hour wearing nothing but a small seductive apron with collar and cuffs.<\/p>\n<p>At your disposal until you are ready and decide to head out for your a taste of \u2019s nightlife!<\/p>\n<p>CHEEKY BUTLER SERVICE<br \/>\nThe price will vary according to the season and the city. Services available in Barcelona, Madrid, Ibiza, Mallorca, Valencia, Tarragona, Salou, Lloret de Mar,PORTO<\/p>\n<p>Contact us now to check availability : info@henpartynight.com or 0034 604 354 224<\/p>\n<p>This is only the pre-reservation of the service, the prices are there we will inform you but they start from 180 \u20ac<\/p>\n<p>Contactez-nous d\u00e8s maintenant pour v\u00e9rifier la disponibilit\u00e9 : info@henpartynight.com ou 0034 648 202 569 0034 604 354 224<\/p>","protected":false},"featured_media":3057,"comment_status":"closed","ping_status":"closed","template":"","meta":[],"product_brand":[],"product_cat":[123],"product_tag":[134,135,152],"class_list":{"0":"post-3382","1":"product","2":"type-product","3":"status-publish","4":"has-post-thumbnail","6":"product_cat-inicio","7":"product_tag-butler-in-the-buff","8":"product_tag-naked-butler","9":"product_tag-naked-butler-service","11":"first","12":"instock","13":"featured","14":"shipping-taxable","15":"product-type-simple"},"aioseo_notices":[],"_links":{"self":[{"href":"https:\/\/henpartynight.com\/fr\/wp-json\/wp\/v2\/product\/3382","targetHints":{"allow":["GET"]}}],"collection":[{"href":"https:\/\/henpartynight.com\/fr\/wp-json\/wp\/v2\/product"}],"about":[{"href":"https:\/\/henpartynight.com\/fr\/wp-json\/wp\/v2\/types\/product"}],"replies":[{"embeddable":true,"href":"https:\/\/henpartynight.com\/fr\/wp-json\/wp\/v2\/comments?post=3382"}],"wp:featuredmedia":[{"embeddable":true,"href":"https:\/\/henpartynight.com\/fr\/wp-json\/wp\/v2\/media\/3057"}],"wp:attachment":[{"href":"https:\/\/henpartynight.com\/fr\/wp-json\/wp\/v2\/media?parent=3382"}],"wp:term":[{"taxonomy":"product_brand","embeddable":true,"href":"https:\/\/henpartynight.com\/fr\/wp-json\/wp\/v2\/product_brand?post=3382"},{"taxonomy":"product_cat","embeddable":true,"href":"https:\/\/henpartynight.com\/fr\/wp-json\/wp\/v2\/product_cat?post=3382"},{"taxonomy":"product_tag","embeddable":true,"href":"https:\/\/henpartynight.com\/fr\/wp-json\/wp\/v2\/product_tag?post=3382"}],"curies":[{"name":"wp","href":"https:\/\/api.w.org\/{rel}","templated":true}]}}