{"id":3211,"date":"2017-07-15T12:17:02","date_gmt":"2017-07-15T12:17:02","guid":{"rendered":"https:\/\/henpartynight.com\/?post_type=product&#038;p=3211"},"modified":"2024-01-18T13:54:21","modified_gmt":"2024-01-18T13:54:21","slug":"cocktail-making-class","status":"publish","type":"product","link":"https:\/\/henpartynight.com\/fr\/producto\/cours-de-preparation-de-cocktails\/","title":{"rendered":"COURS DE PR\u00c9PARATION DE COCKTAILS"},"content":{"rendered":"<p>Un cours priv\u00e9 pour votre groupe de poules avec votre propre barman, qui vous fera d\u00e9couvrir les d\u00e9lices de la pr\u00e9paration d'un cocktail parfait ! Vous aurez bien s\u00fbr l'occasion de go\u00fbter tous les cocktails pr\u00e9sent\u00e9s, puis vous serez libres de cr\u00e9er le v\u00f4tre ! Un petit concours de cocktails entre vous permettra de vous montrer et de vous livrer \u00e0 une saine comp\u00e9tition !<\/p>\n<p>Votre groupe de poules sera accueilli sur place avec un verre de cava \u00e0 l'arriv\u00e9e, puis vous apprendrez \u00e0 pr\u00e9parer trois cocktails, dont des long drinks, des Martinis et des muddles.<\/p>\n<p style=\"text-align: center;\">Contactez-nous d\u00e8s maintenant pour v\u00e9rifier la disponibilit\u00e9 : info@henpartynight.com ou +34 604 354 224<br \/>\nLe prix est calcul\u00e9 pour un minimum de 8 personnes.<br \/>\n<strong>Le prix varie en fonction de la saison et de la ville. Services disponibles \u00e0 Barcelone, Madrid, Ibiza, Majorque, Valence, Tarragone, Salou, Lloret de Mar, Porto.<\/strong><\/p>","protected":false},"excerpt":{"rendered":"<p>Un cours priv\u00e9 pour votre groupe de poules avec votre propre barman, qui vous fera d\u00e9couvrir les d\u00e9lices de la pr\u00e9paration d'un cocktail parfait ! Vous aurez bien s\u00fbr l'occasion de go\u00fbter tous les cocktails pr\u00e9sent\u00e9s, puis vous serez libres de cr\u00e9er le v\u00f4tre ! Un petit concours de cocktails entre vous permettra de vous montrer et de vous livrer \u00e0 une saine comp\u00e9tition !<\/p>\n<p>Votre groupe de poules sera accueilli sur place avec un verre de cava \u00e0 l'arriv\u00e9e, puis vous apprendrez \u00e0 pr\u00e9parer trois cocktails, dont des long drinks, des Martinis et des muddles.<\/p>\n<p>Le prix est calcul\u00e9 pour un minimum de 8 personnes.<\/p>\n<p style=\"text-align: center;\">Contactez-nous d\u00e8s maintenant pour v\u00e9rifier la disponibilit\u00e9 : info@henpartynight.com ou +34 604 354 224<br \/>\n<strong>Le prix varie en fonction de la saison et de la ville. Services disponibles \u00e0 Barcelone, Madrid, Ibiza, Majorque, Valence, Tarragone, Salou, Lloret de Mar, Porto.<\/strong><\/p>","protected":false},"featured_media":3212,"comment_status":"closed","ping_status":"closed","template":"","meta":[],"product_brand":[],"product_cat":[123],"product_tag":[147,99,146,148,149],"class_list":{"0":"post-3211","1":"product","2":"type-product","3":"status-publish","4":"has-post-thumbnail","6":"product_cat-inicio","7":"product_tag-classcocktail","8":"product_tag-cocktail-class","9":"product_tag-cocktailclass","10":"product_tag-cokctailhendo","11":"product_tag-hendococktail","13":"first","14":"instock","15":"featured","16":"shipping-taxable","17":"product-type-simple"},"aioseo_notices":[],"_links":{"self":[{"href":"https:\/\/henpartynight.com\/fr\/wp-json\/wp\/v2\/product\/3211","targetHints":{"allow":["GET"]}}],"collection":[{"href":"https:\/\/henpartynight.com\/fr\/wp-json\/wp\/v2\/product"}],"about":[{"href":"https:\/\/henpartynight.com\/fr\/wp-json\/wp\/v2\/types\/product"}],"replies":[{"embeddable":true,"href":"https:\/\/henpartynight.com\/fr\/wp-json\/wp\/v2\/comments?post=3211"}],"wp:featuredmedia":[{"embeddable":true,"href":"https:\/\/henpartynight.com\/fr\/wp-json\/wp\/v2\/media\/3212"}],"wp:attachment":[{"href":"https:\/\/henpartynight.com\/fr\/wp-json\/wp\/v2\/media?parent=3211"}],"wp:term":[{"taxonomy":"product_brand","embeddable":true,"href":"https:\/\/henpartynight.com\/fr\/wp-json\/wp\/v2\/product_brand?post=3211"},{"taxonomy":"product_cat","embeddable":true,"href":"https:\/\/henpartynight.com\/fr\/wp-json\/wp\/v2\/product_cat?post=3211"},{"taxonomy":"product_tag","embeddable":true,"href":"https:\/\/henpartynight.com\/fr\/wp-json\/wp\/v2\/product_tag?post=3211"}],"curies":[{"name":"wp","href":"https:\/\/api.w.org\/{rel}","templated":true}]}}