{"id":3206,"date":"2017-07-15T12:06:38","date_gmt":"2017-07-15T12:06:38","guid":{"rendered":"https:\/\/henpartynight.com\/?post_type=product&#038;p=3206"},"modified":"2024-01-18T13:54:22","modified_gmt":"2024-01-18T13:54:22","slug":"party-bus","status":"publish","type":"product","link":"https:\/\/henpartynight.com\/fr\/producto\/bus-de-fete\/","title":{"rendered":"PARTY BUS"},"content":{"rendered":"<p>Un must pour un enterrement de vie de jeune fille ! Le bus limousine vous fera passer \u00e0 la vitesse sup\u00e9rieure avec tout le luxe d'une limousine haut de gamme mais aussi des haut-parleurs de 3000W, deux bars, des boules disco et des lumi\u00e8res au plafond... vous verrez la ville sous un angle diff\u00e9rent, une fa\u00e7on parfaite de faire avancer votre soir\u00e9e avec votre groupe de jeunes filles, quoi de mieux qu'un tour avec des boissons et de la musique avant d'entrer dans la discoth\u00e8que ? Sant\u00e9 !<\/p>\n<p>Si vous voulez que ce soit encore plus \"caliente\", nous pouvons ajouter un spectacle de strip-tease dans le bus !<\/p>\n<p>Le prix varie en fonction de la saison et de la ville. Services disponibles \u00e0 Barcelone, Madrid, Valence, Tarragone, Salou, Lloret de Mar, Porto, Porto<\/p>\n<p>&nbsp;<\/p>\n<p>Contactez-nous d\u00e8s maintenant pour v\u00e9rifier la disponibilit\u00e9 : info@henpartynight.com ou 0034 648 202 569 0034 604 354 224<\/p>","protected":false},"excerpt":{"rendered":"<p>Un must pour un enterrement de vie de jeune fille ! Le Limo bus vous permettra de passer \u00e0 la vitesse sup\u00e9rieure avec tout le luxe d'une limousine haut de gamme mais aussi des haut-parleurs de 3000W, deux bars, des boules disco et des lumi\u00e8res au plafond... vous verrez la ville d'un point de vue diff\u00e9rent, une fa\u00e7on parfaite de faire avancer votre soir\u00e9e avec votre groupe de jeunes filles, quoi de mieux qu'un tour avec des boissons et de la musique avant d'entrer dans la discoth\u00e8que ? Sant\u00e9 !<\/p>\n<p>Si vous voulez que ce soit encore plus \"caliente\", nous pouvons ajouter un spectacle de strip-tease dans le bus !<br \/>\nLe prix varie en fonction de la saison et de la ville. Services disponibles \u00e0 Barcelone, Madrid, Valence, Tarragone, Salou, Lloret de Mar, Porto, Porto<\/p>\n<p>Contactez-nous d\u00e8s maintenant pour v\u00e9rifier la disponibilit\u00e9 : info@henpartynight.com ou 0034 648 202 569 0034 604 354 224<\/p>","protected":false},"featured_media":3208,"comment_status":"closed","ping_status":"closed","template":"","meta":[],"product_brand":[],"product_cat":[123],"product_tag":[144,145,143,142],"class_list":{"0":"post-3206","1":"product","2":"type-product","3":"status-publish","4":"has-post-thumbnail","6":"product_cat-inicio","7":"product_tag-bachelorette-bus","8":"product_tag-discobus-hen-do","9":"product_tag-hen-do-party-bus","10":"product_tag-partybus","12":"first","13":"instock","14":"shipping-taxable","15":"product-type-simple"},"aioseo_notices":[],"_links":{"self":[{"href":"https:\/\/henpartynight.com\/fr\/wp-json\/wp\/v2\/product\/3206","targetHints":{"allow":["GET"]}}],"collection":[{"href":"https:\/\/henpartynight.com\/fr\/wp-json\/wp\/v2\/product"}],"about":[{"href":"https:\/\/henpartynight.com\/fr\/wp-json\/wp\/v2\/types\/product"}],"replies":[{"embeddable":true,"href":"https:\/\/henpartynight.com\/fr\/wp-json\/wp\/v2\/comments?post=3206"}],"wp:featuredmedia":[{"embeddable":true,"href":"https:\/\/henpartynight.com\/fr\/wp-json\/wp\/v2\/media\/3208"}],"wp:attachment":[{"href":"https:\/\/henpartynight.com\/fr\/wp-json\/wp\/v2\/media?parent=3206"}],"wp:term":[{"taxonomy":"product_brand","embeddable":true,"href":"https:\/\/henpartynight.com\/fr\/wp-json\/wp\/v2\/product_brand?post=3206"},{"taxonomy":"product_cat","embeddable":true,"href":"https:\/\/henpartynight.com\/fr\/wp-json\/wp\/v2\/product_cat?post=3206"},{"taxonomy":"product_tag","embeddable":true,"href":"https:\/\/henpartynight.com\/fr\/wp-json\/wp\/v2\/product_tag?post=3206"}],"curies":[{"name":"wp","href":"https:\/\/api.w.org\/{rel}","templated":true}]}}