{"id":3196,"date":"2017-07-15T11:33:45","date_gmt":"2017-07-15T11:33:45","guid":{"rendered":"https:\/\/henpartynight.com\/?post_type=product&#038;p=3196"},"modified":"2023-03-08T14:57:44","modified_gmt":"2023-03-08T14:57:44","slug":"meal-and-stripper","status":"publish","type":"product","link":"https:\/\/henpartynight.com\/fr\/producto\/meal-and-stripper\/","title":{"rendered":"REPAS ET STRIP-TEASE"},"content":{"rendered":"<p>Sometimes the old ones are the best, a classic\u00a0 Hen Party Night activity for those cheeky Hens &amp; Bachelorettes who want to add a bit of sexy fun to their Barcelona Hen Do.<\/p>\n<p>The Meal &amp; Stripper Evening is a fun addition to your weekend, a good value tasty meal complete with plenty of drinks, followed by a private strip show, just for your group, from one of our hunky male strippers. Will your hen cringe with embarrassment, to the delight of the rest of you? Or revel in this last piece of naughtiness before married life? Only one way to find out\u2026<\/p>\n<p>The meal and stripper is held in a very central location, so you are well placed to carry on your\u00a0 night out.<\/p>\n<p>You have dinner in a private area; you can pretend to the hen that you have booked a private meal as part of her special celebrations. Then following your delicious meal and plenty of Sangria or wine, the music will begin, and in will walk our gorgeous stripper, ready to perform for your unsuspecting hen!<\/p>\n<p>You can also extend the Meal &amp; Stripper to include a private bar crawl\/tour with club entry, just ask for further details or see: fiesta night<\/p>\n<p>Le prix varie en fonction de la saison et de la ville. Services disponibles \u00e0 Barcelone, Madrid, Ibiza, Majorque, Valence, Tarragone, Salou, Lloret de Mar, Porto.<\/p>\n<p>Contactez-nous d\u00e8s maintenant pour v\u00e9rifier la disponibilit\u00e9 : info@henpartynight.com ou +34 604 354 224<\/p>","protected":false},"excerpt":{"rendered":"<p>Sometimes the old ones are the best, a classic\u00a0 Hen Party Night activity for those cheeky Hens &amp; Bachelorettes who want to add a bit of sexy fun to their Hen Do.<\/p>\n<p>The\u00a0 Meal &amp; Stripper Evening is a fun addition to your weekend, a good value tasty meal complete with plenty of drinks, followed by a private strip show, just for your group, from one of our hunky male strippers. Will your hen cringe with embarrassment, to the delight of the rest of you? Or revel in this last piece of naughtiness before married life? Only one way to find out\u2026<\/p>\n<p>Le prix varie en fonction de la saison et de la ville. Services disponibles \u00e0 Barcelone, Madrid, Ibiza, Majorque, Valence, Tarragone, Salou, Lloret de Mar, Porto.<\/p>","protected":false},"featured_media":6091,"comment_status":"open","ping_status":"closed","template":"","meta":[],"product_brand":[],"product_cat":[123],"product_tag":[162,160,161],"class_list":{"0":"post-3196","1":"product","2":"type-product","3":"status-publish","4":"has-post-thumbnail","6":"product_cat-inicio","7":"product_tag-bachelor-party-meal","8":"product_tag-meal-and-stripper","9":"product_tag-stripper-meal-bachelorette","11":"first","12":"instock","13":"shipping-taxable","14":"product-type-simple"},"aioseo_notices":[],"_links":{"self":[{"href":"https:\/\/henpartynight.com\/fr\/wp-json\/wp\/v2\/product\/3196","targetHints":{"allow":["GET"]}}],"collection":[{"href":"https:\/\/henpartynight.com\/fr\/wp-json\/wp\/v2\/product"}],"about":[{"href":"https:\/\/henpartynight.com\/fr\/wp-json\/wp\/v2\/types\/product"}],"replies":[{"embeddable":true,"href":"https:\/\/henpartynight.com\/fr\/wp-json\/wp\/v2\/comments?post=3196"}],"wp:featuredmedia":[{"embeddable":true,"href":"https:\/\/henpartynight.com\/fr\/wp-json\/wp\/v2\/media\/6091"}],"wp:attachment":[{"href":"https:\/\/henpartynight.com\/fr\/wp-json\/wp\/v2\/media?parent=3196"}],"wp:term":[{"taxonomy":"product_brand","embeddable":true,"href":"https:\/\/henpartynight.com\/fr\/wp-json\/wp\/v2\/product_brand?post=3196"},{"taxonomy":"product_cat","embeddable":true,"href":"https:\/\/henpartynight.com\/fr\/wp-json\/wp\/v2\/product_cat?post=3196"},{"taxonomy":"product_tag","embeddable":true,"href":"https:\/\/henpartynight.com\/fr\/wp-json\/wp\/v2\/product_tag?post=3196"}],"curies":[{"name":"wp","href":"https:\/\/api.w.org\/{rel}","templated":true}]}}