{"id":5630,"date":"2020-04-15T17:22:45","date_gmt":"2020-04-15T17:22:45","guid":{"rendered":"http:\/\/henpartynight.com\/?page_id=5630"},"modified":"2024-10-08T09:23:55","modified_gmt":"2024-10-08T09:23:55","slug":"terms-conditions","status":"publish","type":"page","link":"https:\/\/henpartynight.com\/fr\/conditions-generales\/","title":{"rendered":"CONDITIONS G\u00c9N\u00c9RALES"},"content":{"rendered":"<p>1. DONN\u00c9ES G\u00c9N\u00c9RALES<\/p>\n<p><strong>Nom de l'entreprise :<\/strong>\u00a0DE RIEN DMC , SL<\/p>\n<p><strong>Num\u00e9ro d'enregistrement \u00e0 la chambre de commerce :<\/strong>\u00a0CIF B67592246<\/p>\n<p><strong>Si\u00e8ge social :<\/strong> Avenida Barcelona 57 , entresuelo despacho 6.  CP 08191 Rubi ( Barcelona ).<\/p>\n<p><strong>T\u00e9l\u00e9phone :<\/strong>\u00a0+34604354224<\/p>\n<p><strong>Courriel :<\/strong>\u00a0info@henpartynight.com<\/p>\n<p>2. CONDITIONS DE PROMOTION, DE VENTE DE SERVICES, D'ACTIVIT\u00c9S ET DE PACKS<\/p>\n<p>Les conditions pour contracter tous les services, activit\u00e9s et forfaits seront envoy\u00e9es par \u00e9crit et sont \u00e9tablies par les fournisseurs de services et par les conditions sp\u00e9ciales \u00e9tablies en tant qu'organisateur et\/ou commissaire de Your Welcome DMC , SL.<\/p>\n<p>3. R\u00c9SERVATIONS<\/p>\n<p>Tous les groupes verseront un acompte en garantie du service, de l'activit\u00e9 ou du pack contract\u00e9, le reste du paiement sera effectu\u00e9 comme convenu dans les conditions que vous recevrez par \u00e9crit par courrier \u00e9lectronique de ces services. Lorsque vous r\u00e9servez avec nous, vous acceptez de payer les prix et les conditions indiqu\u00e9s au moment de la r\u00e9servation. Si vous ne payez pas le montant total dans le d\u00e9lai imparti, la r\u00e9servation sera automatiquement annul\u00e9e et nous aurons le droit de conserver l'acompte vers\u00e9 pour le montant total de la r\u00e9servation. Dans ce cas, vous serez responsable de l'annulation. Si le nombre de participants inclus dans le pack, le service ou le produit initialement r\u00e9serv\u00e9 n'est pas atteint, les personnes qui ont confirm\u00e9 leur place et effectu\u00e9 la r\u00e9servation peuvent \u00eatre oblig\u00e9es de payer le montant total du pack afin de maintenir tous les services, produits ou packs contract\u00e9s comme indiqu\u00e9 dans la r\u00e9servation.<\/p>\n<p>4. LES MOYENS DE PAIEMENT<\/p>\n<p>Les paiements et les r\u00e9servations seront effectu\u00e9s par virement bancaire au num\u00e9ro de compte joint \u00e0 l'e-mail contenant les conditions. Vous pouvez \u00e9galement payer par carte de cr\u00e9dit ou de d\u00e9bit \u00e0 partir du site web.<\/p>\n<p>5. MODIFICATIONS ET ANNULATIONS<\/p>\n<p><strong>Frais de gestion<\/strong> , In all cases of modification, total or partial cancellation, a financial penalty will be charged as a \u00abmanagement fee\u00bb, with a minimum penalty of 50% of the total service, activity or pack contracted .<br \/>\n<strong>14 days before the reservation, no cancellation will be accepted, losing 100% of the deposit of the reserved amount, modifications will not be allowed and it will be considered cancellation.<\/strong><\/p>\n<p><strong>Pas de pr\u00e9sentation ou de retard du client<\/strong>\u00a0Il y a d\u00e9faut de pr\u00e9sentation si le consommateur ne se pr\u00e9sente pas \u00e0 la date et \u00e0 l'heure pr\u00e9vues et ne pr\u00e9vient pas suffisamment \u00e0 l'avance de son absence ou de son retard. Dans ce cas, il perd le droit au service et au remboursement des montants livr\u00e9s et reste tenu de payer ceux qui sont en attente de paiement.<\/p>\n<p>Si une plainte ou un probl\u00e8me survient pendant le service, l'activit\u00e9 ou le forfait, vous devez imm\u00e9diatement appeler le repr\u00e9sentant de Youre welcome DMC SL au num\u00e9ro de contact d'urgence figurant sur votre itin\u00e9raire. Si vous n'appelez pas et ne signalez pas les probl\u00e8mes ou les questions \u00e0 r\u00e9soudre, nous ne serons pas tenus responsables de ces plaintes.<\/p>\n<p>6. R\u00c9CLAMATIONS<\/p>\n<p>Toute r\u00e9clamation entre les services r\u00e9serv\u00e9s et les services re\u00e7us doit \u00eatre communiqu\u00e9e par \u00e9crit \u00e0 Youre Welcome DMC SL et \u00e0 l'entit\u00e9 qui fournit le service final. Pour ce faire, notre adresse \u00e9lectronique info@henpartynight.com ainsi que le num\u00e9ro de t\u00e9l\u00e9phone du repr\u00e9sentant commercial assign\u00e9 \u00e0 l'agence et les formulaires de r\u00e9clamation correspondants du prestataire du service final sont disponibles. Tous les services, activit\u00e9s ou forfaits r\u00e9serv\u00e9s par cette agence peuvent faire l'objet d'\u00e9ventuelles variations ou modifications pour des raisons ind\u00e9pendantes de la volont\u00e9 de l'agence. Dans ce cas, l'agence s'efforcera de fournir les services les plus proches de ceux qui ont \u00e9t\u00e9 contract\u00e9s, en informant les clients dans la mesure du possible.<\/p>\n<p>En cas d'annulation de la prestation, de l'activit\u00e9 ou du pack pour cause de \" force majeure \", l'agence restituera au client le montant per\u00e7u au titre de l'acompte moins les frais de gestion.<\/p>\n<p>&nbsp;<\/p>\n<p>&nbsp;<\/p>","protected":false},"excerpt":{"rendered":"<p>1. GENERAL DATA Company name:\u00a0YOURE WELCOME DMC , SL Chamber of Commerce registration number:\u00a0CIF B67592246 Head office: Avenida Barcelona 57 , entresuelo despacho 6.\u00a0 CP 08191 Rubi ( Barcelona ). Telephone:\u00a0+34604354224 Email:\u00a0info@henpartynight.com 2. CONDITIONS OF PROMOTION , SALE OF SERVICES , ACTIVITIES AND PACKS The&#8230;<\/p>","protected":false},"author":6,"featured_media":0,"parent":0,"menu_order":0,"comment_status":"closed","ping_status":"closed","template":"","meta":{"footnotes":""},"class_list":["post-5630","page","type-page","status-publish","hentry"],"aioseo_notices":[],"_links":{"self":[{"href":"https:\/\/henpartynight.com\/fr\/wp-json\/wp\/v2\/pages\/5630","targetHints":{"allow":["GET"]}}],"collection":[{"href":"https:\/\/henpartynight.com\/fr\/wp-json\/wp\/v2\/pages"}],"about":[{"href":"https:\/\/henpartynight.com\/fr\/wp-json\/wp\/v2\/types\/page"}],"author":[{"embeddable":true,"href":"https:\/\/henpartynight.com\/fr\/wp-json\/wp\/v2\/users\/6"}],"replies":[{"embeddable":true,"href":"https:\/\/henpartynight.com\/fr\/wp-json\/wp\/v2\/comments?post=5630"}],"version-history":[{"count":6,"href":"https:\/\/henpartynight.com\/fr\/wp-json\/wp\/v2\/pages\/5630\/revisions"}],"predecessor-version":[{"id":14270,"href":"https:\/\/henpartynight.com\/fr\/wp-json\/wp\/v2\/pages\/5630\/revisions\/14270"}],"wp:attachment":[{"href":"https:\/\/henpartynight.com\/fr\/wp-json\/wp\/v2\/media?parent=5630"}],"curies":[{"name":"wp","href":"https:\/\/api.w.org\/{rel}","templated":true}]}}