{"id":5281,"date":"2019-12-07T19:45:32","date_gmt":"2019-12-07T19:45:32","guid":{"rendered":"http:\/\/henpartynight.com\/?page_id=5281"},"modified":"2024-04-16T08:37:17","modified_gmt":"2024-04-16T08:37:17","slug":"mud-wrestling-chocolate","status":"publish","type":"page","link":"https:\/\/henpartynight.com\/fr\/mud-wrestling-chocolate\/","title":{"rendered":"Mud Wrestling Chocolate"},"content":{"rendered":"<div class=\"wpb-content-wrapper\"><div data-q_id=\"#app\"    class=\"vc_row wpb_row section vc_row-fluid  vc_custom_1455181468772 grid_section\" style=' text-align:center;'><div class=\"section_inner clearfix\"><div class='section_inner_margin clearfix'><div class=\"wpb_column vc_column_container vc_col-sm-6 vc_col-lg-offset-3 vc_col-lg-6 vc_col-md-offset-3 vc_col-md-6 vc_col-sm-offset-1\"><div class=\"vc_column-inner\"><div class=\"wpb_wrapper\">\n\t<div class=\"wpb_text_column wpb_content_element\">\n\t\t<div class=\"wpb_wrapper\">\n\t\t\t<h1 style=\"text-align: center;\">Mud Wrestling Chocolate &#8211; Sexy Chocolate Mud &#8211; Wrestlin<\/h1>\n\n\t\t<\/div>\n\t<\/div><div class=\"separator  small center\" style=\"\"><\/div>\n\t<div class=\"wpb_text_column wpb_content_element\">\n\t\t<div class=\"wpb_wrapper\">\n\t\t\t<p>Who has never wanted to see two girls fighting inside a chocolate pool.<\/p>\n<p>Participate in your fantasy for your group. erotic and fun service, enjoy the and sweeten with chocolate on the day. service available in apartment or bar with private room. The best mud Wrestling Chocolat in a few cities <a href=\"https:\/\/henpartynight.com\/fr\/mud-wrestling-chocolate\/mud-wrestling-chocolate-barcelona\/\">Barcelone<\/a>, Porto, Valencia, Ibiza, Mallorca, Marbella, Malaga,<a href=\"https:\/\/henpartynight.com\/fr\/mud-wrestling-chocolate\/madrid-2\/\">Madrid<\/a><\/p>\n\n\t\t<\/div>\n\t<\/div><\/div><\/div><\/div><\/div><\/div><\/div><div      class=\"vc_row wpb_row section vc_row-fluid  vc_custom_1455201911382 grid_section\" style='background-color:#f5f5f5; text-align:center;'><div class=\"section_inner clearfix\"><div class='section_inner_margin clearfix'><div class=\"wpb_column vc_column_container vc_col-sm-6\"><div class=\"vc_column-inner\"><div class=\"wpb_wrapper\"><div class=\"separator  small center\" style=\"\"><\/div>\n\t<div class=\"wpb_text_column wpb_content_element\">\n\t\t<div class=\"wpb_wrapper\">\n\t\t\t<h3>The Hen Party Night specialists advise you at all times so that your event is unique and original and especially at the best price on the market. We have the best services of Mud Chocolate WRESTLING, the novelty for the most introverted people.<\/h3>\n<p><img fetchpriority=\"high\" decoding=\"async\" class=\"alignnone size-full wp-image-5287\" src=\"http:\/\/henpartynight.com\/wp-content\/uploads\/2019\/12\/chocolate.jpg\" alt=\"\" width=\"400\" height=\"270\" srcset=\"https:\/\/henpartynight.com\/wp-content\/uploads\/2019\/12\/chocolate.jpg 400w, https:\/\/henpartynight.com\/wp-content\/uploads\/2019\/12\/chocolate-300x203.jpg 300w\" sizes=\"(max-width: 400px) 100vw, 400px\" \/><\/p>\n\n\t\t<\/div>\n\t<\/div><div class=\"separator  transparent\" style=\"margin-top: 35px;margin-bottom: 0px;height: 0px;\"><\/div>\n\t<div class=\"wpb_text_column wpb_content_element\">\n\t\t<div class=\"wpb_wrapper\">\n\t\t\t<div class=\"tlid-input input\">\n<div class=\"tlid-language-bar ls-wrap\">\n<div class=\"sl-wrap\">\n<div class=\"sl-sugg\"><\/div>\n<\/div>\n<\/div>\n<div class=\"source-wrap\">\n<div class=\"input-full-height-wrapper tlid-input-full-height-wrapper\">\n<div class=\"source-input\">\n<div class=\"source-footer-wrap source-or-target-footer\">\n<div class=\"character-count tlid-character-count\">\n<div class=\"cc-ctr normal\"><\/div>\n<\/div>\n<\/div>\n<\/div>\n<\/div>\n<\/div>\n<\/div>\n<div class=\"tlid-results-container results-container\">\n<div class=\"tlid-result result-dict-wrapper\">\n<div class=\"result tlid-copy-target\">\n<div class=\"text-wrap tlid-copy-target\">\n<div class=\"result-shield-container tlid-copy-target\" tabindex=\"0\"><span class=\"tlid-translation translation\" lang=\"en\">Everything and a fight ends in the mud between two women, because they do not change it for <strong>MUD CHOCOLATE WRESTLING<\/strong>.<br \/>\nIt is impressive to see that fight between two women.<br \/>\nAnyway, we are more than ready to transform our estimate when you include two lovely companions with the overall mix.<br \/>\nSuddenly, the way wrestling in the mud is anarchic and accumulates everywhere is not so abominable the best <strong>Sexy Chocolate Mud.<\/strong><br \/>\nYou will see two companions stumble on a solid moldy farm.<br \/>\nThe honoree and his companions will appreciate the relatives and their representative possessions meanwhile fight dirty.<br \/>\nThis is highly far from the kind of expert wrestling you may have contemplated in <strong>Wrestling<\/strong>.<br \/>\nThe best <strong>Sexy Chocolate Mud Wrestling<\/strong> is made in Henpartynight.<br \/>\nThere are except for boys who go crazy to see these two girls fighting in chocolate or mud, we will make you reach the ecstasy. You and your cronies will not have the choice to antagonize the lanterns of diligence. <strong>Mud Wrestling Chocolate<\/strong> is the type of work that you will only carry out in a deer, so it is ideal to make the most of your occasion. In addition, it is not required that it be only a pleasure of determination: in innumerable areas the deer can be encompassed; although, be attentive, these aristocrats can war with themselves so that any adaptation they grab can be left over by a mascara. Just remember that what happens in chocolate remains in chocolate!<\/span><\/div>\n<\/div>\n<\/div>\n<\/div>\n<\/div>\n\n\t\t<\/div>\n\t<\/div><div class=\"separator  transparent\" style=\"margin-top: 39px;margin-bottom: 0px;height: 0px;\"><\/div><a  itemprop=\"url\" href=\"https:\/\/henpartynight.com\/fr\/contacter-la-soiree-denterrement-de-vie-de-jeune-fille\/\" target=\"_self\"  class=\"qbutton  medium white default\" style=\"\">Demandez votre budget sans engagement<\/a><div class=\"separator  transparent\" style=\"margin-top: 53px;margin-bottom: 0px;height: 0px;\"><\/div><\/div><\/div><\/div><div class=\"wpb_column vc_column_container vc_col-sm-6\"><div class=\"vc_column-inner\"><div class=\"wpb_wrapper\"><div class=\"separator  transparent\" style=\"margin-top: 4px;margin-bottom: 0px;height: 0px;\"><\/div>\n\t<div class=\"wpb_single_image wpb_content_element vc_align_center\">\n\t\t<div class=\"wpb_wrapper\">\n\t\t\t\n\t\t\t<div class=\"vc_single_image-wrapper   vc_box_border_grey\"><img decoding=\"async\" width=\"150\" height=\"150\" data-src=\"https:\/\/henpartynight.com\/wp-content\/uploads\/2017\/06\/HenPartyNight-150x150.png\" class=\"vc_single_image-img attachment-thumbnail lazyload\" alt=\"\" title=\"Nuit de f\u00eate\" data-srcset=\"https:\/\/henpartynight.com\/wp-content\/uploads\/2017\/06\/HenPartyNight-150x150.png 150w, https:\/\/henpartynight.com\/wp-content\/uploads\/2017\/06\/HenPartyNight-300x300.png 300w, https:\/\/henpartynight.com\/wp-content\/uploads\/2017\/06\/HenPartyNight-100x100.png 100w, https:\/\/henpartynight.com\/wp-content\/uploads\/2017\/06\/HenPartyNight-570x570.png 570w, https:\/\/henpartynight.com\/wp-content\/uploads\/2017\/06\/HenPartyNight-500x500.png 500w\" data-sizes=\"(max-width: 150px) 100vw, 150px\" src=\"data:image\/svg+xml;base64,PHN2ZyB3aWR0aD0iMSIgaGVpZ2h0PSIxIiB4bWxucz0iaHR0cDovL3d3dy53My5vcmcvMjAwMC9zdmciPjwvc3ZnPg==\" style=\"--smush-placeholder-width: 150px; --smush-placeholder-aspect-ratio: 150\/150;\" \/><\/div>\n\t\t<\/div>\n\t<\/div>\n\n\t<div class=\"wpb_text_column wpb_content_element\">\n\t\t<div class=\"wpb_wrapper\">\n\t\t\t\n<div class=\"wpcf7 no-js\" id=\"wpcf7-f8800-o1\" lang=\"es-ES\" dir=\"ltr\" data-wpcf7-id=\"8800\">\n<div class=\"screen-reader-response\"><p role=\"status\" aria-live=\"polite\" aria-atomic=\"true\"><\/p> <ul><\/ul><\/div>\n<form action=\"\/fr\/wp-json\/wp\/v2\/pages\/5281#wpcf7-f8800-o1\" method=\"post\" class=\"wpcf7-form init\" aria-label=\"Formulario de contacto\" novalidate=\"novalidate\" data-status=\"init\" data-trp-original-action=\"\/fr\/wp-json\/wp\/v2\/pages\/5281#wpcf7-f8800-o1\">\n<fieldset class=\"hidden-fields-container\"><input type=\"hidden\" name=\"_wpcf7\" value=\"8800\" \/><input type=\"hidden\" name=\"_wpcf7_version\" value=\"6.1.5\" \/><input type=\"hidden\" name=\"_wpcf7_locale\" value=\"es_ES\" \/><input type=\"hidden\" name=\"_wpcf7_unit_tag\" value=\"wpcf7-f8800-o1\" \/><input type=\"hidden\" name=\"_wpcf7_container_post\" value=\"0\" \/><input type=\"hidden\" name=\"_wpcf7_posted_data_hash\" value=\"\" \/><input type=\"hidden\" name=\"_wpcf7_recaptcha_response\" value=\"\" \/>\n<\/fieldset>\n<label> Nom (obligatoire)\n    <span class=\"wpcf7-form-control-wrap\" data-name=\"your-name\"><input size=\"40\" maxlength=\"400\" class=\"wpcf7-form-control wpcf7-text wpcf7-validates-as-required\" aria-required=\"true\" aria-invalid=\"false\" value=\"\" type=\"text\" name=\"your-name\" \/><\/span> <\/label>\n\n<label> Votre adresse \u00e9lectronique (obligatoire)\n    <span class=\"wpcf7-form-control-wrap\" data-name=\"your-email\"><input size=\"40\" maxlength=\"400\" class=\"wpcf7-form-control wpcf7-email wpcf7-validates-as-required wpcf7-text wpcf7-validates-as-email\" aria-required=\"true\" aria-invalid=\"false\" value=\"\" type=\"email\" name=\"your-email\" \/><\/span> <\/label>\n\n<label> Votre t\u00e9l\u00e9phone + code pays (obligatoire)\n<span class=\"wpcf7-form-control-wrap\" data-name=\"telefono\"><input size=\"40\" maxlength=\"400\" class=\"wpcf7-form-control wpcf7-tel wpcf7-validates-as-required wpcf7-text wpcf7-validates-as-tel\" aria-required=\"true\" aria-invalid=\"false\" placeholder=\"Exemple-+336xxxxx\" value=\"\" type=\"tel\" name=\"telefono\" \/><\/span> <\/label>\n\n<label> SERVICE DESTINATION (obligatoire)\n   <span class=\"wpcf7-form-control-wrap\" data-name=\"City\"><select class=\"wpcf7-form-control wpcf7-select wpcf7-validates-as-required\" aria-required=\"true\" aria-invalid=\"false\" name=\"City\"><option value=\"Barcelona\">Barcelone<\/option><option value=\"Madrid\">Madrid<\/option><option value=\"Ibiza\">Ibiza<\/option><option value=\"Mallorca\">Majorque<\/option><option value=\"Marbella\">Marbella<\/option><option value=\"Valencia\">Valence<\/option><option value=\"Sitges\">Sitges<\/option><option value=\"Lloret de Mar\">Lloret de Mar<\/option><option value=\"Benidorm\">Benidorm<\/option><option value=\"Oporto\">Porto<\/option><option value=\"Albuferia\">Albuferia<\/option><option value=\"Lisbon\">Lisbonne<\/option><option value=\"Warsaw\">Varsovie<\/option><\/select><\/span> <\/label>\n\n<label> Service\n    <span class=\"wpcf7-form-control-wrap\" data-name=\"Service\"><select class=\"wpcf7-form-control wpcf7-select wpcf7-validates-as-required\" aria-required=\"true\" aria-invalid=\"false\" name=\"Service\"><option value=\"Cheeky Butler\">Majordome effront\u00e9<\/option><option value=\"Cocktail Class\">Cours sur les cocktails<\/option><option value=\"Stripper\">Stripteaseur<\/option><option value=\"Boat Party\">F\u00eate du bateau<\/option><option value=\"Dwarf\">Nain<\/option><option value=\"Limousines\">Limousines<\/option><option value=\"Life Drawing\">Dessin d'apr\u00e8s nature<\/option><option value=\"Bar Crawl\">Tourn\u00e9e des bars<\/option><option value=\"Mud Wrestling\">Lutte dans la boue<\/option><option value=\"Wedding Planning\">Planification du mariage<\/option><\/select><\/span> <\/label>\n\n<label> Number of people (required)\n<span class=\"wpcf7-form-control-wrap\" data-name=\"People\"><select class=\"wpcf7-form-control wpcf7-select wpcf7-validates-as-required\" aria-required=\"true\" aria-invalid=\"false\" name=\"People\"><option value=\"1\">1<\/option><option value=\"2\">2<\/option><option value=\"3\">3<\/option><option value=\"4\">4<\/option><option value=\"5\">5<\/option><option value=\"6\">6<\/option><option value=\"7\">7<\/option><option value=\"8\">8<\/option><option value=\"9\">9<\/option><option value=\"10\">10<\/option><option value=\"11\">11<\/option><option value=\"12\">12<\/option><option value=\"13\">13<\/option><option value=\"14\">14<\/option><option value=\"15\">15<\/option><option value=\"16\">16<\/option><option value=\"17\">17<\/option><option value=\"18\">18<\/option><option value=\"19\">19<\/option><option value=\"20\">20<\/option><option value=\"21\">21<\/option><option value=\"22\">22<\/option><option value=\"23\">23<\/option><option value=\"24\">24<\/option><option value=\"25\">25<\/option><option value=\"26\">26<\/option><option value=\"27\">27<\/option><option value=\"28\">28<\/option><option value=\"29\">29<\/option><option value=\"30\">30<\/option><option value=\"M\u00e1s de 30\">M\u00e1s de 30<\/option><\/select><\/span> <\/label>\n\n<label> Event date (required)\n<span class=\"wpcf7-form-control-wrap\" data-name=\"date\"><input class=\"wpcf7-form-control wpcf7-date wpcf7-validates-as-required wpcf7-validates-as-date\" aria-required=\"true\" aria-invalid=\"false\" value=\"\" type=\"date\" name=\"date\" \/><\/span> <\/label>\n\n<label> Message\n    <span class=\"wpcf7-form-control-wrap\" data-name=\"your-message\"><textarea cols=\"40\" rows=\"10\" maxlength=\"2000\" class=\"wpcf7-form-control wpcf7-textarea\" aria-invalid=\"false\" name=\"your-message\"><\/textarea><\/span> <\/label>\n\nInput this code: <input type=\"hidden\" name=\"_wpcf7_captcha_challenge_captcha-170\" value=\"3402337113\" \/><img decoding=\"async\" class=\"wpcf7-form-control wpcf7-captchac wpcf7-captcha-captcha-170 lazyload\" width=\"72\" height=\"24\" alt=\"captcha\" data-src=\"https:\/\/henpartynight.com\/wp-content\/uploads\/wpcf7_captcha\/3402337113.png\" src=\"data:image\/svg+xml;base64,PHN2ZyB3aWR0aD0iMSIgaGVpZ2h0PSIxIiB4bWxucz0iaHR0cDovL3d3dy53My5vcmcvMjAwMC9zdmciPjwvc3ZnPg==\" style=\"--smush-placeholder-width: 72px; --smush-placeholder-aspect-ratio: 72\/24;\" \/>\n<span class=\"wpcf7-form-control-wrap\" data-name=\"captcha-170\"><input size=\"4\" maxlength=\"4\" class=\"wpcf7-form-control wpcf7-captchar\" autocomplete=\"off\" aria-invalid=\"false\" value=\"\" type=\"text\" name=\"captcha-170\" \/><\/span>\n\n<br><span><span class=\"wpcf7-form-control-wrap\" data-name=\"acceptance-279\"><span class=\"wpcf7-form-control wpcf7-acceptance\"><span class=\"wpcf7-list-item\"><input type=\"checkbox\" name=\"acceptance-279\" value=\"1\" aria-invalid=\"false\" \/><\/span><\/span><\/span> J'ai lu et j'accepte les <a target=\"_blank\" rel=\"nofollow noopener noreferrer\" href=\"https:\/\/henpartynight.com\/fr\/avisos-legales\/\">Conseiller juridique<\/a> y la <a target=\"_blank\" rel=\"nofollow noopener noreferrer\" href=\"https:\/\/henpartynight.com\/fr\/politica-de-privacidad\/\">Politique de confidentialit\u00e9<\/a>.<\/span><br><input class=\"wpcf7-form-control wpcf7-submit has-spinner\" type=\"submit\" value=\"Envoyer\" \/><div class=\"wpcf7-response-output\" aria-hidden=\"true\"><\/div>\n<input type=\"hidden\" name=\"trp-form-language\" value=\"fr\"\/><\/form>\n<\/div>\n\n\n\t\t<\/div>\n\t<\/div><\/div><\/div><\/div><\/div><\/div><\/div><div   data-q_id=\"#features\"    class=\"vc_row wpb_row section vc_row-fluid  vc_custom_1455202688560 grid_section\" style='background-color:#f5f5f5; text-align:left;'><div class=\"section_inner clearfix\"><div class='section_inner_margin clearfix'><div class=\"wpb_column vc_column_container vc_col-sm-4\"><div class=\"vc_column-inner\"><div class=\"wpb_wrapper\"><div class='q_icon_with_title tiny normal_icon'><div class=\"icon_holder\" style=\" \"><span data-icon-type=\"normal\"  data-icon-hover-color=\"#1abc9c\" style=\"font-size: 60px;\" class=\"qode_iwt_icon_holder q_font_awsome_icon fa-lg\"><i class=\"qodef-icon-linea-icon icon-basic-cloud qode_iwt_icon_element\" style=\"color: #b7b7b7;\" ><\/i><\/span><\/div><div class=\"icon_text_holder\" style=\"padding-left:70px;\"><div class=\"icon_text_inner\" style=\"\"><h4 class=\"icon_title\" style=\"\">Enterrement de vie de jeune fille<\/h4><p style=''>Nous avons l'exp\u00e9rience d'organiser des milliers et des milliers d'adieux, en donnant \u00e0 la mari\u00e9e le meilleur adieu possible, tout en \u00e9vitant la tension de trouver les meilleurs h\u00f4tels et les meilleures choses \u00e0 faire, aux meilleurs prix possibles.<\/p><\/div><\/div><\/div><\/div><\/div><\/div><div class=\"wpb_column vc_column_container vc_col-sm-4\"><div class=\"vc_column-inner\"><div class=\"wpb_wrapper\"><div class='q_icon_with_title tiny normal_icon'><div class=\"icon_holder\" style=\" \"><span data-icon-type=\"normal\"  data-icon-hover-color=\"#1abc9c\" style=\"font-size: 60px;\" class=\"qode_iwt_icon_holder q_font_awsome_icon fa-lg\"><i class=\"qodef-icon-linea-icon icon-basic-flag2 qode_iwt_icon_element\" style=\"color: #b7b7b7;\" ><\/i><\/span><\/div><div class=\"icon_text_holder\" style=\"padding-left:70px;\"><div class=\"icon_text_inner\" style=\"\"><h4 class=\"icon_title\" style=\"\">Enterrement de vie de gar\u00e7on<\/h4><p style=''>Nous avons l'exp\u00e9rience de l'organisation de milliers et de milliers d'adieux, en donnant au mari\u00e9 le meilleur adieu possible, tout cela sans la tension de trouver les meilleurs h\u00f4tels et les meilleures choses \u00e0 faire, aux meilleurs prix possibles.<\/p><\/div><\/div><\/div><\/div><\/div><\/div><div class=\"wpb_column vc_column_container vc_col-sm-4\"><div class=\"vc_column-inner\"><div class=\"wpb_wrapper\"><div class='q_icon_with_title tiny normal_icon'><div class=\"icon_holder\" style=\" \"><span data-icon-type=\"normal\"  data-icon-hover-color=\"#1abc9c\" style=\"font-size: 60px;\" class=\"qode_iwt_icon_holder q_font_awsome_icon fa-lg\"><i class=\"qodef-icon-linea-icon icon-basic-chronometer qode_iwt_icon_element\" style=\"color: #b7b7b7;\" ><\/i><\/span><\/div><div class=\"icon_text_holder\" style=\"padding-left:70px;\"><div class=\"icon_text_inner\" style=\"\"><h4 class=\"icon_title\" style=\"\">Ev\u00e9nements<\/h4><p style=''>HEN PARTY NIGHT organise et g\u00e8re tous les services pour l'organisation d'\u00e9v\u00e9nements, quels que soient vos besoins et votre budget, dans des forfaits personnalis\u00e9s. Nous avons g\u00e9r\u00e9 des centaines d'\u00e9v\u00e9nements, tant familiaux que professionnels et sociaux. Nous mettons \u00e0 votre disposition toute cette \u00e9norme exp\u00e9rience en coordonnant une \u00e9quipe d'entreprises de premier niveau qui travaillent dans un esprit de collaboration.<\/p><\/div><\/div><\/div><\/div><\/div><\/div><\/div><\/div><\/div><section   data-q_id=\"#download\"    data-speed=\"1\" class=\"parallax_section_holder lazyload\" style = \" height:px; background-image:inherit;\" data-bg-image=\"url(&#039;https:\/\/henpartynight.com\/wp-content\/uploads\/2016\/02\/parallax2.jpg&#039;)\"><div class=\"parallax_content_full_width center\" ><div class='parallax_section_inner_margin clearfix'><div class=\"wpb_column vc_column_container vc_col-sm-12\"><div class=\"vc_column-inner vc_custom_1455031145900\"><div class=\"wpb_wrapper\"><div class=\"custom_font_holder\" style=\"font-family: Raleway; font-size: 126px; line-height: 126px; font-style: normal; font-weight: 700; color: #ffffff; text-decoration: none; letter-spacing: 0px; text-align: center;\">Contact<\/div><div class=\"separator  transparent\" style=\"margin-top: 24px;margin-bottom: 0px;height: 0px;\"><\/div><div class='image_hover' style='' data-transition-delay=''><div class='images_holder'><a itemprop='url' href='https:\/\/henpartynight.com\/fr\/contacter-la-soiree-denterrement-de-vie-de-jeune-fille\/' target='_self'><img itemprop='image' class='active_image lazyload' data-src='https:\/\/henpartynight.com\/wp-content\/uploads\/2016\/02\/contacto-e1497858602971.png' alt='Main Image' src='data:image\/svg+xml;base64,PHN2ZyB3aWR0aD0iMSIgaGVpZ2h0PSIxIiB4bWxucz0iaHR0cDovL3d3dy53My5vcmcvMjAwMC9zdmciPjwvc3ZnPg==' style='--smush-placeholder-width: 451px; --smush-placeholder-aspect-ratio: 451\/200;' \/><img itemprop='image' class='hover_image lazyload' data-src='https:\/\/henpartynight.com\/wp-content\/uploads\/2016\/02\/contacto-e1497858602971.png' alt='Hover Image' src='data:image\/svg+xml;base64,PHN2ZyB3aWR0aD0iMSIgaGVpZ2h0PSIxIiB4bWxucz0iaHR0cDovL3d3dy53My5vcmcvMjAwMC9zdmciPjwvc3ZnPg==' style='--smush-placeholder-width: 451px; --smush-placeholder-aspect-ratio: 451\/200;' \/><\/a><\/div><\/div><\/div><\/div><\/div><\/div><\/div><\/section>\n<\/div>","protected":false},"excerpt":{"rendered":"Mud Wrestling Chocolate - Sexy Chocolate Mud - Wrestlin Who has never wanted to see two girls fighting inside a chocolate pool. Participate in your fantasy for your group. erotic and fun service, enjoy the and sweeten with chocolate on the day. service available in...","protected":false},"author":6,"featured_media":5287,"parent":0,"menu_order":0,"comment_status":"closed","ping_status":"closed","template":"full_width.php","meta":{"footnotes":""},"class_list":["post-5281","page","type-page","status-publish","has-post-thumbnail","hentry"],"aioseo_notices":[],"_links":{"self":[{"href":"https:\/\/henpartynight.com\/fr\/wp-json\/wp\/v2\/pages\/5281","targetHints":{"allow":["GET"]}}],"collection":[{"href":"https:\/\/henpartynight.com\/fr\/wp-json\/wp\/v2\/pages"}],"about":[{"href":"https:\/\/henpartynight.com\/fr\/wp-json\/wp\/v2\/types\/page"}],"author":[{"embeddable":true,"href":"https:\/\/henpartynight.com\/fr\/wp-json\/wp\/v2\/users\/6"}],"replies":[{"embeddable":true,"href":"https:\/\/henpartynight.com\/fr\/wp-json\/wp\/v2\/comments?post=5281"}],"version-history":[{"count":7,"href":"https:\/\/henpartynight.com\/fr\/wp-json\/wp\/v2\/pages\/5281\/revisions"}],"predecessor-version":[{"id":13108,"href":"https:\/\/henpartynight.com\/fr\/wp-json\/wp\/v2\/pages\/5281\/revisions\/13108"}],"wp:featuredmedia":[{"embeddable":true,"href":"https:\/\/henpartynight.com\/fr\/wp-json\/wp\/v2\/media\/5287"}],"wp:attachment":[{"href":"https:\/\/henpartynight.com\/fr\/wp-json\/wp\/v2\/media?parent=5281"}],"curies":[{"name":"wp","href":"https:\/\/api.w.org\/{rel}","templated":true}]}}