{"id":3753,"date":"2019-04-11T23:34:49","date_gmt":"2019-04-11T23:34:49","guid":{"rendered":"https:\/\/henpartynight.com\/?page_id=3753"},"modified":"2024-01-18T13:45:24","modified_gmt":"2024-01-18T13:45:24","slug":"payments","status":"publish","type":"page","link":"https:\/\/henpartynight.com\/fr\/paiements\/","title":{"rendered":"PAIEMENTS"},"content":{"rendered":"<div class=\"wpb-content-wrapper\"><div      class=\"vc_row wpb_row section vc_row-fluid\" style=' text-align:left;'><div class=\"full_section_inner clearfix\"><div class=\"wpb_column vc_column_container vc_col-sm-6\"><div class=\"vc_column-inner\"><div class=\"wpb_wrapper\"><div class=\"wpb_gallery wpb_content_element vc_clearfix\"><div class=\"wpb_wrapper\"><h2 class=\"wpb_heading wpb_gallery_heading\">R\u00c9SERVEZ MAINTENANT AVEC NOUS<\/h2><div class=\"wpb_gallery_slides wpb_flexslider flexslider_fade flexslider\" data-interval=\"3\" data-flex_fx=\"fade\"><ul class=\"slides\"><li><a itemprop=\"image\" class=\"qode-prettyphoto\" href=\"https:\/\/henpartynight.com\/wp-content\/uploads\/2019\/02\/buttlerinthebuffporto-1024x683.jpg\" data-rel=\"prettyPhoto[rel-3753-2786116759]\"><img decoding=\"async\" width=\"150\" height=\"150\" data-src=\"https:\/\/henpartynight.com\/wp-content\/uploads\/2019\/02\/buttlerinthebuffporto-150x150.jpg\" class=\"attachment-thumbnail lazyload\" alt=\"\" title=\"buttlerinthebuffporto\" data-srcset=\"https:\/\/henpartynight.com\/wp-content\/uploads\/2019\/02\/buttlerinthebuffporto-150x150.jpg 150w, https:\/\/henpartynight.com\/wp-content\/uploads\/2019\/02\/buttlerinthebuffporto-570x570.jpg 570w, https:\/\/henpartynight.com\/wp-content\/uploads\/2019\/02\/buttlerinthebuffporto-500x500.jpg 500w, https:\/\/henpartynight.com\/wp-content\/uploads\/2019\/02\/buttlerinthebuffporto-1000x1000.jpg 1000w, https:\/\/henpartynight.com\/wp-content\/uploads\/2019\/02\/buttlerinthebuffporto-300x300.jpg 300w, https:\/\/henpartynight.com\/wp-content\/uploads\/2019\/02\/buttlerinthebuffporto-100x100.jpg 100w\" data-sizes=\"(max-width: 150px) 100vw, 150px\" src=\"data:image\/svg+xml;base64,PHN2ZyB3aWR0aD0iMSIgaGVpZ2h0PSIxIiB4bWxucz0iaHR0cDovL3d3dy53My5vcmcvMjAwMC9zdmciPjwvc3ZnPg==\" style=\"--smush-placeholder-width: 150px; --smush-placeholder-aspect-ratio: 150\/150;\" \/><\/a><\/li><li><a itemprop=\"image\" class=\"qode-prettyphoto\" href=\"https:\/\/henpartynight.com\/wp-content\/uploads\/2017\/07\/boat-party-1024x556.jpg\" data-rel=\"prettyPhoto[rel-3753-2786116759]\"><img decoding=\"async\" width=\"150\" height=\"150\" data-src=\"https:\/\/henpartynight.com\/wp-content\/uploads\/2017\/07\/boat-party-150x150.jpg\" class=\"attachment-thumbnail lazyload\" alt=\"\" title=\"boat-party barcelone\" data-srcset=\"https:\/\/henpartynight.com\/wp-content\/uploads\/2017\/07\/boat-party-150x150.jpg 150w, https:\/\/henpartynight.com\/wp-content\/uploads\/2017\/07\/boat-party-300x300.jpg 300w, https:\/\/henpartynight.com\/wp-content\/uploads\/2017\/07\/boat-party-100x100.jpg 100w, https:\/\/henpartynight.com\/wp-content\/uploads\/2017\/07\/boat-party-570x570.jpg 570w, https:\/\/henpartynight.com\/wp-content\/uploads\/2017\/07\/boat-party-500x500.jpg 500w\" data-sizes=\"(max-width: 150px) 100vw, 150px\" src=\"data:image\/svg+xml;base64,PHN2ZyB3aWR0aD0iMSIgaGVpZ2h0PSIxIiB4bWxucz0iaHR0cDovL3d3dy53My5vcmcvMjAwMC9zdmciPjwvc3ZnPg==\" style=\"--smush-placeholder-width: 150px; --smush-placeholder-aspect-ratio: 150\/150;\" \/><\/a><\/li><li><a itemprop=\"image\" class=\"qode-prettyphoto\" href=\"https:\/\/henpartynight.com\/wp-content\/uploads\/2017\/07\/COCKTAIL-MAKING-CLASS-1024x721.jpg\" data-rel=\"prettyPhoto[rel-3753-2786116759]\"><img decoding=\"async\" width=\"150\" height=\"150\" data-src=\"https:\/\/henpartynight.com\/wp-content\/uploads\/2017\/07\/COCKTAIL-MAKING-CLASS-150x150.jpg\" class=\"attachment-thumbnail lazyload\" alt=\"\" title=\"COURS DE PR\u00c9PARATION DE COCKTAILS\" data-srcset=\"https:\/\/henpartynight.com\/wp-content\/uploads\/2017\/07\/COCKTAIL-MAKING-CLASS-150x150.jpg 150w, https:\/\/henpartynight.com\/wp-content\/uploads\/2017\/07\/COCKTAIL-MAKING-CLASS-100x100.jpg 100w, https:\/\/henpartynight.com\/wp-content\/uploads\/2017\/07\/COCKTAIL-MAKING-CLASS-300x300.jpg 300w, https:\/\/henpartynight.com\/wp-content\/uploads\/2017\/07\/COCKTAIL-MAKING-CLASS-570x570.jpg 570w, https:\/\/henpartynight.com\/wp-content\/uploads\/2017\/07\/COCKTAIL-MAKING-CLASS-500x500.jpg 500w, https:\/\/henpartynight.com\/wp-content\/uploads\/2017\/07\/COCKTAIL-MAKING-CLASS-1000x1000.jpg 1000w\" data-sizes=\"(max-width: 150px) 100vw, 150px\" src=\"data:image\/svg+xml;base64,PHN2ZyB3aWR0aD0iMSIgaGVpZ2h0PSIxIiB4bWxucz0iaHR0cDovL3d3dy53My5vcmcvMjAwMC9zdmciPjwvc3ZnPg==\" style=\"--smush-placeholder-width: 150px; --smush-placeholder-aspect-ratio: 150\/150;\" \/><\/a><\/li><li><a itemprop=\"image\" class=\"qode-prettyphoto\" href=\"https:\/\/henpartynight.com\/wp-content\/uploads\/2017\/07\/Strippers.jpg\" data-rel=\"prettyPhoto[rel-3753-2786116759]\"><img decoding=\"async\" width=\"150\" height=\"150\" data-src=\"https:\/\/henpartynight.com\/wp-content\/uploads\/2017\/07\/Strippers-150x150.jpg\" class=\"attachment-thumbnail lazyload\" alt=\"\" title=\"Strip-teaseuses\" data-srcset=\"https:\/\/henpartynight.com\/wp-content\/uploads\/2017\/07\/Strippers-150x150.jpg 150w, https:\/\/henpartynight.com\/wp-content\/uploads\/2017\/07\/Strippers-300x300.jpg 300w, https:\/\/henpartynight.com\/wp-content\/uploads\/2017\/07\/Strippers-100x100.jpg 100w\" data-sizes=\"(max-width: 150px) 100vw, 150px\" src=\"data:image\/svg+xml;base64,PHN2ZyB3aWR0aD0iMSIgaGVpZ2h0PSIxIiB4bWxucz0iaHR0cDovL3d3dy53My5vcmcvMjAwMC9zdmciPjwvc3ZnPg==\" style=\"--smush-placeholder-width: 150px; --smush-placeholder-aspect-ratio: 150\/150;\" \/><\/a><\/li><\/ul><\/div><\/div><\/div><\/div><\/div><\/div><div class=\"wpb_column vc_column_container vc_col-sm-6\"><div class=\"vc_column-inner\"><div class=\"wpb_wrapper\">\n\t<div class=\"wpb_text_column wpb_content_element\">\n\t\t<div class=\"wpb_wrapper\">\n\t\t\t<h1 style=\"text-align: center;\">R\u00c9SERVEZ MAINTENANT AVEC NOUS<\/h1>\n<p><strong>R\u00e9servez votre service en suivant les instructions de notre \u00e9quipe de vente.<\/strong><\/p>\n<p><strong>Paiement enti\u00e8rement garanti et r\u00e9ception de votre re\u00e7u en m\u00eame temps que vous effectuez le paiement, la garantie de l'entreprise leader du secteur.<\/strong><\/p>\n<p>&nbsp;<\/p>\n<div class=\"asp_product_buy_button\"><div class=\"asp-processing-cont\" style=\"display:none;\"><span class=\"asp-processing\">Traitement <i>.<\/i><i>.<\/i><i>.<\/i><\/span><\/div><form id=\"asp_ng_form_169d40041594da\" class=\"asp-stripe-form\" action=\"\"  method=\"POST\" data-trp-original-action=\"\"> <input type=\"hidden\" name=\"asp_product_id\" value=\"8388\" \/><div class=\"asp-child-hidden-fields\" style=\"display: none !important;\"><\/div><input type=\"hidden\" name=\"trp-form-language\" value=\"fr\"\/><\/form><div id=\"asp-all-buttons-container-169d40041594da\" class=\"asp_all_buttons_container\"><div class=\"asp_product_buy_btn_container\"><button id=\"asp_ng_button_169d40041594da\" type=\"submit\" class=\"stripe-button-el\" ><span>PAYER MAINTENANT<\/span><\/button><\/div><noscript>Stripe Payments n\u00e9cessite que Javascript soit pris en charge par le navigateur pour fonctionner.<\/noscript><\/div><div id=\"asp-btn-spinner-container-169d40041594da\" class=\"asp-btn-spinner-container\" style=\"display: none !important\"><div class=\"asp-btn-spinner\"><div><\/div><div><\/div><div><\/div><div><\/div><\/div><\/div><script>var asp_data_169d40041594da = {\"is_live\":true,\"product_id\":8388,\"iframe_url\":\"https:\\\/\\\/henpartynight.com\\\/fr\\\/asp-payment-box\\\/?product_id=8388\",\"button_key\":\"d122b6d757e26f6dc26d844a3c821de5\",\"item_price\":0,\"quantity\":1,\"custom_quantity\":\"\",\"description\":\"\",\"descrGenerated\":false,\"shipping\":0,\"tax\":0,\"image\":\"\",\"currency\":\"EUR\",\"currency_variable\":\"\",\"locale\":\"en\",\"name\":\"HENPARTYNIGHT SERVICE\",\"url\":\"\",\"amount\":0,\"billingAddress\":false,\"shippingAddress\":false,\"customer_email\":\"\",\"uniq_id\":\"169d40041594da\",\"variable\":true,\"zeroCents\":[\"JPY\",\"MGA\",\"VND\",\"KRW\"],\"addonHooks\":[],\"button_text\":\"PAY NOW\",\"out_of_stock\":false,\"stock_control_enabled\":false,\"stock_items\":0,\"currencyFormat\":{\"c\":2,\"d\":\".\",\"t\":\",\",\"s\":\"\\u20ac\",\"pos\":\"left\"},\"displayStr\":{\"tax\":\"%s (tva)\",\"ship\":\"%s (livraison)\"},\"thankyou_page_url\":\"\",\"show_custom_amount_input\":false};if(typeof jQuery!==\"undefined\") {jQuery(document).ready(function() {new stripeHandlerNG(asp_data_169d40041594da);});} else { if (typeof wpaspInitOnDocReady===\"undefined\") {var wpaspInitOnDocReady=[];} wpaspInitOnDocReady.push(asp_data_169d40041594da);}<\/script><\/div>\n\n\t\t<\/div>\n\t<\/div><\/div><\/div><\/div><\/div><\/div>\n<\/div>","protected":false},"excerpt":{"rendered":"BOOK NOW WITH US BOOK NOW WITH US Book your service according to the instructions of our sales team. Fully guaranteed payment and receive your receipt at the same time you make the payment, the guarantee of the leading company in the sector. &nbsp; Processing...","protected":false},"author":6,"featured_media":0,"parent":0,"menu_order":0,"comment_status":"closed","ping_status":"closed","template":"","meta":{"footnotes":""},"class_list":["post-3753","page","type-page","status-publish","hentry"],"aioseo_notices":[],"_links":{"self":[{"href":"https:\/\/henpartynight.com\/fr\/wp-json\/wp\/v2\/pages\/3753","targetHints":{"allow":["GET"]}}],"collection":[{"href":"https:\/\/henpartynight.com\/fr\/wp-json\/wp\/v2\/pages"}],"about":[{"href":"https:\/\/henpartynight.com\/fr\/wp-json\/wp\/v2\/types\/page"}],"author":[{"embeddable":true,"href":"https:\/\/henpartynight.com\/fr\/wp-json\/wp\/v2\/users\/6"}],"replies":[{"embeddable":true,"href":"https:\/\/henpartynight.com\/fr\/wp-json\/wp\/v2\/comments?post=3753"}],"version-history":[{"count":5,"href":"https:\/\/henpartynight.com\/fr\/wp-json\/wp\/v2\/pages\/3753\/revisions"}],"predecessor-version":[{"id":3763,"href":"https:\/\/henpartynight.com\/fr\/wp-json\/wp\/v2\/pages\/3753\/revisions\/3763"}],"wp:attachment":[{"href":"https:\/\/henpartynight.com\/fr\/wp-json\/wp\/v2\/media?parent=3753"}],"curies":[{"name":"wp","href":"https:\/\/api.w.org\/{rel}","templated":true}]}}