{"id":3270,"date":"2018-06-06T18:19:32","date_gmt":"2018-06-06T18:19:32","guid":{"rendered":"https:\/\/henpartynight.com\/politica-de-privacidad\/"},"modified":"2024-01-18T13:45:25","modified_gmt":"2024-01-18T13:45:25","slug":"politica-de-privacidad","status":"publish","type":"page","link":"https:\/\/henpartynight.com\/fr\/politica-de-privacidad\/","title":{"rendered":"Pol\u00edtica de Privacidad"},"content":{"rendered":"<div id=\"clickdatos\">\n<p>En cumplimiento de lo establecido en la RGPD, le informamos que sus datos ser\u00e1n tratados en nuestros ficheros, con la finalidad del mantenimiento y cumplimiento de la relaci\u00f3n con nuestra entidad, incluyendo el env\u00edo de comunicaciones en el marco de la citada relaci\u00f3n.<\/p>\n<p>As\u00ed mismo, sus datos ser\u00e1n cedidos en todos aquellos casos en que sea necesario para el desarrollo, cumplimiento y control de la relaci\u00f3n con nuestra entidad o en los supuestos en que lo autorice una norma con rango de ley. En cumplimiento de la RGPD puede ejercitar sus derechos ARCO ante <strong>HENPARTYNIGHT<\/strong>, con direcci\u00f3n en <strong>Travessera de Gracia 15 6-1, 08021 &#8211; BARCELONA<\/strong>, adjuntando fotocopia de su DNI.<\/p>\n<p>El contenido de esta comunicaci\u00f3n, as\u00ed como el de toda la documentaci\u00f3n anexa, est\u00e1 sujeta al deber de secreto y va dirigida \u00fanicamente a su destinatario. En el supuesto de que usted no fuera el destinatario, le solicitamos que nos lo indique y no comunique su contenido a terceros, procediendo a su destrucci\u00f3n.<\/p>\n<p>El prestador de servicios de la sociedad de la informaci\u00f3n deber\u00e1 tener en cuenta que, adem\u00e1s de la informaci\u00f3n que facilite a los destinatarios del servicio a trav\u00e9s de su \u201cPol\u00edtica de Privacidad\u201d, deber\u00e1 disponer de textos legales adicionales relativos a otras normativas de obligado cumplimiento, tales como, sin car\u00e1cter limitativo o excluyente, condiciones generales de la contrataci\u00f3n, propiedad intelectual e industrial, condiciones de utilizaci\u00f3n de la p\u00e1gina web y responsabilidades al respecto, o lo que la propia Ley 34\/2002, de 11 de julio, de Servicios de la Sociedad de la Informaci\u00f3n y de Comercio Electr\u00f3nico pueda establecer en cualesquiera otros preceptos al margen de su art\u00edculo 10 o incluso completar la informaci\u00f3n que, en relaci\u00f3n a \u00e9ste, fuese necesaria.<\/p>\n<\/div>\n<p>ENGLISH VERSION<\/p>\n<p><span data-word=\"in\">En<\/span>\u00a0<span data-word=\"compliance\">compliance<\/span>\u00a0<span data-word=\"with\">with<\/span>\u00a0<span data-word=\"the\">the<\/span>\u00a0<span data-word=\"established\">established<\/span>\u00a0<span data-word=\"in\">in<\/span>\u00a0<span data-word=\"the\">the<\/span>\u00a0<span data-word=\"rgpd\">RGPD,<\/span>\u00a0<span data-word=\"we\">we<\/span>\u00a0<span data-word=\"inform\">inform<\/span>\u00a0<span data-word=\"you\">you<\/span><span data-word=\"that\">that<\/span>\u00a0<span data-word=\"your\">your<\/span>\u00a0<span data-word=\"data\">data<\/span>\u00a0<span data-word=\"will\">will<\/span>\u00a0<span data-word=\"be\">be<\/span>\u00a0<span data-word=\"processed\">processed<\/span>\u00a0<span data-word=\"in\">in<\/span>\u00a0<span data-word=\"our\">our<\/span>\u00a0<span data-word=\"files\">files,<\/span>\u00a0<span data-word=\"with\">with<\/span>\u00a0<span data-word=\"the\">the<\/span>\u00a0<span data-word=\"purpose\">purpose<\/span><span data-word=\"of\">of<\/span>\u00a0<span data-word=\"maintenance\">maintenance<\/span>\u00a0<span data-word=\"and\">and<\/span>\u00a0<span data-word=\"compliance\">compliance<\/span>\u00a0<span data-word=\"of\">of<\/span>\u00a0<span data-word=\"the\">the<\/span>\u00a0<span data-word=\"relationship\">relationship<\/span>\u00a0<span data-word=\"with\">with<\/span>\u00a0<span data-word=\"our\">our<\/span><span data-word=\"organization\">Organization,<\/span>\u00a0<span data-word=\"including\">including<\/span>\u00a0<span data-word=\"the\">the<\/span>\u00a0<span data-word=\"sending\">sending<\/span>\u00a0<span data-word=\"of\">of<\/span>\u00a0<span data-word=\"communications\">communications<\/span>\u00a0<span data-word=\"within\">within<\/span><span data-word=\"the\">the<\/span>\u00a0<span data-word=\"framework\">framework<\/span>\u00a0<span data-word=\"of\">of<\/span>\u00a0<span data-word=\"the\">the<\/span>\u00a0<span data-word=\"aforementioned\">aforementioned<\/span>\u00a0<span data-word=\"relationship\">relationship.<\/span><\/p>\n<p><span data-word=\"likewise\">Likewise,<\/span>\u00a0<span data-word=\"your\">your<\/span>\u00a0<span data-word=\"data\">data<\/span>\u00a0<span data-word=\"will\">will<\/span>\u00a0<span data-word=\"be\">be<\/span>\u00a0<span data-word=\"transferred\">transferred<\/span>\u00a0<span data-word=\"in\">in<\/span>\u00a0<span data-word=\"all\">all<\/span>\u00a0<span data-word=\"those\">those<\/span>\u00a0<span data-word=\"cases\">cases<\/span>\u00a0<span data-word=\"where\">where<\/span><span data-word=\"it\">it<\/span>\u00a0<span data-word=\"is\">is<\/span>\u00a0<span data-word=\"necessary\">necessary<\/span>\u00a0<span data-word=\"for\">for<\/span>\u00a0<span data-word=\"the\">the<\/span>\u00a0<span data-word=\"development\">development,<\/span>\u00a0<span data-word=\"compliance\">compliance<\/span>\u00a0<span data-word=\"and\">and<\/span>\u00a0<span data-word=\"control\">control<\/span>\u00a0<span data-word=\"of\">of<\/span><span data-word=\"the\">the<\/span>\u00a0<span data-word=\"relationship\">relationship<\/span>\u00a0<span data-word=\"with\">with<\/span>\u00a0<span data-word=\"our\">our<\/span>\u00a0<span data-word=\"institution\">institution<\/span>\u00a0<span data-word=\"or\">or<\/span>\u00a0<span data-word=\"in\">in<\/span>\u00a0<span data-word=\"cases\">cases<\/span>\u00a0<span data-word=\"in\">in<\/span>\u00a0<span data-word=\"which\">which<\/span><span data-word=\"permitted\">permitted<\/span>\u00a0<span data-word=\"a\">a<\/span>\u00a0<span data-word=\"standard\">standard<\/span>\u00a0<span data-word=\"of\">of<\/span>\u00a0<span data-word=\"legal\">legal<\/span>\u00a0<span data-word=\"rank\">rank.<\/span>\u00a0<span data-word=\"in\">En<\/span>\u00a0<span data-word=\"compliance\">compliance<\/span>\u00a0<span data-word=\"with\">with<\/span>\u00a0<span data-word=\"the\">the<\/span><span data-word=\"rgpd\">RGPD<\/span>\u00a0<span data-word=\"can\">can<\/span>\u00a0<span data-word=\"exercise\">exercise<\/span>\u00a0<span data-word=\"their\">their<\/span>\u00a0<span data-word=\"rights\">rights<\/span>\u00a0<span data-word=\"bow\">bow<\/span>\u00a0<span data-word=\"before\">before<\/span>\u00a0<span data-word=\"henpartynight\">HENPARTYNIGHT,<\/span><span data-word=\"with\">with<\/span>\u00a0<span data-word=\"address\">address<\/span>\u00a0<span data-word=\"at\">at<\/span>\u00a0<span data-word=\"travessera\">Travessera<\/span>\u00a0<span data-word=\"de\">de<\/span>\u00a0<span data-word=\"gracia\">Gracia<\/span>\u00a0<span data-word=\"15\">15<\/span>\u00a0<span data-word=\"61\">6-1,<\/span>\u00a0<span data-word=\"08021\">08021<\/span>\u00a0<span data-word=\"\">&#8211;<\/span><span data-word=\"barcelona\">BARCELONA,<\/span>\u00a0<span data-word=\"enclosing\">enclosing<\/span>\u00a0<span data-word=\"a\">a<\/span>\u00a0<span data-word=\"photocopy\">photocopy<\/span>\u00a0<span data-word=\"of\">of<\/span>\u00a0<span data-word=\"your\">your<\/span>\u00a0<span data-word=\"id\">ID<\/span>\u00a0<span data-word=\"card\">card.<\/span><\/p>\n<p><span data-word=\"the\">The<\/span>\u00a0<span data-word=\"contents\">contents<\/span>\u00a0<span data-word=\"of\">of<\/span>\u00a0<span data-word=\"this\">this<\/span>\u00a0<span data-word=\"communication\">communication,<\/span>\u00a0<span data-word=\"as\">as<\/span>\u00a0<span data-word=\"well\">well<\/span>\u00a0<span data-word=\"as\">as<\/span>\u00a0<span data-word=\"all\">all<\/span><span data-word=\"accompanying\">accompanying<\/span>\u00a0<span data-word=\"documentation\">documentation,<\/span>\u00a0<span data-word=\"are\">are<\/span>\u00a0<span data-word=\"subject\">subject<\/span>\u00a0<span data-word=\"to\">to<\/span>\u00a0<span data-word=\"the\">the<\/span>\u00a0<span data-word=\"duty\">duty<\/span>\u00a0<span data-word=\"of\">of<\/span><span data-word=\"secrecy\">secrecy<\/span>\u00a0<span data-word=\"and\">and<\/span>\u00a0<span data-word=\"is\">is<\/span>\u00a0<span data-word=\"directed\">directed<\/span>\u00a0<span data-word=\"only\">only<\/span>\u00a0<span data-word=\"to\">to<\/span>\u00a0<span data-word=\"the\">the<\/span>\u00a0<span data-word=\"addressee\">addressee.<\/span>\u00a0<span data-word=\"in\">En<\/span>\u00a0<span data-word=\"the\">the<\/span>\u00a0<span data-word=\"event\">event<\/span>\u00a0<span data-word=\"that\">that<\/span><span data-word=\"you\">you<\/span>\u00a0<span data-word=\"were\">were<\/span>\u00a0<span data-word=\"not\">not<\/span>\u00a0<span data-word=\"the\">the<\/span>\u00a0<span data-word=\"recipient\">recipient,<\/span>\u00a0<span data-word=\"we\">we<\/span>\u00a0<span data-word=\"ask\">ask<\/span>\u00a0<span data-word=\"that\">that<\/span>\u00a0<span data-word=\"directed\">directed<\/span>\u00a0<span data-word=\"us\">us<\/span>\u00a0<span data-word=\"and\">and<\/span>\u00a0<span data-word=\"does\">does<\/span><span data-word=\"not\">not<\/span>\u00a0<span data-word=\"communicate\">communicate<\/span>\u00a0<span data-word=\"its\">its<\/span>\u00a0<span data-word=\"content\">content<\/span>\u00a0<span data-word=\"to\">to<\/span>\u00a0<span data-word=\"third\">third<\/span>\u00a0<span data-word=\"parties\">parties,<\/span>\u00a0<span data-word=\"proceeding\">proceeding<\/span>\u00a0<span data-word=\"to\">to<\/span><span data-word=\"their\">their<\/span>\u00a0<span data-word=\"destruction\">destruction.<\/span><\/p>\n<p><span data-word=\"the\">The<\/span>\u00a0<span data-word=\"provider\">provider<\/span>\u00a0<span data-word=\"of\">of<\/span>\u00a0<span data-word=\"information\">information<\/span>\u00a0<span data-word=\"society\">society<\/span>\u00a0<span data-word=\"services\">services<\/span>\u00a0<span data-word=\"must\">must<\/span>\u00a0<span data-word=\"take\">take<\/span>\u00a0<span data-word=\"into\">into<\/span><span data-word=\"account\">account<\/span>\u00a0<span data-word=\"that\">that,<\/span>\u00a0<span data-word=\"in\">in<\/span>\u00a0<span data-word=\"addition\">addition<\/span>\u00a0<span data-word=\"to\">to<\/span>\u00a0<span data-word=\"the\">the<\/span>\u00a0<span data-word=\"information\">information<\/span>\u00a0<span data-word=\"provided\">provided<\/span>\u00a0<span data-word=\"to\">to<\/span>\u00a0<span data-word=\"the\">the<\/span><span data-word=\"recipients\">recipients<\/span>\u00a0<span data-word=\"of\">of<\/span>\u00a0<span data-word=\"the\">the<\/span>\u00a0<span data-word=\"service\">service<\/span>\u00a0<span data-word=\"through\">through<\/span>\u00a0<span data-word=\"your\">your<\/span>\u00a0<span data-word=\"privacy\">&#8220;privacy<\/span>\u00a0<span data-word=\"policy\">policy&#8221;,<\/span>\u00a0<span data-word=\"must\">must<\/span><span data-word=\"have\">have<\/span>\u00a0<span data-word=\"additional\">additional<\/span>\u00a0<span data-word=\"legal\">legal<\/span>\u00a0<span data-word=\"texts\">texts<\/span>\u00a0<span data-word=\"relating\">relating<\/span>\u00a0<span data-word=\"to\">to<\/span>\u00a0<span data-word=\"other\">other<\/span>\u00a0<span data-word=\"regulations\">regulations<\/span>\u00a0<span data-word=\"must\">must<\/span><span data-word=\"be\">be<\/span>\u00a0<span data-word=\"complied\">complied<\/span>\u00a0<span data-word=\"with\">with,<\/span>\u00a0<span data-word=\"such\">such<\/span>\u00a0<span data-word=\"as\">as,<\/span>\u00a0<span data-word=\"without\">without<\/span>\u00a0<span data-word=\"limitation\">limitation<\/span>\u00a0<span data-word=\"or\">or<\/span>\u00a0<span data-word=\"exclusion\">exclusion<\/span><span data-word=\"character\">character,<\/span>\u00a0<span data-word=\"you\">you<\/span>\u00a0<span data-word=\"general\">general<\/span>\u00a0<span data-word=\"conditions\">conditions<\/span>\u00a0<span data-word=\"of\">of<\/span>\u00a0<span data-word=\"contracting\">contracting,<\/span>\u00a0<span data-word=\"intellectual\">intellectual<\/span><span data-word=\"and\">and<\/span>\u00a0<span data-word=\"industrial\">industrial<\/span>\u00a0<span data-word=\"property\">property,<\/span>\u00a0<span data-word=\"conditions\">conditions<\/span>\u00a0<span data-word=\"of\">of<\/span>\u00a0<span data-word=\"use\">use<\/span>\u00a0<span data-word=\"of\">of<\/span>\u00a0<span data-word=\"the\">the<\/span>\u00a0<span data-word=\"website\">website<\/span>\u00a0<span data-word=\"and\">and<\/span><span data-word=\"responsibilities\">responsibilities<\/span>\u00a0<span data-word=\"in\">in<\/span>\u00a0<span data-word=\"this\">this<\/span>\u00a0<span data-word=\"regard\">regard,<\/span>\u00a0<span data-word=\"or\">or<\/span>\u00a0<span data-word=\"what\">what<\/span>\u00a0<span data-word=\"the\">the<\/span>\u00a0<span data-word=\"own\">own<\/span>\u00a0<span data-word=\"law\">law<\/span>\u00a0<span data-word=\"34\">34<\/span>\u00a0<span data-word=\"\">\/<\/span>\u00a0<span data-word=\"2002\">2002,<\/span><span data-word=\"of\">of<\/span>\u00a0<span data-word=\"11\">11<\/span>\u00a0<span data-word=\"july\">July,<\/span>\u00a0<span data-word=\"of\">of<\/span>\u00a0<span data-word=\"services\">services<\/span>\u00a0<span data-word=\"of\">of<\/span>\u00a0<span data-word=\"the\">the<\/span>\u00a0<span data-word=\"information\">information<\/span>\u00a0<span data-word=\"society\">society<\/span>\u00a0<span data-word=\"and\">and<\/span>\u00a0<span data-word=\"electronic\">electronic<\/span><span data-word=\"commerce\">commerce<\/span>\u00a0<span data-word=\"can\">can<\/span>\u00a0<span data-word=\"be\">be<\/span>\u00a0<span data-word=\"established\">established<\/span>\u00a0<span data-word=\"in\">in<\/span>\u00a0<span data-word=\"any\">any<\/span>\u00a0<span data-word=\"other\">other<\/span>\u00a0<span data-word=\"precepts\">precepts<\/span>\u00a0<span data-word=\"regardless\">regardless<\/span><span data-word=\"of\">of<\/span>\u00a0<span data-word=\"article\">article<\/span>\u00a0<span data-word=\"10\">10<\/span>\u00a0<span data-word=\"or\">or<\/span>\u00a0<span data-word=\"even\">even<\/span>\u00a0<span data-word=\"complete\">complete<\/span>\u00a0<span data-word=\"the\">the<\/span>\u00a0<span data-word=\"information\">information<\/span>\u00a0<span data-word=\"that\">that,<\/span>\u00a0<span data-word=\"in\">in<\/span>\u00a0<span data-word=\"relation\">relation<\/span><span data-word=\"to\">to<\/span>\u00a0<span data-word=\"this\">this,<\/span>\u00a0<span data-word=\"is\">is<\/span>\u00a0<span data-word=\"necessary\">necessary.<\/span><\/p>\n<p>&nbsp;<\/p>","protected":false},"excerpt":{"rendered":"<p>En cumplimiento de lo establecido en la RGPD, le informamos que sus datos ser\u00e1n tratados en nuestros ficheros, con la finalidad del mantenimiento y cumplimiento de la relaci\u00f3n con nuestra entidad, incluyendo el env\u00edo de comunicaciones en el marco de la citada relaci\u00f3n. As\u00ed mismo,&#8230;<\/p>","protected":false},"author":6,"featured_media":0,"parent":0,"menu_order":0,"comment_status":"closed","ping_status":"closed","template":"","meta":{"footnotes":""},"class_list":["post-3270","page","type-page","status-publish","hentry"],"aioseo_notices":[],"_links":{"self":[{"href":"https:\/\/henpartynight.com\/fr\/wp-json\/wp\/v2\/pages\/3270","targetHints":{"allow":["GET"]}}],"collection":[{"href":"https:\/\/henpartynight.com\/fr\/wp-json\/wp\/v2\/pages"}],"about":[{"href":"https:\/\/henpartynight.com\/fr\/wp-json\/wp\/v2\/types\/page"}],"author":[{"embeddable":true,"href":"https:\/\/henpartynight.com\/fr\/wp-json\/wp\/v2\/users\/6"}],"replies":[{"embeddable":true,"href":"https:\/\/henpartynight.com\/fr\/wp-json\/wp\/v2\/comments?post=3270"}],"version-history":[{"count":1,"href":"https:\/\/henpartynight.com\/fr\/wp-json\/wp\/v2\/pages\/3270\/revisions"}],"predecessor-version":[{"id":3273,"href":"https:\/\/henpartynight.com\/fr\/wp-json\/wp\/v2\/pages\/3270\/revisions\/3273"}],"wp:attachment":[{"href":"https:\/\/henpartynight.com\/fr\/wp-json\/wp\/v2\/media?parent=3270"}],"curies":[{"name":"wp","href":"https:\/\/api.w.org\/{rel}","templated":true}]}}