{"id":3122,"date":"2017-07-12T10:02:41","date_gmt":"2017-07-12T10:02:41","guid":{"rendered":"https:\/\/henpartynight.com\/?page_id=3122"},"modified":"2024-01-18T13:45:26","modified_gmt":"2024-01-18T13:45:26","slug":"madrid","status":"publish","type":"page","link":"https:\/\/henpartynight.com\/fr\/stag-party\/madrid\/","title":{"rendered":"Madrid"},"content":{"rendered":"<div class=\"wpb-content-wrapper\"><div data-q_id=\"#app\"    class=\"vc_row wpb_row section vc_row-fluid  vc_custom_1455181468772 grid_section\" style=' text-align:center;'><div class=\"section_inner clearfix\"><div class='section_inner_margin clearfix'><div class=\"wpb_column vc_column_container vc_col-sm-10 vc_col-lg-offset-3 vc_col-lg-6 vc_col-md-offset-3 vc_col-md-6 vc_col-sm-offset-1\"><div class=\"vc_column-inner\"><div class=\"wpb_wrapper\">\n\t<div class=\"wpb_text_column wpb_content_element\">\n\t\t<div class=\"wpb_wrapper\">\n\t\t\t<h2>Stag Party Madrid<\/h2>\n\n\t\t<\/div>\n\t<\/div><div class=\"separator  small center\" style=\"\"><\/div>\n\t<div class=\"wpb_text_column wpb_content_element\">\n\t\t<div class=\"wpb_wrapper\">\n\t\t\t<h3>We specialize in the organization of all kinds of events with more than 25 years of experience in Madrid Stag Party Madrid, farewell Madrid, Madrid weddings, private parties Madrid.<\/h3>\n\n\t\t<\/div>\n\t<\/div><\/div><\/div><\/div><\/div><\/div><\/div><div      class=\"vc_row wpb_row section vc_row-fluid  vc_custom_1455201911382 grid_section\" style='background-color:#f5f5f5; text-align:center;'><div class=\"section_inner clearfix\"><div class='section_inner_margin clearfix'><div class=\"wpb_column vc_column_container vc_col-sm-6\"><div class=\"vc_column-inner\"><div class=\"wpb_wrapper\">\n\t<div class=\"wpb_text_column wpb_content_element\">\n\t\t<div class=\"wpb_wrapper\">\n\t\t\t<h2>See how Stag Party Night fulfills your wishes and needs in Madrid, count on us.<\/h2>\n\n\t\t<\/div>\n\t<\/div><div class=\"separator  small center\" style=\"\"><\/div>\n\t<div class=\"wpb_text_column wpb_content_element\">\n\t\t<div class=\"wpb_wrapper\">\n\t\t\t<p>The specialists of Stag Party Night advise you at all times so that your event in Madrid is unique and original and especially at the best price of the market in Madrid.<\/p>\n<h3>Stag Party Madrid<\/h3>\n<h3>\u00a1Les id\u00e9es originales !<\/h3>\n\n\t\t<\/div>\n\t<\/div><div class=\"separator  transparent\" style=\"margin-top: 35px;margin-bottom: 0px;height: 0px;\"><\/div>\n\t<div class=\"wpb_text_column wpb_content_element\">\n\t\t<div class=\"wpb_wrapper\">\n\t\t\t<p style=\"text-align: left;\">Stag Party Madrid: If you want to have fun as ever, Madrid offers you endless quality services, original ideas, fun and cheap that you can combine as you like until you configure a pack that fits your taste and budget.<\/p>\n<p style=\"text-align: left;\">Entre autres services, nous pouvons vous proposer dans cette destination ou \u00e0 proximit\u00e9 :<\/p>\n<p style=\"text-align: left;\">Une large s\u00e9lection de restaurants, o\u00f9, en plus d'un d\u00e9licieux menu, vous pourrez assister \u00e0 l'un de nos spectacles comiques et \u00e9rotiques.<br \/>\nLimousines : de la Lincoln Town car de 8 places au spectaculaire Hummer<br \/>\nBoissons : billets, boissons et gestion des listes dans certains des lieux les plus branch\u00e9s de la ville.<br \/>\nSpectacles comiques : acteurs comiques dans le r\u00f4le de faux serveurs, drags et monologues spectaculaires<br \/>\nSpectacles de strip-tease : des gar\u00e7ons et des strip-teaseurs d'une autre galaxie, des figures internationales qui feront monter de plusieurs degr\u00e9s la temp\u00e9rature de votre f\u00eate.<br \/>\nActivit\u00e9s pour les groupes : paintball, karting, spa, tuppersex, humour jaune, f\u00eates en catamaran ...<br \/>\nService de minibus et h\u00e9bergement<br \/>\nMadrid bridal showers &#8211; Only services of proven quality!<br \/>\nAteliers cocktails<br \/>\nBicibirra<br \/>\nTours en Segway<br \/>\nRisoterapia et ateliers de danse, pole dance ...<br \/>\nCollective dismissals Madrid:<\/p>\n<p style=\"text-align: left;\">Dinner and all-inclusive show where you can enjoy your Stag party Madrid with many other groups of boys and girls<br \/>\nH\u00e9bergement dans des \u00e9tablissements de toutes cat\u00e9gories, des pensions aux h\u00f4tels de 5 *****.<\/p>\n<p style=\"text-align: left;\">Packs pour groupes \u00e0 des prix imbattables<\/p>\n<p style=\"text-align: left;\">Si vous ne savez pas par o\u00f9 commencer, nous vous informerons sans compromis, nous \u00e9valuerons votre budget et nous vous pr\u00e9senterons plusieurs propositions qui ne d\u00e9passeront pas le nombre que vous aviez pr\u00e9vu.<\/p>\n<p style=\"text-align: left;\">Stag Party Night garantit par contrat la fourniture de tous les services convenus et le remboursement int\u00e9gral des montants port\u00e9s au compte en cas de force majeure ou d'annulation due \u00e0 notre responsabilit\u00e9.<\/p>\n<p style=\"text-align: left;\">De plus, nous nous assurons que tous nos collaborateurs r\u00e9pondent aux exigences l\u00e9gales afin que vous puissiez profiter de votre \u00e9v\u00e9nement en toute s\u00e9r\u00e9nit\u00e9.<\/p>\n<p style=\"text-align: left;\">Enfin, nous vous rappelons que notre gestion ne se termine pas avec votre enterrement de vie de gar\u00e7on, mais qu'en tant que client de Stag Party Night, vous b\u00e9n\u00e9ficierez d'une s\u00e9rie d'avantages, de cadeaux et de r\u00e9ductions dans les entreprises de votre ville qui vous rendront certainement la vie un peu plus agr\u00e9able.<\/p>\n<p style=\"text-align: left;\">D\u00e9couvrez-le sans compromis, nous vous attendons.<\/p>\n<p style=\"text-align: left;\">Stag Party Madrid at the best market price only in STAG PARTY NIGHT &#8211; Madrid Stag Party &#8211; Stag Party Madrid<\/p>\n\n\t\t<\/div>\n\t<\/div><div class=\"separator  transparent\" style=\"margin-top: 39px;margin-bottom: 0px;height: 0px;\"><\/div><a  itemprop=\"url\" href=\"https:\/\/henpartynight.com\/fr\/contacter-la-soiree-denterrement-de-vie-de-jeune-fille\/\" target=\"_self\"  class=\"qbutton  medium white default\" style=\"\">Demandez votre budget sans engagement<\/a><div class=\"separator  transparent\" style=\"margin-top: 53px;margin-bottom: 0px;height: 0px;\"><\/div><\/div><\/div><\/div><div class=\"wpb_column vc_column_container vc_col-sm-6\"><div class=\"vc_column-inner\"><div class=\"wpb_wrapper\"><div class=\"separator  transparent\" style=\"margin-top: 4px;margin-bottom: 0px;height: 0px;\"><\/div>\n\t<div class=\"wpb_single_image wpb_content_element vc_align_center\">\n\t\t<div class=\"wpb_wrapper\">\n\t\t\t\n\t\t\t<div class=\"vc_single_image-wrapper   vc_box_border_grey\"><img decoding=\"async\" width=\"150\" height=\"150\" data-src=\"https:\/\/henpartynight.com\/wp-content\/uploads\/2017\/06\/HenPartyNight-150x150.png\" class=\"vc_single_image-img attachment-thumbnail lazyload\" alt=\"\" title=\"Nuit de f\u00eate\" data-srcset=\"https:\/\/henpartynight.com\/wp-content\/uploads\/2017\/06\/HenPartyNight-150x150.png 150w, https:\/\/henpartynight.com\/wp-content\/uploads\/2017\/06\/HenPartyNight-300x300.png 300w, https:\/\/henpartynight.com\/wp-content\/uploads\/2017\/06\/HenPartyNight-100x100.png 100w, https:\/\/henpartynight.com\/wp-content\/uploads\/2017\/06\/HenPartyNight-570x570.png 570w, https:\/\/henpartynight.com\/wp-content\/uploads\/2017\/06\/HenPartyNight-500x500.png 500w\" data-sizes=\"(max-width: 150px) 100vw, 150px\" src=\"data:image\/svg+xml;base64,PHN2ZyB3aWR0aD0iMSIgaGVpZ2h0PSIxIiB4bWxucz0iaHR0cDovL3d3dy53My5vcmcvMjAwMC9zdmciPjwvc3ZnPg==\" style=\"--smush-placeholder-width: 150px; --smush-placeholder-aspect-ratio: 150\/150;\" \/><\/div>\n\t\t<\/div>\n\t<\/div>\n\n\t<div class=\"wpb_single_image wpb_content_element vc_align_center  qode_image_hover_zoom_in\">\n\t\t<div class=\"wpb_wrapper\">\n\t\t\t\n\t\t\t<div class=\"vc_single_image-wrapper   vc_box_border_grey\"><img fetchpriority=\"high\" decoding=\"async\" width=\"300\" height=\"183\" src=\"https:\/\/henpartynight.com\/wp-content\/uploads\/2017\/06\/madrid-300x183.jpeg\" class=\"vc_single_image-img attachment-medium\" alt=\"\" title=\"madrid\" srcset=\"https:\/\/henpartynight.com\/wp-content\/uploads\/2017\/06\/madrid-300x183.jpeg 300w, https:\/\/henpartynight.com\/wp-content\/uploads\/2017\/06\/madrid-600x365.jpeg 600w, https:\/\/henpartynight.com\/wp-content\/uploads\/2017\/06\/madrid-768x467.jpeg 768w, https:\/\/henpartynight.com\/wp-content\/uploads\/2017\/06\/madrid.jpeg 1024w, https:\/\/henpartynight.com\/wp-content\/uploads\/2017\/06\/madrid-700x426.jpeg 700w\" sizes=\"(max-width: 300px) 100vw, 300px\" \/><\/div>\n\t\t<\/div>\n\t<\/div>\n\n\t<div class=\"wpb_text_column wpb_content_element\">\n\t\t<div class=\"wpb_wrapper\">\n\t\t\t\n<div class=\"wpcf7 no-js\" id=\"wpcf7-f2909-o1\" lang=\"es-ES\" dir=\"ltr\" data-wpcf7-id=\"2909\">\n<div class=\"screen-reader-response\"><p role=\"status\" aria-live=\"polite\" aria-atomic=\"true\"><\/p> <ul><\/ul><\/div>\n<form action=\"\/fr\/wp-json\/wp\/v2\/pages\/3122#wpcf7-f2909-o1\" method=\"post\" class=\"wpcf7-form init\" aria-label=\"Formulario de contacto\" novalidate=\"novalidate\" data-status=\"init\" data-trp-original-action=\"\/fr\/wp-json\/wp\/v2\/pages\/3122#wpcf7-f2909-o1\">\n<fieldset class=\"hidden-fields-container\"><input type=\"hidden\" name=\"_wpcf7\" value=\"2909\" \/><input type=\"hidden\" name=\"_wpcf7_version\" value=\"6.1.5\" \/><input type=\"hidden\" name=\"_wpcf7_locale\" value=\"es_ES\" \/><input type=\"hidden\" name=\"_wpcf7_unit_tag\" value=\"wpcf7-f2909-o1\" \/><input type=\"hidden\" name=\"_wpcf7_container_post\" value=\"0\" \/><input type=\"hidden\" name=\"_wpcf7_posted_data_hash\" value=\"\" \/><input type=\"hidden\" name=\"_wpcf7_recaptcha_response\" value=\"\" \/>\n<\/fieldset>\n<label> Nom (obligatoire)\n    <span class=\"wpcf7-form-control-wrap\" data-name=\"your-name\"><input size=\"40\" maxlength=\"400\" class=\"wpcf7-form-control wpcf7-text wpcf7-validates-as-required\" aria-required=\"true\" aria-invalid=\"false\" value=\"\" type=\"text\" name=\"your-name\" \/><\/span> <\/label>\n\n<label> Votre adresse \u00e9lectronique (obligatoire)\n    <span class=\"wpcf7-form-control-wrap\" data-name=\"your-email\"><input size=\"40\" maxlength=\"400\" class=\"wpcf7-form-control wpcf7-email wpcf7-validates-as-required wpcf7-text wpcf7-validates-as-email\" aria-required=\"true\" aria-invalid=\"false\" value=\"\" type=\"email\" name=\"your-email\" \/><\/span> <\/label>\n\n<label> Votre t\u00e9l\u00e9phone + code pays (obligatoire)\n<span class=\"wpcf7-form-control-wrap\" data-name=\"telefono\"><input size=\"40\" maxlength=\"400\" class=\"wpcf7-form-control wpcf7-tel wpcf7-validates-as-required wpcf7-text wpcf7-validates-as-tel\" aria-required=\"true\" aria-invalid=\"false\" placeholder=\"Exemple-+336xxxxx\" value=\"\" type=\"tel\" name=\"telefono\" \/><\/span> <\/label>\n\n<label> SERVICE DESTINATION (obligatoire)\n   <span class=\"wpcf7-form-control-wrap\" data-name=\"City\"><select class=\"wpcf7-form-control wpcf7-select wpcf7-validates-as-required\" aria-required=\"true\" aria-invalid=\"false\" name=\"City\"><option value=\"Barcelona\">Barcelone<\/option><option value=\"Madrid\">Madrid<\/option><option value=\"Ibiza\">Ibiza<\/option><option value=\"Mallorca\">Majorque<\/option><option value=\"Marbella\">Marbella<\/option><option value=\"Valencia\">Valence<\/option><option value=\"Sitges\">Sitges<\/option><option value=\"Lloret de Mar\">Lloret de Mar<\/option><option value=\"Benidorm\">Benidorm<\/option><option value=\"Oporto\">Porto<\/option><option value=\"Albuferia\">Albuferia<\/option><option value=\"Lisbon\">Lisbonne<\/option><option value=\"Warsaw\">Varsovie<\/option><\/select><\/span> <\/label>\n\n<label> Service\n    <span class=\"wpcf7-form-control-wrap\" data-name=\"Service\"><select class=\"wpcf7-form-control wpcf7-select wpcf7-validates-as-required\" aria-required=\"true\" aria-invalid=\"false\" name=\"Service\"><option value=\"Cheeky Butler\">Majordome effront\u00e9<\/option><option value=\"Cocktail Class\">Cours sur les cocktails<\/option><option value=\"Stripper\">Stripteaseur<\/option><option value=\"Boat Party\">F\u00eate du bateau<\/option><option value=\"Dwarf\">Nain<\/option><option value=\"Limousines\">Limousines<\/option><option value=\"Life Drawing\">Dessin d'apr\u00e8s nature<\/option><option value=\"Bar Crawl\">Tourn\u00e9e des bars<\/option><option value=\"Mud Wrestling\">Lutte dans la boue<\/option><option value=\"Wedding Planning\">Planification du mariage<\/option><\/select><\/span> <\/label>\n\n<label> Message\n    <span class=\"wpcf7-form-control-wrap\" data-name=\"your-message\"><textarea cols=\"40\" rows=\"10\" maxlength=\"2000\" class=\"wpcf7-form-control wpcf7-textarea\" aria-invalid=\"false\" name=\"your-message\"><\/textarea><\/span> <\/label>\n\n<br><span><span class=\"wpcf7-form-control-wrap\" data-name=\"acceptance-279\"><span class=\"wpcf7-form-control wpcf7-acceptance\"><span class=\"wpcf7-list-item\"><input type=\"checkbox\" name=\"acceptance-279\" value=\"1\" aria-invalid=\"false\" \/><\/span><\/span><\/span> J'ai lu et j'accepte les <a target=\"_blank\" rel=\"nofollow noopener noreferrer\" href=\"https:\/\/henpartynight.com\/fr\/avisos-legales\/\">Conseiller juridique<\/a> y la <a target=\"_blank\" rel=\"nofollow noopener noreferrer\" href=\"https:\/\/henpartynight.com\/fr\/politica-de-privacidad\/\">Politique de confidentialit\u00e9<\/a>.<\/span><br><input class=\"wpcf7-form-control wpcf7-submit has-spinner\" type=\"submit\" value=\"Envoyer\" \/><div class=\"wpcf7-response-output\" aria-hidden=\"true\"><\/div>\n<input type=\"hidden\" name=\"trp-form-language\" value=\"fr\"\/><\/form>\n<\/div>\n\n\n\t\t<\/div>\n\t<\/div><\/div><\/div><\/div><\/div><\/div><\/div><div   data-q_id=\"#features\"    class=\"vc_row wpb_row section vc_row-fluid  vc_custom_1455202688560 grid_section\" style='background-color:#f5f5f5; text-align:left;'><div class=\"section_inner clearfix\"><div class='section_inner_margin clearfix'><div class=\"wpb_column vc_column_container vc_col-sm-4\"><div class=\"vc_column-inner\"><div class=\"wpb_wrapper\"><div class='q_icon_with_title tiny normal_icon'><div class=\"icon_holder\" style=\" \"><span data-icon-type=\"normal\"  data-icon-hover-color=\"#1abc9c\" style=\"font-size: 60px;\" class=\"qode_iwt_icon_holder q_font_awsome_icon fa-lg\"><i class=\"qodef-icon-linea-icon icon-basic-cloud qode_iwt_icon_element\" style=\"color: #b7b7b7;\" ><\/i><\/span><\/div><div class=\"icon_text_holder\" style=\"padding-left:70px;\"><div class=\"icon_text_inner\" style=\"\"><h4 class=\"icon_title\" style=\"\">Enterrement de vie de jeune fille<\/h4><p style=''>Nous avons l'exp\u00e9rience d'organiser des milliers et des milliers d'adieux, en donnant \u00e0 la mari\u00e9e le meilleur adieu possible, tout en \u00e9vitant la tension de trouver les meilleurs h\u00f4tels et les meilleures choses \u00e0 faire, aux meilleurs prix possibles.<\/p><\/div><\/div><\/div><\/div><\/div><\/div><div class=\"wpb_column vc_column_container vc_col-sm-4\"><div class=\"vc_column-inner\"><div class=\"wpb_wrapper\"><div class='q_icon_with_title tiny normal_icon'><div class=\"icon_holder\" style=\" \"><span data-icon-type=\"normal\"  data-icon-hover-color=\"#1abc9c\" style=\"font-size: 60px;\" class=\"qode_iwt_icon_holder q_font_awsome_icon fa-lg\"><i class=\"qodef-icon-linea-icon icon-basic-flag2 qode_iwt_icon_element\" style=\"color: #b7b7b7;\" ><\/i><\/span><\/div><div class=\"icon_text_holder\" style=\"padding-left:70px;\"><div class=\"icon_text_inner\" style=\"\"><h4 class=\"icon_title\" style=\"\">Enterrement de vie de gar\u00e7on<\/h4><p style=''>Nous avons l'exp\u00e9rience de l'organisation de milliers et de milliers d'adieux, en donnant au mari\u00e9 le meilleur adieu possible, tout cela sans la tension de trouver les meilleurs h\u00f4tels et les meilleures choses \u00e0 faire, aux meilleurs prix possibles.<\/p><\/div><\/div><\/div><\/div><\/div><\/div><div class=\"wpb_column vc_column_container vc_col-sm-4\"><div class=\"vc_column-inner\"><div class=\"wpb_wrapper\"><div class='q_icon_with_title tiny normal_icon'><div class=\"icon_holder\" style=\" \"><span data-icon-type=\"normal\"  data-icon-hover-color=\"#1abc9c\" style=\"font-size: 60px;\" class=\"qode_iwt_icon_holder q_font_awsome_icon fa-lg\"><i class=\"qodef-icon-linea-icon icon-basic-chronometer qode_iwt_icon_element\" style=\"color: #b7b7b7;\" ><\/i><\/span><\/div><div class=\"icon_text_holder\" style=\"padding-left:70px;\"><div class=\"icon_text_inner\" style=\"\"><h4 class=\"icon_title\" style=\"\">Ev\u00e9nements<\/h4><p style=''>HEN PARTY NIGHT organise et g\u00e8re tous les services pour l'organisation d'\u00e9v\u00e9nements, quels que soient vos besoins et votre budget, dans des forfaits personnalis\u00e9s. Nous avons g\u00e9r\u00e9 des centaines d'\u00e9v\u00e9nements, tant familiaux que professionnels et sociaux. Nous mettons \u00e0 votre disposition toute cette \u00e9norme exp\u00e9rience en coordonnant une \u00e9quipe d'entreprises de premier niveau qui travaillent dans un esprit de collaboration.<\/p><\/div><\/div><\/div><\/div><\/div><\/div><\/div><\/div><\/div><section   data-q_id=\"#download\"    data-speed=\"1\" class=\"parallax_section_holder lazyload\" style = \" height:px; background-image:inherit;\" data-bg-image=\"url(&#039;https:\/\/henpartynight.com\/wp-content\/uploads\/2016\/02\/parallax2.jpg&#039;)\"><div class=\"parallax_content_full_width center\" ><div class='parallax_section_inner_margin clearfix'><div class=\"wpb_column vc_column_container vc_col-sm-12\"><div class=\"vc_column-inner vc_custom_1455031145900\"><div class=\"wpb_wrapper\"><div class=\"custom_font_holder\" style=\"font-family: Raleway ; font-size: 126px; line-height: 126px; font-style: normal; font-weight: 700; color: #ffffff; text-decoration: none; letter-spacing: 0px; text-align: center;\">Contact<\/div><div class=\"separator  transparent\" style=\"margin-top: 24px;margin-bottom: 0px;height: 0px;\"><\/div><div class='image_hover' style='' data-transition-delay=''><div class='images_holder'><a itemprop='url' href='https:\/\/henpartynight.com\/fr\/contacter-la-soiree-denterrement-de-vie-de-jeune-fille\/' target='_self'><img itemprop='image' class='active_image lazyload' data-src='https:\/\/henpartynight.com\/wp-content\/uploads\/2016\/02\/contacto-e1497858602971.png' alt='Main Image' src='data:image\/svg+xml;base64,PHN2ZyB3aWR0aD0iMSIgaGVpZ2h0PSIxIiB4bWxucz0iaHR0cDovL3d3dy53My5vcmcvMjAwMC9zdmciPjwvc3ZnPg==' style='--smush-placeholder-width: 451px; --smush-placeholder-aspect-ratio: 451\/200;' \/><img itemprop='image' class='hover_image lazyload' data-src='https:\/\/henpartynight.com\/wp-content\/uploads\/2016\/02\/contacto-e1497858602971.png' alt='Hover Image' src='data:image\/svg+xml;base64,PHN2ZyB3aWR0aD0iMSIgaGVpZ2h0PSIxIiB4bWxucz0iaHR0cDovL3d3dy53My5vcmcvMjAwMC9zdmciPjwvc3ZnPg==' style='--smush-placeholder-width: 451px; --smush-placeholder-aspect-ratio: 451\/200;' \/><\/a><\/div><\/div><\/div><\/div><\/div><\/div><\/div><\/section>\n<\/div>","protected":false},"excerpt":{"rendered":"Stag Party Madrid We specialize in the organization of all kinds of events with more than 25 years of experience in Madrid Stag Party Madrid, farewell Madrid, Madrid weddings, private parties Madrid. See how Stag Party Night fulfills your wishes and needs in Madrid, count...","protected":false},"author":6,"featured_media":0,"parent":3114,"menu_order":0,"comment_status":"closed","ping_status":"closed","template":"full_width.php","meta":{"footnotes":""},"class_list":["post-3122","page","type-page","status-publish","hentry"],"aioseo_notices":[],"_links":{"self":[{"href":"https:\/\/henpartynight.com\/fr\/wp-json\/wp\/v2\/pages\/3122","targetHints":{"allow":["GET"]}}],"collection":[{"href":"https:\/\/henpartynight.com\/fr\/wp-json\/wp\/v2\/pages"}],"about":[{"href":"https:\/\/henpartynight.com\/fr\/wp-json\/wp\/v2\/types\/page"}],"author":[{"embeddable":true,"href":"https:\/\/henpartynight.com\/fr\/wp-json\/wp\/v2\/users\/6"}],"replies":[{"embeddable":true,"href":"https:\/\/henpartynight.com\/fr\/wp-json\/wp\/v2\/comments?post=3122"}],"version-history":[{"count":2,"href":"https:\/\/henpartynight.com\/fr\/wp-json\/wp\/v2\/pages\/3122\/revisions"}],"predecessor-version":[{"id":3124,"href":"https:\/\/henpartynight.com\/fr\/wp-json\/wp\/v2\/pages\/3122\/revisions\/3124"}],"up":[{"embeddable":true,"href":"https:\/\/henpartynight.com\/fr\/wp-json\/wp\/v2\/pages\/3114"}],"wp:attachment":[{"href":"https:\/\/henpartynight.com\/fr\/wp-json\/wp\/v2\/media?parent=3122"}],"curies":[{"name":"wp","href":"https:\/\/api.w.org\/{rel}","templated":true}]}}