{"id":10420,"date":"2023-07-19T11:33:45","date_gmt":"2023-07-19T11:33:45","guid":{"rendered":"https:\/\/henpartynight.com\/?page_id=10420"},"modified":"2024-01-18T13:42:17","modified_gmt":"2024-01-18T13:42:17","slug":"escape-room","status":"publish","type":"page","link":"https:\/\/henpartynight.com\/fr\/escape-room\/","title":{"rendered":"ESCAPE ROOM"},"content":{"rendered":"<div class=\"wpb-content-wrapper\"><div data-q_id=\"#app\"    class=\"vc_row wpb_row section vc_row-fluid  vc_custom_1455181468772 grid_section\" style=' text-align:center;'><div class=\"section_inner clearfix\"><div class='section_inner_margin clearfix'><div class=\"wpb_column vc_column_container vc_col-sm-10 vc_col-lg-offset-3 vc_col-lg-6 vc_col-md-offset-3 vc_col-md-6 vc_col-sm-offset-1\"><div class=\"vc_column-inner\"><div class=\"wpb_wrapper\">\n\t<div class=\"wpb_text_column wpb_content_element\">\n\t\t<div class=\"wpb_wrapper\">\n\t\t\t<h2>Escape Room<\/h2>\n\n\t\t<\/div>\n\t<\/div><div class=\"separator  small center\" style=\"\"><\/div>\n\t<div class=\"wpb_text_column wpb_content_element\">\n\t\t<div class=\"wpb_wrapper\">\n\t\t\t<h3>Escape Room &#8211; Celebrate your event and work to take on the challenge of puzzling together your escape from an escape room.\u00a0<\/h3>\n<h3>We are specialists in organizing all kinds of events with more than 25 years of experience in the sector. Hens parties, bachelor parties, weddings, private parties.<\/h3>\n\n\t\t<\/div>\n\t<\/div><\/div><\/div><\/div><\/div><\/div><\/div><div      class=\"vc_row wpb_row section vc_row-fluid  vc_custom_1455201911382 grid_section\" style='background-color:#f5f5f5; text-align:center;'><div class=\"section_inner clearfix\"><div class='section_inner_margin clearfix'><div class=\"wpb_column vc_column_container vc_col-sm-6\"><div class=\"vc_column-inner\"><div class=\"wpb_wrapper\">\n\t<div class=\"wpb_text_column wpb_content_element\">\n\t\t<div class=\"wpb_wrapper\">\n\t\t\t<h2>Veillez \u00e0 ce que Hen Party Night r\u00e9ponde \u00e0 vos souhaits et \u00e0 vos besoins, comptez sur nous.<\/h2>\n\n\t\t<\/div>\n\t<\/div><div class=\"separator  small center\" style=\"\"><\/div>\n\t<div class=\"wpb_text_column wpb_content_element\">\n\t\t<div class=\"wpb_wrapper\">\n\t\t\t<h3>Les sp\u00e9cialistes de Hen Party Night vous conseillent \u00e0 tout moment pour que votre \u00e9v\u00e9nement soit unique et original et surtout au meilleur prix du march\u00e9.<\/h3>\n\n\t\t<\/div>\n\t<\/div><div class=\"separator  transparent\" style=\"margin-top: 35px;margin-bottom: 0px;height: 0px;\"><\/div>\n\t<div class=\"wpb_text_column wpb_content_element\">\n\t\t<div class=\"wpb_wrapper\">\n\t\t\t<div class=\"dm-title\">\n<h2 style=\"text-align: left;\"><strong>Escape Room for Girls Nights and Hen Parties<\/strong><\/h2>\n<\/div>\n<div class=\"row-fluid\">\n<p>Step into a world of mystery and excitement at our thrilling escape room event with <a href=\"https:\/\/henpartynight.com\/fr\/\">Soir\u00e9e d'enterrement de vie de jeune fille<\/a>! Perfect for group gatherings, team-building exercises, or celebratory occasions, our escape room challenge promises an unforgettable experience filled with camaraderie and adrenaline.\u00a0<\/p>\n<h3><strong>Don&#8217;t worry, we take care of all the details to make your hen party a success!<\/strong><\/h3>\n<p>Work together as a team to decipher enigmatic clues, solve intricate puzzles, and unlock hidden secrets within the immersive setting of our themed escape rooms.<\/p>\n<div class=\"dm-title\">\n<h2><strong>Let&#8217;s get the party started!<\/strong><\/h2>\n<\/div>\n<p>The clock is ticking, and the pressure is on as you and your group race against time to escape. Communication, critical thinking, and creativity will be put to the test, forging stronger bonds and fostering a sense of unity among participants. Each room presents a unique storyline and engaging challenges that will captivate the minds of participants, ensuring an exhilarating and unforgettable event for all.<\/p>\n<h3><strong>Escape Rooms are the Perfect Activity for your Event!<\/strong><\/h3>\n<p>Join us for an <a href=\"https:\/\/es.wikipedia.org\/wiki\/Escape_room\">escape room<\/a> adventure that will leave you on the edge of your seat and talking about the experience long after the event concludes. Step outside your comfort zone, embrace the thrill of the unknown, and celebrate the power of teamwork as you attempt to beat the clock and emerge victorious. With heart-pounding moments and triumphant breakthroughs, our escape room event is a surefire way to create lasting memories and an unbreakable sense of camaraderie among all participants. Are you up for the challenge? Gather your team and prepare for an event like no other!<\/p>\n<\/div>\n\n\t\t<\/div>\n\t<\/div><div class=\"separator  transparent\" style=\"margin-top: 39px;margin-bottom: 0px;height: 0px;\"><\/div><a  itemprop=\"url\" href=\"https:\/\/henpartynight.com\/fr\/contacter-la-soiree-denterrement-de-vie-de-jeune-fille\/\" target=\"_self\"  class=\"qbutton  medium white default\" style=\"\">Demandez votre budget sans engagement<\/a><div class=\"separator  transparent\" style=\"margin-top: 53px;margin-bottom: 0px;height: 0px;\"><\/div><\/div><\/div><\/div><div class=\"wpb_column vc_column_container vc_col-sm-6\"><div class=\"vc_column-inner\"><div class=\"wpb_wrapper\"><div class=\"separator  transparent\" style=\"margin-top: 4px;margin-bottom: 0px;height: 0px;\"><\/div>\n\t<div class=\"wpb_single_image wpb_content_element vc_align_center\">\n\t\t<div class=\"wpb_wrapper\">\n\t\t\t\n\t\t\t<div class=\"vc_single_image-wrapper   vc_box_border_grey\"><img fetchpriority=\"high\" decoding=\"async\" width=\"640\" height=\"341\" src=\"https:\/\/henpartynight.com\/wp-content\/uploads\/2023\/07\/escape-room.jpg\" class=\"vc_single_image-img attachment-full\" alt=\"escape room\" title=\"escape room\" srcset=\"https:\/\/henpartynight.com\/wp-content\/uploads\/2023\/07\/escape-room.jpg 640w, https:\/\/henpartynight.com\/wp-content\/uploads\/2023\/07\/escape-room-300x160.jpg 300w, https:\/\/henpartynight.com\/wp-content\/uploads\/2023\/07\/escape-room-600x320.jpg 600w\" sizes=\"(max-width: 640px) 100vw, 640px\" \/><\/div>\n\t\t<\/div>\n\t<\/div>\n\n\t<div class=\"wpb_single_image wpb_content_element vc_align_center\">\n\t\t<div class=\"wpb_wrapper\">\n\t\t\t\n\t\t\t<div class=\"vc_single_image-wrapper   vc_box_border_grey\"><img decoding=\"async\" width=\"150\" height=\"150\" data-src=\"https:\/\/henpartynight.com\/wp-content\/uploads\/2017\/06\/HenPartyNight-150x150.png\" class=\"vc_single_image-img attachment-thumbnail lazyload\" alt=\"\" title=\"Nuit de f\u00eate\" data-srcset=\"https:\/\/henpartynight.com\/wp-content\/uploads\/2017\/06\/HenPartyNight-150x150.png 150w, https:\/\/henpartynight.com\/wp-content\/uploads\/2017\/06\/HenPartyNight-300x300.png 300w, https:\/\/henpartynight.com\/wp-content\/uploads\/2017\/06\/HenPartyNight-100x100.png 100w, https:\/\/henpartynight.com\/wp-content\/uploads\/2017\/06\/HenPartyNight-570x570.png 570w, https:\/\/henpartynight.com\/wp-content\/uploads\/2017\/06\/HenPartyNight-500x500.png 500w\" data-sizes=\"(max-width: 150px) 100vw, 150px\" src=\"data:image\/svg+xml;base64,PHN2ZyB3aWR0aD0iMSIgaGVpZ2h0PSIxIiB4bWxucz0iaHR0cDovL3d3dy53My5vcmcvMjAwMC9zdmciPjwvc3ZnPg==\" style=\"--smush-placeholder-width: 150px; --smush-placeholder-aspect-ratio: 150\/150;\" \/><\/div>\n\t\t<\/div>\n\t<\/div>\n\n\t<div class=\"wpb_text_column wpb_content_element\">\n\t\t<div class=\"wpb_wrapper\">\n\t\t\t\n<div class=\"wpcf7 no-js\" id=\"wpcf7-f2909-o1\" lang=\"es-ES\" dir=\"ltr\" data-wpcf7-id=\"2909\">\n<div class=\"screen-reader-response\"><p role=\"status\" aria-live=\"polite\" aria-atomic=\"true\"><\/p> <ul><\/ul><\/div>\n<form action=\"\/fr\/wp-json\/wp\/v2\/pages\/10420#wpcf7-f2909-o1\" method=\"post\" class=\"wpcf7-form init\" aria-label=\"Formulario de contacto\" novalidate=\"novalidate\" data-status=\"init\" data-trp-original-action=\"\/fr\/wp-json\/wp\/v2\/pages\/10420#wpcf7-f2909-o1\">\n<fieldset class=\"hidden-fields-container\"><input type=\"hidden\" name=\"_wpcf7\" value=\"2909\" \/><input type=\"hidden\" name=\"_wpcf7_version\" value=\"6.1.5\" \/><input type=\"hidden\" name=\"_wpcf7_locale\" value=\"es_ES\" \/><input type=\"hidden\" name=\"_wpcf7_unit_tag\" value=\"wpcf7-f2909-o1\" \/><input type=\"hidden\" name=\"_wpcf7_container_post\" value=\"0\" \/><input type=\"hidden\" name=\"_wpcf7_posted_data_hash\" value=\"\" \/><input type=\"hidden\" name=\"_wpcf7_recaptcha_response\" value=\"\" \/>\n<\/fieldset>\n<label> Nom (obligatoire)\n    <span class=\"wpcf7-form-control-wrap\" data-name=\"your-name\"><input size=\"40\" maxlength=\"400\" class=\"wpcf7-form-control wpcf7-text wpcf7-validates-as-required\" aria-required=\"true\" aria-invalid=\"false\" value=\"\" type=\"text\" name=\"your-name\" \/><\/span> <\/label>\n\n<label> Votre adresse \u00e9lectronique (obligatoire)\n    <span class=\"wpcf7-form-control-wrap\" data-name=\"your-email\"><input size=\"40\" maxlength=\"400\" class=\"wpcf7-form-control wpcf7-email wpcf7-validates-as-required wpcf7-text wpcf7-validates-as-email\" aria-required=\"true\" aria-invalid=\"false\" value=\"\" type=\"email\" name=\"your-email\" \/><\/span> <\/label>\n\n<label> Votre t\u00e9l\u00e9phone + code pays (obligatoire)\n<span class=\"wpcf7-form-control-wrap\" data-name=\"telefono\"><input size=\"40\" maxlength=\"400\" class=\"wpcf7-form-control wpcf7-tel wpcf7-validates-as-required wpcf7-text wpcf7-validates-as-tel\" aria-required=\"true\" aria-invalid=\"false\" placeholder=\"Exemple-+336xxxxx\" value=\"\" type=\"tel\" name=\"telefono\" \/><\/span> <\/label>\n\n<label> SERVICE DESTINATION (obligatoire)\n   <span class=\"wpcf7-form-control-wrap\" data-name=\"City\"><select class=\"wpcf7-form-control wpcf7-select wpcf7-validates-as-required\" aria-required=\"true\" aria-invalid=\"false\" name=\"City\"><option value=\"Barcelona\">Barcelone<\/option><option value=\"Madrid\">Madrid<\/option><option value=\"Ibiza\">Ibiza<\/option><option value=\"Mallorca\">Majorque<\/option><option value=\"Marbella\">Marbella<\/option><option value=\"Valencia\">Valence<\/option><option value=\"Sitges\">Sitges<\/option><option value=\"Lloret de Mar\">Lloret de Mar<\/option><option value=\"Benidorm\">Benidorm<\/option><option value=\"Oporto\">Porto<\/option><option value=\"Albuferia\">Albuferia<\/option><option value=\"Lisbon\">Lisbonne<\/option><option value=\"Warsaw\">Varsovie<\/option><\/select><\/span> <\/label>\n\n<label> Service\n    <span class=\"wpcf7-form-control-wrap\" data-name=\"Service\"><select class=\"wpcf7-form-control wpcf7-select wpcf7-validates-as-required\" aria-required=\"true\" aria-invalid=\"false\" name=\"Service\"><option value=\"Cheeky Butler\">Majordome effront\u00e9<\/option><option value=\"Cocktail Class\">Cours sur les cocktails<\/option><option value=\"Stripper\">Stripteaseur<\/option><option value=\"Boat Party\">F\u00eate du bateau<\/option><option value=\"Dwarf\">Nain<\/option><option value=\"Limousines\">Limousines<\/option><option value=\"Life Drawing\">Dessin d'apr\u00e8s nature<\/option><option value=\"Bar Crawl\">Tourn\u00e9e des bars<\/option><option value=\"Mud Wrestling\">Lutte dans la boue<\/option><option value=\"Wedding Planning\">Planification du mariage<\/option><\/select><\/span> <\/label>\n\n<label> Message\n    <span class=\"wpcf7-form-control-wrap\" data-name=\"your-message\"><textarea cols=\"40\" rows=\"10\" maxlength=\"2000\" class=\"wpcf7-form-control wpcf7-textarea\" aria-invalid=\"false\" name=\"your-message\"><\/textarea><\/span> <\/label>\n\n<br><span><span class=\"wpcf7-form-control-wrap\" data-name=\"acceptance-279\"><span class=\"wpcf7-form-control wpcf7-acceptance\"><span class=\"wpcf7-list-item\"><input type=\"checkbox\" name=\"acceptance-279\" value=\"1\" aria-invalid=\"false\" \/><\/span><\/span><\/span> J'ai lu et j'accepte les <a target=\"_blank\" rel=\"nofollow noopener noreferrer\" href=\"https:\/\/henpartynight.com\/fr\/avisos-legales\/\">Conseiller juridique<\/a> y la <a target=\"_blank\" rel=\"nofollow noopener noreferrer\" href=\"https:\/\/henpartynight.com\/fr\/politica-de-privacidad\/\">Politique de confidentialit\u00e9<\/a>.<\/span><br><input class=\"wpcf7-form-control wpcf7-submit has-spinner\" type=\"submit\" value=\"Envoyer\" \/><div class=\"wpcf7-response-output\" aria-hidden=\"true\"><\/div>\n<input type=\"hidden\" name=\"trp-form-language\" value=\"fr\"\/><\/form>\n<\/div>\n\n\n\t\t<\/div>\n\t<\/div><\/div><\/div><\/div><\/div><\/div><\/div><div      class=\"vc_row wpb_row section vc_row-fluid  vc_custom_1455027288649 grid_section\" style=' text-align:left;'><div class=\"section_inner clearfix\"><div class='section_inner_margin clearfix'><div class=\"wpb_column vc_column_container vc_col-sm-3\"><div class=\"vc_column-inner\"><div class=\"wpb_wrapper\">\n\t<div class=\"wpb_single_image wpb_content_element vc_align_left\">\n\t\t<div class=\"wpb_wrapper\">\n\t\t\t\n\t\t\t<div class=\"vc_single_image-wrapper   vc_box_border_grey\"><img decoding=\"async\" class=\"vc_single_image-img lazyload\" data-src=\"https:\/\/henpartynight.com\/wp-content\/uploads\/2016\/02\/henparty-250x200.jpg\" width=\"250\" height=\"200\" alt=\"despedidas de soltera\" title=\"henparty\" src=\"data:image\/svg+xml;base64,PHN2ZyB3aWR0aD0iMSIgaGVpZ2h0PSIxIiB4bWxucz0iaHR0cDovL3d3dy53My5vcmcvMjAwMC9zdmciPjwvc3ZnPg==\" style=\"--smush-placeholder-width: 250px; --smush-placeholder-aspect-ratio: 250\/200;\" \/><\/div>\n\t\t<\/div>\n\t<\/div>\n<div class=\"separator  transparent\" style=\"margin-top: 40px;margin-bottom: 0px;height: 0px;\"><\/div>\n\t<div class=\"wpb_text_column wpb_content_element\">\n\t\t<div class=\"wpb_wrapper\">\n\t\t\t<h4>Enterrement de vie de jeune fille<\/h4>\n\n\t\t<\/div>\n\t<\/div><div class=\"separator  transparent\" style=\"margin-top: 23px;margin-bottom: 0px;height: 0px;\"><\/div>\n\t<div class=\"wpb_text_column wpb_content_element\">\n\t\t<div class=\"wpb_wrapper\">\n\t\t\t<p>Nous vous proposons la plus grande vari\u00e9t\u00e9 d'enterrements de vie de jeune fille originaux dans toutes les destinations (et nous nous d\u00e9veloppons continuellement), non seulement en Espagne mais aussi dans les endroits les plus branch\u00e9s d'Europe et d'Am\u00e9rique.<\/p>\n\n\t\t<\/div>\n\t<\/div><div class=\"separator  transparent\" style=\"margin-top: 28px;margin-bottom: 0px;height: 0px;\"><\/div><div class='q_list circle'><\/p>\n<ul>\n<li>Madrid<\/li>\n<li>Barcelone<\/li>\n<li>Valence<\/li>\n<li>Majorque<\/li>\n<li>Ibiza<\/li>\n<li>Plus<\/li>\n<\/ul>\n<p><\/div><div class=\"separator  transparent\" style=\"margin-top: 40px;margin-bottom: 0px;height: 0px;\"><\/div><\/div><\/div><\/div><div class=\"wpb_column vc_column_container vc_col-sm-3\"><div class=\"vc_column-inner\"><div class=\"wpb_wrapper\">\n\t<div class=\"wpb_single_image wpb_content_element vc_align_left\">\n\t\t<div class=\"wpb_wrapper\">\n\t\t\t\n\t\t\t<div class=\"vc_single_image-wrapper   vc_box_border_grey\"><img decoding=\"async\" class=\"vc_single_image-img lazyload\" data-src=\"https:\/\/henpartynight.com\/wp-content\/uploads\/2016\/02\/stagnight-250x200.jpg\" width=\"250\" height=\"200\" alt=\"despedidas de soltero\" title=\"enterrement de vie de gar\u00e7on\" src=\"data:image\/svg+xml;base64,PHN2ZyB3aWR0aD0iMSIgaGVpZ2h0PSIxIiB4bWxucz0iaHR0cDovL3d3dy53My5vcmcvMjAwMC9zdmciPjwvc3ZnPg==\" style=\"--smush-placeholder-width: 250px; --smush-placeholder-aspect-ratio: 250\/200;\" \/><\/div>\n\t\t<\/div>\n\t<\/div>\n<div class=\"separator  transparent\" style=\"margin-top: 40px;margin-bottom: 0px;height: 0px;\"><\/div>\n\t<div class=\"wpb_text_column wpb_content_element\">\n\t\t<div class=\"wpb_wrapper\">\n\t\t\t<h4>Enterrement de vie de gar\u00e7on<\/h4>\n\n\t\t<\/div>\n\t<\/div><div class=\"separator  transparent\" style=\"margin-top: 23px;margin-bottom: 0px;height: 0px;\"><\/div>\n\t<div class=\"wpb_text_column wpb_content_element\">\n\t\t<div class=\"wpb_wrapper\">\n\t\t\t<p>Nous vous proposons la plus grande vari\u00e9t\u00e9 d'enterrements de vie de gar\u00e7on originaux dans toutes les destinations (et nous nous d\u00e9veloppons continuellement), non seulement en Espagne mais aussi dans les endroits les plus chauds d'Europe et d'Am\u00e9rique.<\/p>\n\n\t\t<\/div>\n\t<\/div><div class=\"separator  transparent\" style=\"margin-top: 28px;margin-bottom: 0px;height: 0px;\"><\/div><div class='q_list circle'><\/p>\n<ul>\n<li>Madrid<\/li>\n<li>Barcelone<\/li>\n<li>Valence<\/li>\n<li>Majorque<\/li>\n<li>Ibiza<\/li>\n<li>Plus<\/li>\n<\/ul>\n<p><\/div><div class=\"separator  transparent\" style=\"margin-top: 40px;margin-bottom: 0px;height: 0px;\"><\/div><\/div><\/div><\/div><div class=\"wpb_column vc_column_container vc_col-sm-3\"><div class=\"vc_column-inner\"><div class=\"wpb_wrapper\">\n\t<div class=\"wpb_single_image wpb_content_element vc_align_left\">\n\t\t<div class=\"wpb_wrapper\">\n\t\t\t\n\t\t\t<div class=\"vc_single_image-wrapper   vc_box_border_grey\"><img decoding=\"async\" class=\"vc_single_image-img lazyload\" data-src=\"https:\/\/henpartynight.com\/wp-content\/uploads\/2016\/02\/bodas-250x200.jpg\" width=\"250\" height=\"200\" alt=\"bodas\" title=\"bodas\" src=\"data:image\/svg+xml;base64,PHN2ZyB3aWR0aD0iMSIgaGVpZ2h0PSIxIiB4bWxucz0iaHR0cDovL3d3dy53My5vcmcvMjAwMC9zdmciPjwvc3ZnPg==\" style=\"--smush-placeholder-width: 250px; --smush-placeholder-aspect-ratio: 250\/200;\" \/><\/div>\n\t\t<\/div>\n\t<\/div>\n<div class=\"separator  transparent\" style=\"margin-top: 40px;margin-bottom: 0px;height: 0px;\"><\/div>\n\t<div class=\"wpb_text_column wpb_content_element\">\n\t\t<div class=\"wpb_wrapper\">\n\t\t\t<h4>Mariage<\/h4>\n\n\t\t<\/div>\n\t<\/div><div class=\"separator  transparent\" style=\"margin-top: 23px;margin-bottom: 0px;height: 0px;\"><\/div>\n\t<div class=\"wpb_text_column wpb_content_element\">\n\t\t<div class=\"wpb_wrapper\">\n\t\t\t<p>Nous vous offrons la plus grande vari\u00e9t\u00e9 d'organisation de mariages originaux dans toutes les destinations (et que nous d\u00e9veloppons continuellement), non seulement en Espagne mais aussi dans les points les plus chauds d'Europe et d'Am\u00e9rique.<\/p>\n\n\t\t<\/div>\n\t<\/div><div class=\"separator  transparent\" style=\"margin-top: 28px;margin-bottom: 0px;height: 0px;\"><\/div><div class='q_list circle'><\/p>\n<ul>\n<li>Madrid<\/li>\n<li>Barcelone<\/li>\n<li>Valence<\/li>\n<li>Majorque<\/li>\n<li>Ibiza<\/li>\n<li>Plus<\/li>\n<\/ul>\n<p><\/div><div class=\"separator  transparent\" style=\"margin-top: 40px;margin-bottom: 0px;height: 0px;\"><\/div><\/div><\/div><\/div><div class=\"wpb_column vc_column_container vc_col-sm-3\"><div class=\"vc_column-inner\"><div class=\"wpb_wrapper\">\n\t<div class=\"wpb_single_image wpb_content_element vc_align_left\">\n\t\t<div class=\"wpb_wrapper\">\n\t\t\t\n\t\t\t<div class=\"vc_single_image-wrapper   vc_box_border_grey\"><img decoding=\"async\" class=\"vc_single_image-img lazyload\" data-src=\"https:\/\/henpartynight.com\/wp-content\/uploads\/2016\/02\/fiestasprivadas-250x200.jpg\" width=\"250\" height=\"200\" alt=\"F\u00eates\" title=\"fiestasprivadas\" src=\"data:image\/svg+xml;base64,PHN2ZyB3aWR0aD0iMSIgaGVpZ2h0PSIxIiB4bWxucz0iaHR0cDovL3d3dy53My5vcmcvMjAwMC9zdmciPjwvc3ZnPg==\" style=\"--smush-placeholder-width: 250px; --smush-placeholder-aspect-ratio: 250\/200;\" \/><\/div>\n\t\t<\/div>\n\t<\/div>\n<div class=\"separator  transparent\" style=\"margin-top: 40px;margin-bottom: 0px;height: 0px;\"><\/div>\n\t<div class=\"wpb_text_column wpb_content_element\">\n\t\t<div class=\"wpb_wrapper\">\n\t\t\t<h4>Soir\u00e9es priv\u00e9es - \u00c9v\u00e9nements<\/h4>\n\n\t\t<\/div>\n\t<\/div><div class=\"separator  transparent\" style=\"margin-top: 23px;margin-bottom: 0px;height: 0px;\"><\/div>\n\t<div class=\"wpb_text_column wpb_content_element\">\n\t\t<div class=\"wpb_wrapper\">\n\t\t\t<p>Nous vous proposons la plus grande vari\u00e9t\u00e9 de f\u00eates priv\u00e9es ou toutes sortes d'\u00e9v\u00e9nements originaux et uniques dans toutes les destinations (et que nous \u00e9largissons continuellement), non seulement en Espagne mais aussi dans les endroits les plus chauds d'Europe et d'Am\u00e9rique.<\/p>\n\n\t\t<\/div>\n\t<\/div><div class=\"separator  transparent\" style=\"margin-top: 28px;margin-bottom: 0px;height: 0px;\"><\/div><div class='q_list circle'><\/p>\n<ul>\n<li>Madrid<\/li>\n<li>Barcelone<\/li>\n<li>Valence<\/li>\n<li>Majorque<\/li>\n<li>Ibiza<\/li>\n<li>Plus<\/li>\n<\/ul>\n<p><\/div><div class=\"separator  transparent\" style=\"margin-top: 40px;margin-bottom: 0px;height: 0px;\"><\/div><\/div><\/div><\/div><\/div><\/div><\/div><div   data-q_id=\"#features\"    class=\"vc_row wpb_row section vc_row-fluid  vc_custom_1455202688560 grid_section\" style='background-color:#f5f5f5; text-align:left;'><div class=\"section_inner clearfix\"><div class='section_inner_margin clearfix'><div class=\"wpb_column vc_column_container vc_col-sm-4\"><div class=\"vc_column-inner\"><div class=\"wpb_wrapper\"><div class='q_icon_with_title tiny normal_icon'><div class=\"icon_holder\" style=\" \"><span data-icon-type=\"normal\"  data-icon-hover-color=\"#1abc9c\" style=\"font-size: 60px;\" class=\"qode_iwt_icon_holder q_font_awsome_icon fa-lg\"><i class=\"qodef-icon-linea-icon icon-basic-cloud qode_iwt_icon_element\" style=\"color: #b7b7b7;\" ><\/i><\/span><\/div><div class=\"icon_text_holder\" style=\"padding-left:70px;\"><div class=\"icon_text_inner\" style=\"\"><h4 class=\"icon_title\" style=\"\">Enterrement de vie de jeune fille<\/h4><p style=''>Nous avons l'exp\u00e9rience d'organiser des milliers et des milliers d'adieux, en donnant \u00e0 la mari\u00e9e le meilleur adieu possible, tout en \u00e9vitant la tension de trouver les meilleurs h\u00f4tels et les meilleures choses \u00e0 faire, aux meilleurs prix possibles.<\/p><\/div><\/div><\/div><\/div><\/div><\/div><div class=\"wpb_column vc_column_container vc_col-sm-4\"><div class=\"vc_column-inner\"><div class=\"wpb_wrapper\"><div class='q_icon_with_title tiny normal_icon'><div class=\"icon_holder\" style=\" \"><span data-icon-type=\"normal\"  data-icon-hover-color=\"#1abc9c\" style=\"font-size: 60px;\" class=\"qode_iwt_icon_holder q_font_awsome_icon fa-lg\"><i class=\"qodef-icon-linea-icon icon-basic-flag2 qode_iwt_icon_element\" style=\"color: #b7b7b7;\" ><\/i><\/span><\/div><div class=\"icon_text_holder\" style=\"padding-left:70px;\"><div class=\"icon_text_inner\" style=\"\"><h4 class=\"icon_title\" style=\"\">Enterrement de vie de gar\u00e7on<\/h4><p style=''>Nous avons l'exp\u00e9rience de l'organisation de milliers et de milliers d'adieux, en donnant au mari\u00e9 le meilleur adieu possible, tout cela sans la tension de trouver les meilleurs h\u00f4tels et les meilleures choses \u00e0 faire, aux meilleurs prix possibles.<\/p><\/div><\/div><\/div><\/div><\/div><\/div><div class=\"wpb_column vc_column_container vc_col-sm-4\"><div class=\"vc_column-inner\"><div class=\"wpb_wrapper\"><div class='q_icon_with_title tiny normal_icon'><div class=\"icon_holder\" style=\" \"><span data-icon-type=\"normal\"  data-icon-hover-color=\"#1abc9c\" style=\"font-size: 60px;\" class=\"qode_iwt_icon_holder q_font_awsome_icon fa-lg\"><i class=\"qodef-icon-linea-icon icon-basic-chronometer qode_iwt_icon_element\" style=\"color: #b7b7b7;\" ><\/i><\/span><\/div><div class=\"icon_text_holder\" style=\"padding-left:70px;\"><div class=\"icon_text_inner\" style=\"\"><h4 class=\"icon_title\" style=\"\">Ev\u00e9nements<\/h4><p style=''>HEN PARTY NIGHT organise et g\u00e8re tous les services pour l'organisation d'\u00e9v\u00e9nements, quels que soient vos besoins et votre budget, dans des forfaits personnalis\u00e9s. Nous avons g\u00e9r\u00e9 des centaines d'\u00e9v\u00e9nements, tant familiaux que professionnels et sociaux. Nous mettons \u00e0 votre disposition toute cette \u00e9norme exp\u00e9rience en coordonnant une \u00e9quipe d'entreprises de premier niveau qui travaillent dans un esprit de collaboration.<\/p><\/div><\/div><\/div><\/div><\/div><\/div><\/div><\/div><\/div><section   data-q_id=\"#download\"    data-speed=\"1\" class=\"parallax_section_holder lazyload\" style = \" height:px; background-image:inherit;\" data-bg-image=\"url(&#039;https:\/\/henpartynight.com\/wp-content\/uploads\/2016\/02\/parallax2.jpg&#039;)\"><div class=\"parallax_content_full_width center\" ><div class='parallax_section_inner_margin clearfix'><div class=\"wpb_column vc_column_container vc_col-sm-12\"><div class=\"vc_column-inner vc_custom_1455031145900\"><div class=\"wpb_wrapper\"><div class=\"custom_font_holder\" style=\"font-family: Raleway; font-size: 126px; line-height: 126px; font-style: normal; font-weight: 700; color: #ffffff; text-decoration: none; letter-spacing: 0px; text-align: center;\">Contact<\/div><div class=\"separator  transparent\" style=\"margin-top: 24px;margin-bottom: 0px;height: 0px;\"><\/div><div class='image_hover' style='' data-transition-delay=''><div class='images_holder'><a itemprop='url' href='https:\/\/henpartynight.com\/fr\/contacter-la-soiree-denterrement-de-vie-de-jeune-fille\/' target='_self'><img itemprop='image' class='active_image lazyload' data-src='https:\/\/henpartynight.com\/wp-content\/uploads\/2016\/02\/contacto-e1497858602971.png' alt='Main Image' src='data:image\/svg+xml;base64,PHN2ZyB3aWR0aD0iMSIgaGVpZ2h0PSIxIiB4bWxucz0iaHR0cDovL3d3dy53My5vcmcvMjAwMC9zdmciPjwvc3ZnPg==' style='--smush-placeholder-width: 451px; --smush-placeholder-aspect-ratio: 451\/200;' \/><img itemprop='image' class='hover_image lazyload' data-src='https:\/\/henpartynight.com\/wp-content\/uploads\/2016\/02\/contacto-e1497858602971.png' alt='Hover Image' src='data:image\/svg+xml;base64,PHN2ZyB3aWR0aD0iMSIgaGVpZ2h0PSIxIiB4bWxucz0iaHR0cDovL3d3dy53My5vcmcvMjAwMC9zdmciPjwvc3ZnPg==' style='--smush-placeholder-width: 451px; --smush-placeholder-aspect-ratio: 451\/200;' \/><\/a><\/div><\/div><\/div><\/div><\/div><\/div><\/div><\/section>\n<\/div>","protected":false},"excerpt":{"rendered":"Escape Room Escape Room - Celebrate your event and work to take on the challenge of puzzling together your escape from an escape room.\u00a0 We are specialists in organizing all kinds of events with more than 25 years of experience in the sector. Hens parties,...","protected":false},"author":6,"featured_media":0,"parent":0,"menu_order":0,"comment_status":"closed","ping_status":"closed","template":"full_width.php","meta":{"footnotes":""},"class_list":["post-10420","page","type-page","status-publish","hentry"],"aioseo_notices":[],"_links":{"self":[{"href":"https:\/\/henpartynight.com\/fr\/wp-json\/wp\/v2\/pages\/10420","targetHints":{"allow":["GET"]}}],"collection":[{"href":"https:\/\/henpartynight.com\/fr\/wp-json\/wp\/v2\/pages"}],"about":[{"href":"https:\/\/henpartynight.com\/fr\/wp-json\/wp\/v2\/types\/page"}],"author":[{"embeddable":true,"href":"https:\/\/henpartynight.com\/fr\/wp-json\/wp\/v2\/users\/6"}],"replies":[{"embeddable":true,"href":"https:\/\/henpartynight.com\/fr\/wp-json\/wp\/v2\/comments?post=10420"}],"version-history":[{"count":1,"href":"https:\/\/henpartynight.com\/fr\/wp-json\/wp\/v2\/pages\/10420\/revisions"}],"predecessor-version":[{"id":10422,"href":"https:\/\/henpartynight.com\/fr\/wp-json\/wp\/v2\/pages\/10420\/revisions\/10422"}],"wp:attachment":[{"href":"https:\/\/henpartynight.com\/fr\/wp-json\/wp\/v2\/media?parent=10420"}],"curies":[{"name":"wp","href":"https:\/\/api.w.org\/{rel}","templated":true}]}}